{"id":9881,"date":"2021-07-01T12:53:00","date_gmt":"2021-07-01T11:53:00","guid":{"rendered":"https:\/\/cosyowl.com\/de\/product\/unkategorisiert\/import-placeholder-for-tcdl-cess-bowl-nlgr-514"},"modified":"2026-03-03T17:25:42","modified_gmt":"2026-03-03T17:25:42","slug":"atherisches-zitronengrasol","status":"publish","type":"product","link":"https:\/\/cosyowl.com\/de\/kerzenherstellung-lieferungen\/atherische-ole\/zitronengras-atherisches-ol","title":{"rendered":"\u00c4therisches Zitronengras\u00f6l"},"content":{"rendered":"<p>Dieses anregende \u00e4therische Zitronengras\u00f6l ist reinigend und krautig mit einem prickelnden Zitrusaroma und einem zarten botanischen Unterton. Es kann einzeln oder als Teil eines ma\u00dfgeschneiderten Duftmedleys verwendet werden und passt hervorragend zu anderen \u00e4therischen \u00d6len wie: Orange Sweet und Majoran. Dieses \u00e4therische \u00d6l kann in Kerzen, Seifen und Diffusoren verwendet werden.<br \/>\nAlle unsere \u00e4therischen \u00d6le sind exklusiv f\u00fcr Cosy Owl und wurden von unseren Experten f\u00fcr \u00fcberlegenen Duft und bemerkenswerte aromatherapeutische Eigenschaften entwickelt. Unsere zu 100% konzentrierten \u00d6le sind mit allen unseren Wachsen, Seifengrundlagen und Augeo-\u00d6len kompatibel.<br \/>\n\u00c4therische \u00d6le sollten an k\u00fchlen, dunklen Orten gelagert werden, um Oxidation zu vermeiden. Der ideale Ort, um sie aufzubewahren, ist im K\u00fchlschrank. Wenn dies jedoch nicht ideal ist, stellen Sie sicher, dass sie nicht direktem Licht und hohen Temperaturen ausgesetzt sind.<br \/>\nWie viel \u00e4therisches \u00d6l soll ich hinzuf\u00fcgen?<br \/>\nAlle unsere \u00e4therischen \u00d6le sind von hoher Qualit\u00e4t und fachm\u00e4nnisch f\u00fcr erstaunliche Duft- und aromatherapeutische Eigenschaften konzipiert. Im Allgemeinen ist weniger mehr. \u00c4therische \u00d6le sollten in einer geringen Konzentration verd\u00fcnnt werden, wie z.<br \/>\n\u2022 2% zur Verd\u00fcnnung in einem Tr\u00e4ger\u00f6l<br \/>\n\u2022 3% zur Verd\u00fcnnung in Seifenbasis<br \/>\n\u2022 3% zur Verd\u00fcnnung in Kerzenwachs<br \/>\n\u2022 25% zur Verd\u00fcnnung in Augeo\u00f6l<br \/>\nAlle \u00e4therischen \u00d6le haben einen sogenannten Flammpunkt &#8211; die niedrigste Temperatur, bei der das \u00d6l zu verbrennen beginnt und sowohl die Duft- als auch die Heilungseigenschaften freigesetzt werden.<br \/>\nDer Flammpunkt von Zitronengras betr\u00e4gt&gt; 65 \u00b0 C.<\/p>\n","protected":false},"excerpt":{"rendered":"<p>Dieses anregende \u00e4therische Zitronengras\u00f6l ist reinigend und krautig mit einem prickelnden Zitrusaroma und einem zarten botanischen Unterton. Es kann einzeln oder als Teil eines ma\u00dfgeschneiderten Duftmedleys verwendet werden und passt hervorragend zu anderen \u00e4therischen \u00d6len wie: Orange Sweet und Majoran. Dieses \u00e4therische \u00d6l kann in Kerzen, Seifen und Diffusoren verwendet werden. Alle unsere \u00e4therischen \u00d6le [&hellip;]<\/p>\n","protected":false},"featured_media":9890,"comment_status":"open","ping_status":"closed","template":"","meta":{"_acf_changed":false},"product_brand":[],"product_cat":[136,138,282,330,307,312,139,319,137,363],"product_tag":[],"class_list":{"0":"post-9881","1":"product","2":"type-product","3":"status-publish","4":"has-post-thumbnail","6":"product_cat-kerzenherstellung-lieferungen-aetherische-oele","7":"product_cat-bartoelherstellung-atherische-ole","8":"product_cat-haarpflegebedarf-atherische-ole","9":"product_cat-koerperpflegebedarf-atherische-ole","10":"product_cat-reed-diffusoren-atherische-ole","11":"product_cat-lippenbalsamherstellung-atherische-ole","12":"product_cat-wachs-melts-atherische-ole","13":"product_cat-koerperpflegebedarf-duftole","14":"product_cat-seifenherstellung-atherische-ole","15":"product_cat-sale","17":"first","18":"instock","19":"sale","20":"taxable","21":"shipping-taxable","22":"purchasable","23":"product-type-variable"},"acf":[],"_links":{"self":[{"href":"https:\/\/cosyowl.com\/de\/wp-json\/wp\/v2\/product\/9881","targetHints":{"allow":["GET"]}}],"collection":[{"href":"https:\/\/cosyowl.com\/de\/wp-json\/wp\/v2\/product"}],"about":[{"href":"https:\/\/cosyowl.com\/de\/wp-json\/wp\/v2\/types\/product"}],"replies":[{"embeddable":true,"href":"https:\/\/cosyowl.com\/de\/wp-json\/wp\/v2\/comments?post=9881"}],"wp:featuredmedia":[{"embeddable":true,"href":"https:\/\/cosyowl.com\/de\/wp-json\/wp\/v2\/media\/9890"}],"wp:attachment":[{"href":"https:\/\/cosyowl.com\/de\/wp-json\/wp\/v2\/media?parent=9881"}],"wp:term":[{"taxonomy":"product_brand","embeddable":true,"href":"https:\/\/cosyowl.com\/de\/wp-json\/wp\/v2\/product_brand?post=9881"},{"taxonomy":"product_cat","embeddable":true,"href":"https:\/\/cosyowl.com\/de\/wp-json\/wp\/v2\/product_cat?post=9881"},{"taxonomy":"product_tag","embeddable":true,"href":"https:\/\/cosyowl.com\/de\/wp-json\/wp\/v2\/product_tag?post=9881"}],"curies":[{"name":"wp","href":"https:\/\/api.w.org\/{rel}","templated":true}]}}