{"id":9765,"date":"2021-09-01T12:50:00","date_gmt":"2021-09-01T11:50:00","guid":{"rendered":"https:\/\/cosyowl.com\/de\/product\/unkategorisiert\/import-placeholder-for-tcdl-cmca-bowl-lagr-495"},"modified":"2026-03-03T17:25:45","modified_gmt":"2026-03-03T17:25:45","slug":"apfelgrun-biologisch-abbaubarer-kerzenglitter","status":"publish","type":"product","link":"https:\/\/cosyowl.com\/de\/kerzenherstellung-lieferungen\/glimmerpulver-und-glitter\/apfelgrun-biologisch-abbaubarer-kerzenglitter","title":{"rendered":"Apfelgr\u00fcn biologisch abbaubarer Kerzenglitter"},"content":{"rendered":"<p>Dieser beeindruckende, apfelgr\u00fcne, biologisch abbaubare Kerzenglitter ist ein Muss f\u00fcr Ihre Wachs-Melts. Mit seinem kr\u00e4ftigen Farbton verst\u00e4rkt dieser Glitter andere Schimmer \u00e4hnlicher Farben. Dieser Glitter kann in Kosmetika, Lidschatten, Seifen, f\u00fcr Nagel-Kunst und im Kunsthandwerk verwendet werden.<\/p>\n<p>Dieses Produkt wird am besten in Wachsschmelzen, sog. Wachs-Melts verwendet. Wenn es in Kerzen benutzt wird, kann es den Docht verstopfen!<\/p>\n","protected":false},"excerpt":{"rendered":"<p>Dieser beeindruckende, apfelgr\u00fcne, biologisch abbaubare Kerzenglitter ist ein Muss f\u00fcr Ihre Wachs-Melts. Mit seinem kr\u00e4ftigen Farbton verst\u00e4rkt dieser Glitter andere Schimmer \u00e4hnlicher Farben. Dieser Glitter kann in Kosmetika, Lidschatten, Seifen, f\u00fcr Nagel-Kunst und im Kunsthandwerk verwendet werden. Dieses Produkt wird am besten in Wachsschmelzen, sog. Wachs-Melts verwendet. Wenn es in Kerzen benutzt wird, kann es [&hellip;]<\/p>\n","protected":false},"featured_media":9788,"comment_status":"open","ping_status":"closed","template":"","meta":{"_acf_changed":false},"product_brand":[],"product_cat":[134,135],"product_tag":[586],"class_list":{"0":"post-9765","1":"product","2":"type-product","3":"status-publish","4":"has-post-thumbnail","6":"product_cat-kerzenherstellung-lieferungen-glimmerpulver-und-glitter","7":"product_cat-wachs-melts-glimmerpulver-und-glitzer","8":"product_tag-black-friday","10":"first","11":"instock","12":"taxable","13":"shipping-taxable","14":"purchasable","15":"product-type-variable"},"acf":[],"_links":{"self":[{"href":"https:\/\/cosyowl.com\/de\/wp-json\/wp\/v2\/product\/9765","targetHints":{"allow":["GET"]}}],"collection":[{"href":"https:\/\/cosyowl.com\/de\/wp-json\/wp\/v2\/product"}],"about":[{"href":"https:\/\/cosyowl.com\/de\/wp-json\/wp\/v2\/types\/product"}],"replies":[{"embeddable":true,"href":"https:\/\/cosyowl.com\/de\/wp-json\/wp\/v2\/comments?post=9765"}],"wp:featuredmedia":[{"embeddable":true,"href":"https:\/\/cosyowl.com\/de\/wp-json\/wp\/v2\/media\/9788"}],"wp:attachment":[{"href":"https:\/\/cosyowl.com\/de\/wp-json\/wp\/v2\/media?parent=9765"}],"wp:term":[{"taxonomy":"product_brand","embeddable":true,"href":"https:\/\/cosyowl.com\/de\/wp-json\/wp\/v2\/product_brand?post=9765"},{"taxonomy":"product_cat","embeddable":true,"href":"https:\/\/cosyowl.com\/de\/wp-json\/wp\/v2\/product_cat?post=9765"},{"taxonomy":"product_tag","embeddable":true,"href":"https:\/\/cosyowl.com\/de\/wp-json\/wp\/v2\/product_tag?post=9765"}],"curies":[{"name":"wp","href":"https:\/\/api.w.org\/{rel}","templated":true}]}}