{"id":9762,"date":"2021-09-01T12:50:00","date_gmt":"2021-09-01T11:50:00","guid":{"rendered":"https:\/\/cosyowl.com\/de\/product\/unkategorisiert\/import-placeholder-for-tcdl-cmca-bowl-lsil-492"},"modified":"2026-03-03T17:25:45","modified_gmt":"2026-03-03T17:25:45","slug":"silber-biologisch-abbaubarer-kerzenglitter","status":"publish","type":"product","link":"https:\/\/cosyowl.com\/de\/kerzenherstellung-lieferungen\/glimmerpulver-und-glitter\/silber-biologisch-abbaubarer-kerzenglitter","title":{"rendered":"Silber biologisch abbaubarer Kerzenglitter"},"content":{"rendered":"<p>Dieser bezaubernde, silberne, biologisch abbaubare Kerzenglitter ist eine wundersch\u00f6ne Erg\u00e4nzung f\u00fcr Ihre Wachs-Melts. Dieser Glitter reflektiert und spiegelt das Licht durch das Wachs und macht es so optisch sehr ansprechend. Dieser Glitter kann in Kosmetika, Lidschatten, Seifen, f\u00fcr Nagel-Kunst und im Kunsthandwerk verwendet werden.<\/p>\n<p>Dieses Produkt wird am besten in Wachsschmelzen, sog. Wachs-Melts verwendet. Wenn es in Kerzen benutzt wird, kann es den Docht verstopfen!<\/p>\n","protected":false},"excerpt":{"rendered":"<p>Dieser bezaubernde, silberne, biologisch abbaubare Kerzenglitter ist eine wundersch\u00f6ne Erg\u00e4nzung f\u00fcr Ihre Wachs-Melts. Dieser Glitter reflektiert und spiegelt das Licht durch das Wachs und macht es so optisch sehr ansprechend. Dieser Glitter kann in Kosmetika, Lidschatten, Seifen, f\u00fcr Nagel-Kunst und im Kunsthandwerk verwendet werden. Dieses Produkt wird am besten in Wachsschmelzen, sog. Wachs-Melts verwendet. Wenn [&hellip;]<\/p>\n","protected":false},"featured_media":9776,"comment_status":"open","ping_status":"closed","template":"","meta":{"_acf_changed":false},"product_brand":[],"product_cat":[134,135,93],"product_tag":[586],"class_list":{"0":"post-9762","1":"product","2":"type-product","3":"status-publish","4":"has-post-thumbnail","6":"product_cat-kerzenherstellung-lieferungen-glimmerpulver-und-glitter","7":"product_cat-wachs-melts-glimmerpulver-und-glitzer","8":"product_cat-weihnachten","9":"product_tag-black-friday","11":"first","12":"instock","13":"taxable","14":"shipping-taxable","15":"purchasable","16":"product-type-variable"},"acf":[],"_links":{"self":[{"href":"https:\/\/cosyowl.com\/de\/wp-json\/wp\/v2\/product\/9762","targetHints":{"allow":["GET"]}}],"collection":[{"href":"https:\/\/cosyowl.com\/de\/wp-json\/wp\/v2\/product"}],"about":[{"href":"https:\/\/cosyowl.com\/de\/wp-json\/wp\/v2\/types\/product"}],"replies":[{"embeddable":true,"href":"https:\/\/cosyowl.com\/de\/wp-json\/wp\/v2\/comments?post=9762"}],"wp:featuredmedia":[{"embeddable":true,"href":"https:\/\/cosyowl.com\/de\/wp-json\/wp\/v2\/media\/9776"}],"wp:attachment":[{"href":"https:\/\/cosyowl.com\/de\/wp-json\/wp\/v2\/media?parent=9762"}],"wp:term":[{"taxonomy":"product_brand","embeddable":true,"href":"https:\/\/cosyowl.com\/de\/wp-json\/wp\/v2\/product_brand?post=9762"},{"taxonomy":"product_cat","embeddable":true,"href":"https:\/\/cosyowl.com\/de\/wp-json\/wp\/v2\/product_cat?post=9762"},{"taxonomy":"product_tag","embeddable":true,"href":"https:\/\/cosyowl.com\/de\/wp-json\/wp\/v2\/product_tag?post=9762"}],"curies":[{"name":"wp","href":"https:\/\/api.w.org\/{rel}","templated":true}]}}