{"id":9760,"date":"2021-09-01T12:50:00","date_gmt":"2021-09-01T11:50:00","guid":{"rendered":"https:\/\/cosyowl.com\/de\/product\/unkategorisiert\/import-placeholder-for-tcdl-cmca-bowl-lwab-490"},"modified":"2026-03-03T17:25:44","modified_gmt":"2026-03-03T17:25:44","slug":"weis-blau-kreisformiger-kerzenglitter","status":"publish","type":"product","link":"https:\/\/cosyowl.com\/de\/kerzenherstellung-lieferungen\/glimmerpulver-und-glitter\/weiss-und-blau-kreisformiger-kerzenglitter","title":{"rendered":"Wei\u00df &amp; Blau kreisf\u00f6rmiger Kerzenglitter"},"content":{"rendered":"<p>Diese atemberaubende Mischung aus unterschiedlichen blauen und wei\u00dfen Farbt\u00f6nen ist ein interessanter Zusatz zu Ihrem Wachs. Mit den verschiedenen Blaut\u00f6nen entsteht die Illusion von Blasen im Wachs. Dieser Kerzenglitter kann in Seifen, Nagellacken, Farben und Beschichtungen, im Kunsthandwerk, sowie f\u00fcr Grafik verwendet werden.<\/p>\n<p>Dieses Produkt wird am besten in Wachsschmelzen, sog. Wachs-Melts verwendet. Wenn es in Kerzen benutzt wird, kann es den Docht verstopfen!<\/p>\n","protected":false},"excerpt":{"rendered":"<p>Diese atemberaubende Mischung aus unterschiedlichen blauen und wei\u00dfen Farbt\u00f6nen ist ein interessanter Zusatz zu Ihrem Wachs. Mit den verschiedenen Blaut\u00f6nen entsteht die Illusion von Blasen im Wachs. Dieser Kerzenglitter kann in Seifen, Nagellacken, Farben und Beschichtungen, im Kunsthandwerk, sowie f\u00fcr Grafik verwendet werden. Dieses Produkt wird am besten in Wachsschmelzen, sog. Wachs-Melts verwendet. Wenn es [&hellip;]<\/p>\n","protected":false},"featured_media":9768,"comment_status":"open","ping_status":"closed","template":"","meta":{"_acf_changed":false},"product_brand":[],"product_cat":[134,135,93],"product_tag":[586],"class_list":{"0":"post-9760","1":"product","2":"type-product","3":"status-publish","4":"has-post-thumbnail","6":"product_cat-kerzenherstellung-lieferungen-glimmerpulver-und-glitter","7":"product_cat-wachs-melts-glimmerpulver-und-glitzer","8":"product_cat-weihnachten","9":"product_tag-black-friday","11":"first","12":"instock","13":"taxable","14":"shipping-taxable","15":"purchasable","16":"product-type-variable"},"acf":[],"_links":{"self":[{"href":"https:\/\/cosyowl.com\/de\/wp-json\/wp\/v2\/product\/9760","targetHints":{"allow":["GET"]}}],"collection":[{"href":"https:\/\/cosyowl.com\/de\/wp-json\/wp\/v2\/product"}],"about":[{"href":"https:\/\/cosyowl.com\/de\/wp-json\/wp\/v2\/types\/product"}],"replies":[{"embeddable":true,"href":"https:\/\/cosyowl.com\/de\/wp-json\/wp\/v2\/comments?post=9760"}],"wp:featuredmedia":[{"embeddable":true,"href":"https:\/\/cosyowl.com\/de\/wp-json\/wp\/v2\/media\/9768"}],"wp:attachment":[{"href":"https:\/\/cosyowl.com\/de\/wp-json\/wp\/v2\/media?parent=9760"}],"wp:term":[{"taxonomy":"product_brand","embeddable":true,"href":"https:\/\/cosyowl.com\/de\/wp-json\/wp\/v2\/product_brand?post=9760"},{"taxonomy":"product_cat","embeddable":true,"href":"https:\/\/cosyowl.com\/de\/wp-json\/wp\/v2\/product_cat?post=9760"},{"taxonomy":"product_tag","embeddable":true,"href":"https:\/\/cosyowl.com\/de\/wp-json\/wp\/v2\/product_tag?post=9760"}],"curies":[{"name":"wp","href":"https:\/\/api.w.org\/{rel}","templated":true}]}}