{"id":9729,"date":"2021-09-01T12:50:00","date_gmt":"2021-09-01T11:50:00","guid":{"rendered":"https:\/\/cosyowl.com\/de\/product\/unkategorisiert\/import-placeholder-for-tcdl-cmca-bowl-lhrt-489"},"modified":"2026-03-03T17:25:42","modified_gmt":"2026-03-03T17:25:42","slug":"herzformiger-kerzenglitter","status":"publish","type":"product","link":"https:\/\/cosyowl.com\/de\/kerzenherstellung-lieferungen\/glimmerpulver-und-glitter\/herzformiger-kerzenglitter\/fr\/kerzenherstellung\/glitzer\/herzkerzenglitter","title":{"rendered":"Herzf\u00f6rmiger Kerzenglitter"},"content":{"rendered":"<p>Dieser unwiderstehliche, goldene, herzf\u00f6rmige Kerzenglitter ist eine gro\u00dfartige M\u00f6glichkeit, Ihrem Wachs etwas Besonderes zu verleihen. Die Herzen sind goldfarben bis sie stark angestrahlt werden, woraufhin sie reflektieren und in vielen Farben wie z. B. in Rot-, Gr\u00fcn- und Blaut\u00f6nen und in wei\u00dfen Schattierungen leuchten. Dieser Glitter kann in Seifen, Nagellacken, Farben und Beschichtungen, im Kunsthandwerk, sowie f\u00fcr Grafik verwendet werden.<\/p>\n<p>Dieses Produkt wird am besten in Wachsschmelzen, sog. Wachs-Melts verwendet. Wenn es in Kerzen benutzt wird, kann es den Docht verstopfen!<\/p>\n","protected":false},"excerpt":{"rendered":"<p>Dieser unwiderstehliche, goldene, herzf\u00f6rmige Kerzenglitter ist eine gro\u00dfartige M\u00f6glichkeit, Ihrem Wachs etwas Besonderes zu verleihen. Die Herzen sind goldfarben bis sie stark angestrahlt werden, woraufhin sie reflektieren und in vielen Farben wie z. B. in Rot-, Gr\u00fcn- und Blaut\u00f6nen und in wei\u00dfen Schattierungen leuchten. Dieser Glitter kann in Seifen, Nagellacken, Farben und Beschichtungen, im Kunsthandwerk, [&hellip;]<\/p>\n","protected":false},"featured_media":9757,"comment_status":"open","ping_status":"closed","template":"","meta":{"_acf_changed":false},"product_brand":[],"product_cat":[134,135,93],"product_tag":[586],"class_list":{"0":"post-9729","1":"product","2":"type-product","3":"status-publish","4":"has-post-thumbnail","6":"product_cat-kerzenherstellung-lieferungen-glimmerpulver-und-glitter","7":"product_cat-wachs-melts-glimmerpulver-und-glitzer","8":"product_cat-weihnachten","9":"product_tag-black-friday","11":"first","12":"instock","13":"taxable","14":"shipping-taxable","15":"purchasable","16":"product-type-variable"},"acf":[],"_links":{"self":[{"href":"https:\/\/cosyowl.com\/de\/wp-json\/wp\/v2\/product\/9729","targetHints":{"allow":["GET"]}}],"collection":[{"href":"https:\/\/cosyowl.com\/de\/wp-json\/wp\/v2\/product"}],"about":[{"href":"https:\/\/cosyowl.com\/de\/wp-json\/wp\/v2\/types\/product"}],"replies":[{"embeddable":true,"href":"https:\/\/cosyowl.com\/de\/wp-json\/wp\/v2\/comments?post=9729"}],"wp:featuredmedia":[{"embeddable":true,"href":"https:\/\/cosyowl.com\/de\/wp-json\/wp\/v2\/media\/9757"}],"wp:attachment":[{"href":"https:\/\/cosyowl.com\/de\/wp-json\/wp\/v2\/media?parent=9729"}],"wp:term":[{"taxonomy":"product_brand","embeddable":true,"href":"https:\/\/cosyowl.com\/de\/wp-json\/wp\/v2\/product_brand?post=9729"},{"taxonomy":"product_cat","embeddable":true,"href":"https:\/\/cosyowl.com\/de\/wp-json\/wp\/v2\/product_cat?post=9729"},{"taxonomy":"product_tag","embeddable":true,"href":"https:\/\/cosyowl.com\/de\/wp-json\/wp\/v2\/product_tag?post=9729"}],"curies":[{"name":"wp","href":"https:\/\/api.w.org\/{rel}","templated":true}]}}