{"id":9686,"date":"2021-09-01T12:50:00","date_gmt":"2021-09-01T11:50:00","guid":{"rendered":"https:\/\/cosyowl.com\/de\/product\/unkategorisiert\/import-placeholder-for-tcdl-cmca-bowl-lrpr-476"},"modified":"2026-03-03T17:25:42","modified_gmt":"2026-03-03T17:25:42","slug":"perlrot-glimmerpulver","status":"publish","type":"product","link":"https:\/\/cosyowl.com\/de\/kerzenherstellung-lieferungen\/glimmerpulver-und-glitter\/perlrot-glimmerpulver","title":{"rendered":"Perlrot Glimmerpulver"},"content":{"rendered":"<p class=\"p3\" style=\"margin: 0cm;margin-bottom: .0001pt\"><span class=\"s2\"><span style=\"font-size: 13.0pt;color: #454545\">Dieses perlmuttartige Zinnoberrot ist satt, dunkel und reichhaltig. Es ist zugleich leicht und zart, sowie aufregend und bezaubernd. Perfekt abgestimmt auf einen anderen schimmernden Farbton bietet dieses Glimmerpulver unendlich viele kreative M\u00f6glichkeiten. Dieses Glimmerpulver kann in Kosmetika, K\u00f6rperpflegeprodukten, Seifen, Nagellacken, Farben und Beschichtungen, im Kunsthandwerk, sowie f\u00fcr Grafik verwendet werden. Dieses Glimmerpulver hat folgende Inhaltsstoffe: Glimmer und Eisenoxid.<\/span><\/span><\/p>\n<p>Dieses Produkt wird am besten in Wachsschmelzen, sog. Wachs-Melts verwendet. Wenn es in Kerzen benutzt wird, kann es den Docht verstopfen!<\/p>\n","protected":false},"excerpt":{"rendered":"<p>Dieses perlmuttartige Zinnoberrot ist satt, dunkel und reichhaltig. Es ist zugleich leicht und zart, sowie aufregend und bezaubernd. Perfekt abgestimmt auf einen anderen schimmernden Farbton bietet dieses Glimmerpulver unendlich viele kreative M\u00f6glichkeiten. Dieses Glimmerpulver kann in Kosmetika, K\u00f6rperpflegeprodukten, Seifen, Nagellacken, Farben und Beschichtungen, im Kunsthandwerk, sowie f\u00fcr Grafik verwendet werden. Dieses Glimmerpulver hat folgende Inhaltsstoffe: [&hellip;]<\/p>\n","protected":false},"featured_media":9697,"comment_status":"open","ping_status":"closed","template":"","meta":{"_acf_changed":false},"product_brand":[],"product_cat":[480,134,278,135,313],"product_tag":[586],"class_list":{"0":"post-9686","1":"product","2":"type-product","3":"status-publish","4":"has-post-thumbnail","6":"product_cat-valentinstag","7":"product_cat-kerzenherstellung-lieferungen-glimmerpulver-und-glitter","8":"product_cat-seifenherstellung-glimmerpulver-glitter","9":"product_cat-wachs-melts-glimmerpulver-und-glitzer","10":"product_cat-lippenbalsamherstellung-farbtone","11":"product_tag-black-friday","13":"first","14":"instock","15":"taxable","16":"shipping-taxable","17":"purchasable","18":"product-type-variable"},"acf":[],"_links":{"self":[{"href":"https:\/\/cosyowl.com\/de\/wp-json\/wp\/v2\/product\/9686","targetHints":{"allow":["GET"]}}],"collection":[{"href":"https:\/\/cosyowl.com\/de\/wp-json\/wp\/v2\/product"}],"about":[{"href":"https:\/\/cosyowl.com\/de\/wp-json\/wp\/v2\/types\/product"}],"replies":[{"embeddable":true,"href":"https:\/\/cosyowl.com\/de\/wp-json\/wp\/v2\/comments?post=9686"}],"wp:featuredmedia":[{"embeddable":true,"href":"https:\/\/cosyowl.com\/de\/wp-json\/wp\/v2\/media\/9697"}],"wp:attachment":[{"href":"https:\/\/cosyowl.com\/de\/wp-json\/wp\/v2\/media?parent=9686"}],"wp:term":[{"taxonomy":"product_brand","embeddable":true,"href":"https:\/\/cosyowl.com\/de\/wp-json\/wp\/v2\/product_brand?post=9686"},{"taxonomy":"product_cat","embeddable":true,"href":"https:\/\/cosyowl.com\/de\/wp-json\/wp\/v2\/product_cat?post=9686"},{"taxonomy":"product_tag","embeddable":true,"href":"https:\/\/cosyowl.com\/de\/wp-json\/wp\/v2\/product_tag?post=9686"}],"curies":[{"name":"wp","href":"https:\/\/api.w.org\/{rel}","templated":true}]}}