{"id":9669,"date":"2021-09-01T12:50:00","date_gmt":"2021-09-01T11:50:00","guid":{"rendered":"https:\/\/cosyowl.com\/de\/product\/unkategorisiert\/base-de-shampoing-solide-melt-pour-de-stephenson-11-5kg"},"modified":"2026-03-03T17:25:14","modified_gmt":"2026-03-03T17:25:14","slug":"stephenson-schmelz-guss-feste-shampoo-seifenbase-115kg","status":"publish","type":"product","link":"https:\/\/cosyowl.com\/de\/seife-selber-machen\/schmelz-und-guss-seife\/stephenson-schmelz-und-guss-feste-shampoo-seifenbase-11-5kg","title":{"rendered":"Stephenson Schmelz &amp; Guss feste Shampoo Seifenbase &#8211; 11,5kg"},"content":{"rendered":"<p>Dies ist unsere Schmelz und Guss-Seifenbase pflanzlicher Herkunft, die frei von den Tensiden Natriumlaurylsulfat und Natriumlaurethsulfat ist. Diese Seifenbase enth\u00e4lt beruhigende Aloe Vera und andere Pflegezus\u00e4tze. Sie wird zur Herstellung von undurchsichtigen festen Shampoo-Seifenst\u00fccken verwendet.<\/p>\n<p><strong>Produkteigenschaften<\/strong><\/p>\n<ul>\n<li>Hergestellt mit beruhigender Aloe Vera<\/li>\n<li>Enth\u00e4lt kein Natriumlaurylsulfat<\/li>\n<li>Auf Pflanzenbasis<\/li>\n<li>Enth\u00e4lt Pflegezus\u00e4tze<\/li>\n<li>Ausgezeichneter Schaum und gute feuchtigkeitsspendende Eigenschaften aufgrund des sehr hohen Glyceringehalts, was ein angenehmes Hautgef\u00fchl verleiht<\/li>\n<li>Neutraler Geruch sorgt f\u00fcr eine hervorragende Duftentfaltung<\/li>\n<li>Geeignet zum Schneiden oder Formen<\/li>\n<\/ul>\n<p><strong>Inhaltsstoffe<\/strong><\/p>\n<p>Aqua, Glycerin, Propylenglykol, Pflegezusatz Polyquaternimum-7, Pulver aus dem Saft des Aloe Vera Blatts, Natriumstearat, Natriumlaurat<\/p>\n<p><strong>So stellen Sie Ihr Seifenst\u00fcck her:<\/strong><\/p>\n<p>1. \u00d6ffnen Sie einfach die Verpackung und schneiden Sie die Seifenbase vorsichtig in kleinere W\u00fcrfel. Dadurch kann die Seife leichter verarbeitet und geschmolzen werden.<\/p>\n<p>2. Erw\u00e4rmen Sie die Seifenbase allm\u00e4hlich in einem Wasserbad und vergewissern Sie sich, dass die Seife gleichm\u00e4\u00dfig schmilzt und nicht kocht und anbrennt. Wenn Sie in einer Mikrowelle schmelzen, seien Sie bitte vorsichtig und achten Sie darauf, dass die Seife nicht \u00fcber den Beh\u00e4lter brodelt. Es wird die niedrigste Leistungsstufe (nicht Auftauen) empfohlen.<\/p>\n<p>3. Mischen Sie alle \u00e4therischen \u00d6le, Duftstoffe, Farben, Pflanzenstoffe und\/oder Zusatzstoffe unter, um das gew\u00fcnschte Aroma und die gew\u00fcnschte Farbe zu erzielen. F\u00fcgen Sie diese einfach zur geschmolzenen Seifenbase hinzu und mischen Sie alles vorsichtig, damit der dazugef\u00fcgte Duft gleichm\u00e4\u00dfig in der Seifenbase verteilt ist.<\/p>\n<p>4. Gie\u00dfen Sie Ihre Seifenbase rasch in Ihre Seifenform. Kleine Blasen, die sich eventuell beim Aush\u00e4rten auf der Oberfl\u00e4che der Seife bilden, k\u00f6nnen mit Alkohol zum Einreiben gegl\u00e4ttet werden. W\u00e4hrend die Seife noch formbar ist, k\u00f6nnen Sie, je nach Wunsch, getrocknete Pflanzenstoffe auf die Oberfl\u00e4che geben und sie vorsichtig oben in die Seife dr\u00fccken.<\/p>\n<p>5. Sobald Ihre Seifen formstabil und vollst\u00e4ndig ausgeh\u00e4rtet sind, nehmen Sie sie einfach aus den Formen. Wir empfehlen, Ihre Seifenst\u00fccke immer sofort nach dem L\u00f6sen aus den Formen einzuwickeln, um die Seifen zu sch\u00fctzen und zu konservieren.<\/p>\n<p><strong>F\u00fcr weitere Informationen zur Verwendung dieser Seifenbase<a href=\"https:\/\/vimeo.com\/90103793\" target=\"_blank\" rel=\"noopener\"> klicken Sie bitte auf diesen Link.<\/a><\/strong><\/p>\n<p><strong>Hinweis:<\/strong> Cosy Owl wird in K\u00fcrze die \u00e4therischen \u00d6le, den Farbstoff, die Pigment-, Fl\u00fcssig- und Pulverfarbstoffe sowie Alkohol zum Einreiben bereitstellen. Bitte beachten Sie unbedingt, dass Sie unsere Bekro-Farbstoffe nicht in Seife verwenden k\u00f6nnen.<\/p>\n<p>Au\u00dferdem variiert der maximale Prozentsatz von \u00d6l zu Seife mit jedem Duft\u00f6l. Deshalb empfehlen wir allen Kunden, die IFRA-STANDARDS KONFORMIT\u00c4TSBESCHEINIGUNG einzusehen. Um diese Information zu erhalten, machen Sie Folgendes:<\/p>\n<p>W\u00e4hlen Sie aus unseren Angeboten das Duft\u00f6l aus, das Sie kaufen m\u00f6chten.<\/p>\n<p>W\u00e4hlen Sie die Registerkarte &#8222;Datenbl\u00e4tter&#8220; und klicken Sie auf den Link &#8222;Alle Duftdatenbl\u00e4tter anzeigen&#8220;.<\/p>\n<p>Suchen Sie den Namen des Duft\u00f6ls, das Sie verwenden m\u00f6chten, und klicken Sie darauf.<\/p>\n<p>Klicken Sie auf den IFRA-Link und scrollen Sie dann im Dokument nach unten zur IFRA-Klasse 9A. Der maximale Prozentsatz, der verwendet werden kann (alle Prozents\u00e4tze kleiner als diese Zahl sind in Ordnung), wird in der zweiten Spalte angegeben.<\/p>\n","protected":false},"excerpt":{"rendered":"<p>Dies ist unsere Schmelz und Guss-Seifenbase pflanzlicher Herkunft, die frei von den Tensiden Natriumlaurylsulfat und Natriumlaurethsulfat ist. Diese Seifenbase enth\u00e4lt beruhigende Aloe Vera und andere Pflegezus\u00e4tze. Sie wird zur Herstellung von undurchsichtigen festen Shampoo-Seifenst\u00fccken verwendet. Produkteigenschaften Hergestellt mit beruhigender Aloe Vera Enth\u00e4lt kein Natriumlaurylsulfat Auf Pflanzenbasis Enth\u00e4lt Pflegezus\u00e4tze Ausgezeichneter Schaum und gute feuchtigkeitsspendende Eigenschaften aufgrund [&hellip;]<\/p>\n","protected":false},"featured_media":20276,"comment_status":"open","ping_status":"closed","template":"","meta":{"_acf_changed":false},"product_brand":[],"product_cat":[363,131],"product_tag":[],"class_list":{"0":"post-9669","1":"product","2":"type-product","3":"status-publish","4":"has-post-thumbnail","6":"product_cat-sale","7":"product_cat-seifenherstellung-schmelz-und-guss-seife","9":"first","10":"outofstock","11":"taxable","12":"shipping-taxable","13":"purchasable","14":"product-type-simple"},"acf":[],"_links":{"self":[{"href":"https:\/\/cosyowl.com\/de\/wp-json\/wp\/v2\/product\/9669","targetHints":{"allow":["GET"]}}],"collection":[{"href":"https:\/\/cosyowl.com\/de\/wp-json\/wp\/v2\/product"}],"about":[{"href":"https:\/\/cosyowl.com\/de\/wp-json\/wp\/v2\/types\/product"}],"replies":[{"embeddable":true,"href":"https:\/\/cosyowl.com\/de\/wp-json\/wp\/v2\/comments?post=9669"}],"wp:featuredmedia":[{"embeddable":true,"href":"https:\/\/cosyowl.com\/de\/wp-json\/wp\/v2\/media\/20276"}],"wp:attachment":[{"href":"https:\/\/cosyowl.com\/de\/wp-json\/wp\/v2\/media?parent=9669"}],"wp:term":[{"taxonomy":"product_brand","embeddable":true,"href":"https:\/\/cosyowl.com\/de\/wp-json\/wp\/v2\/product_brand?post=9669"},{"taxonomy":"product_cat","embeddable":true,"href":"https:\/\/cosyowl.com\/de\/wp-json\/wp\/v2\/product_cat?post=9669"},{"taxonomy":"product_tag","embeddable":true,"href":"https:\/\/cosyowl.com\/de\/wp-json\/wp\/v2\/product_tag?post=9669"}],"curies":[{"name":"wp","href":"https:\/\/api.w.org\/{rel}","templated":true}]}}