{"id":9639,"date":"2021-09-01T12:50:00","date_gmt":"2021-09-01T11:50:00","guid":{"rendered":"https:\/\/cosyowl.com\/de\/product\/unkategorisiert\/import-placeholder-for-marbles-473"},"modified":"2026-03-03T17:25:15","modified_gmt":"2026-03-03T17:25:15","slug":"14mm-klarglas-marmorkugeln-fur-diffusorflaschen","status":"publish","type":"product","link":"https:\/\/cosyowl.com\/de\/reed-diffusoren\/klarglas-marmorkugeln-fur-diffusorflaschen","title":{"rendered":"14mm Klarglas-Marmorkugeln f\u00fcr Diffusorflaschen"},"content":{"rendered":"<p>Verleihen Sie Ihren Diffusorflaschen etwas Besonderes mit diesen dekorativen Klarglaskugeln. Sie sind aus Recyclingglas hergestellt und k\u00f6nnen ganz einfach oben durch den Hals in eine Diffusorflasche hineingegeben werden. Sie k\u00f6nnen immer wieder verwendet werden. F\u00fcgen Sie so viele oder wenige wie n\u00f6tig hinzu, um den von Ihnen gew\u00fcnschten Effekt zu erzielen. Die Glaskugeln haben einen Durchmesser von 14mm.<\/p>\n<p>Wir verkaufen sie in Packungen zu 50, 100 und 500 St\u00fcck.<\/p>\n<p>Bitte beachten Sie, dass dieses Produkt nur die Klarglas-Marmorkugeln umfasst &#8211; Diffusorflaschen sind separat erh\u00e4ltlich und nur zur Veranschaulichung im Bild gezeigt.<\/p>\n","protected":false},"excerpt":{"rendered":"<p>Verleihen Sie Ihren Diffusorflaschen etwas Besonderes mit diesen dekorativen Klarglaskugeln. Sie sind aus Recyclingglas hergestellt und k\u00f6nnen ganz einfach oben durch den Hals in eine Diffusorflasche hineingegeben werden. Sie k\u00f6nnen immer wieder verwendet werden. F\u00fcgen Sie so viele oder wenige wie n\u00f6tig hinzu, um den von Ihnen gew\u00fcnschten Effekt zu erzielen. Die Glaskugeln haben einen [&hellip;]<\/p>\n","protected":false},"featured_media":9678,"comment_status":"open","ping_status":"closed","template":"","meta":{"_acf_changed":false},"product_brand":[],"product_cat":[308],"product_tag":[],"class_list":{"0":"post-9639","1":"product","2":"type-product","3":"status-publish","4":"has-post-thumbnail","6":"product_cat-reed-diffusoren-diffusorflasche","8":"first","9":"instock","10":"taxable","11":"shipping-taxable","12":"purchasable","13":"product-type-variable"},"acf":[],"_links":{"self":[{"href":"https:\/\/cosyowl.com\/de\/wp-json\/wp\/v2\/product\/9639","targetHints":{"allow":["GET"]}}],"collection":[{"href":"https:\/\/cosyowl.com\/de\/wp-json\/wp\/v2\/product"}],"about":[{"href":"https:\/\/cosyowl.com\/de\/wp-json\/wp\/v2\/types\/product"}],"replies":[{"embeddable":true,"href":"https:\/\/cosyowl.com\/de\/wp-json\/wp\/v2\/comments?post=9639"}],"wp:featuredmedia":[{"embeddable":true,"href":"https:\/\/cosyowl.com\/de\/wp-json\/wp\/v2\/media\/9678"}],"wp:attachment":[{"href":"https:\/\/cosyowl.com\/de\/wp-json\/wp\/v2\/media?parent=9639"}],"wp:term":[{"taxonomy":"product_brand","embeddable":true,"href":"https:\/\/cosyowl.com\/de\/wp-json\/wp\/v2\/product_brand?post=9639"},{"taxonomy":"product_cat","embeddable":true,"href":"https:\/\/cosyowl.com\/de\/wp-json\/wp\/v2\/product_cat?post=9639"},{"taxonomy":"product_tag","embeddable":true,"href":"https:\/\/cosyowl.com\/de\/wp-json\/wp\/v2\/product_tag?post=9639"}],"curies":[{"name":"wp","href":"https:\/\/api.w.org\/{rel}","templated":true}]}}