{"id":9632,"date":"2021-09-01T12:49:00","date_gmt":"2021-09-01T11:49:00","guid":{"rendered":"https:\/\/cosyowl.com\/de\/product\/unkategorisiert\/base-de-savon-biologique-certifie-stephenson-melt-pour-1kg"},"modified":"2026-03-03T17:25:12","modified_gmt":"2026-03-03T17:25:12","slug":"stephenson-schmelz-guss-zertifizierte-bio-seifenbase-1kg","status":"publish","type":"product","link":"https:\/\/cosyowl.com\/de\/seife-selber-machen\/seife-schmelzen-und-giessen\/stephenson-schmelz-und-guss-zertifizierte-bio-seifenbase-1kg","title":{"rendered":"Stephenson Schmelz &amp; Guss zertifizierte Bio-Seifenbase &#8211; 1kg"},"content":{"rendered":"<p>Dies ist eine undurchsichtige, extrudierte Seifenbase pflanzlicher Herkunft. F\u00fcgen Sie einfach Ihre ausgew\u00e4hlten D\u00fcfte, Farben und Wirkstoffe hinzu, um ein hervorragendes fertiges Seifenst\u00fcck zu erzielen. Diese Seifenbase wird mit speziellen, von der USDA NOP oder COSMOS und RSPO zertifizierten Bio-\u00d6len hergestellt und erf\u00fcllt auch die Anforderungen des RSPO-Lieferkettenschemas.<\/p>\n<p><strong>Produkteigenschaften<\/strong><\/p>\n<ul>\n<li>Feuchtigkeitsspendende Eigenschaften und glattes Hautgef\u00fchl durch hohen Glyceringehalt<\/li>\n<li>Hervorragende Reinigungseigenschaften mit reichhaltigem und cremigem Schaum<\/li>\n<li>Au\u00dfergew\u00f6hnliche Verarbeitungseigenschaften<\/li>\n<li>Diese Seifenst\u00fccke sind aufgrund ihrer hohen Widerstandsf\u00e4higkeit weniger anf\u00e4llig gegen\u00fcber Besch\u00e4digung.<\/li>\n<li>RSPO-zertifiziert &#8211; Zur Herstellung von RSPO-zertifizierten Seifenst\u00fccken (wenn der Seifen-Hersteller \u00fcber die entsprechende Zertifizierung verf\u00fcgt) und unter Verwendung von Bio-\u00d6len hergestellt, die eine Zertifizierung durch USDA NOP oder COSMOS erm\u00f6glichen<\/li>\n<\/ul>\n<p><strong>Inhaltsstoffe<\/strong><\/p>\n<p>Natriumpalmat, Natriumcocoat, Aqua, Glycerin, Natriumcitrat<\/p>\n<p><strong>Zertifizierungsstatus:<\/strong><\/p>\n<p>USDA NOP-Zertifizierung \u2013 85,8% kontrolliert biologische Inhaltsstoffe<\/p>\n<p>COSMOS-Zertifizierung \u2013 74,92% kontrolliert biologische CPAI, 77,82% CPAI<\/p>\n<p><strong>So stellen Sie Ihr Seifenst\u00fcck her:<\/strong><\/p>\n<p>1. \u00d6ffnen Sie einfach die Verpackung und schneiden Sie die Seifenbase vorsichtig in kleinere W\u00fcrfel. Dadurch kann die Seife leichter verarbeitet und geschmolzen werden.<\/p>\n<p>2. Erw\u00e4rmen Sie die Seifenbase allm\u00e4hlich in einem Wasserbad und vergewissern Sie sich, dass die Seife gleichm\u00e4\u00dfig schmilzt und nicht kocht und anbrennt. Wenn Sie in einer Mikrowelle schmelzen, seien Sie bitte vorsichtig und achten Sie darauf, dass die Seife nicht \u00fcber den Beh\u00e4lter brodelt. Es wird die niedrigste Leistungsstufe (nicht Auftauen) empfohlen.<\/p>\n<p>3. Mischen Sie alle \u00e4therischen \u00d6le, Duftstoffe, Farben, Pflanzenstoffe und\/oder Zusatzstoffe unter, um das gew\u00fcnschte Aroma und die gew\u00fcnschte Farbe zu erzielen. F\u00fcgen Sie diese einfach zur geschmolzenen Seifenbase hinzu und mischen Sie alles vorsichtig, damit der dazugef\u00fcgte Duft gleichm\u00e4\u00dfig in der Seifenbase verteilt ist.<\/p>\n<p>4. Gie\u00dfen Sie Ihre Seifenbase rasch in Ihre Seifenform. Kleine Blasen, die sich eventuell beim Aush\u00e4rten auf der Oberfl\u00e4che der Seife bilden, k\u00f6nnen mit Alkohol zum Einreiben gegl\u00e4ttet werden. W\u00e4hrend die Seife noch formbar ist, k\u00f6nnen Sie, je nach Wunsch, getrocknete Pflanzenstoffe auf die Oberfl\u00e4che geben und sie vorsichtig oben in die Seife dr\u00fccken.<\/p>\n<p>5. Sobald Ihre Seifen formstabil und vollst\u00e4ndig ausgeh\u00e4rtet sind, nehmen Sie sie einfach aus den Formen. Wir empfehlen, Ihre Seifenst\u00fccke immer sofort nach dem L\u00f6sen aus den Formen einzuwickeln, um die Seifen zu sch\u00fctzen und zu konservieren.<\/p>\n<p><strong> F\u00fcr weitere Informationen zur Verwendung dieser Seifenbase<a href=\"https:\/\/vimeo.com\/90103793\" target=\"_blank\" rel=\"noopener\"> klicken Sie bitte auf diesen Link.<\/a><\/strong><\/p>\n<p><strong>Hinweis: <\/strong> Cosy Owl wird in K\u00fcrze die \u00e4therischen \u00d6le, den Farbstoff, die Pigment-, Fl\u00fcssig- und Pulverfarbstoffe sowie Alkohol zum Einreiben bereitstellen. Bitte beachten Sie unbedingt, dass Sie unsere Bekro-Farbstoffe nicht in Seife verwenden k\u00f6nnen.<\/p>\n<p>Au\u00dferdem variiert der maximale Prozentsatz von \u00d6l zu Seife mit jedem Duft\u00f6l. Deshalb empfehlen wir allen Kunden, die IFRA-STANDARDS KONFORMIT\u00c4TSBESCHEINIGUNG einzusehen. Um diese Information zu erhalten, machen Sie Folgendes:<\/p>\n<p>W\u00e4hlen Sie aus unseren Angeboten das Duft\u00f6l aus, das Sie kaufen m\u00f6chten.<\/p>\n<p>W\u00e4hlen Sie die Registerkarte &#8222;Datenbl\u00e4tter&#8220; und klicken Sie auf den Link &#8222;Alle Duftdatenbl\u00e4tter anzeigen&#8220;.<\/p>\n<p>Suchen Sie den Namen des Duft\u00f6ls, das Sie verwenden m\u00f6chten, und klicken Sie darauf.<\/p>\n<p>Klicken Sie auf den IFRA-Link und scrollen Sie dann im Dokument nach unten zur IFRA-Klasse 9A. Der maximale Prozentsatz, der verwendet werden kann (alle Prozents\u00e4tze kleiner als diese Zahl sind in Ordnung), wird in der zweiten Spalte angegeben.<\/p>\n<p>F\u00fcr weitere Informationen, oder um diese Anleitung auszudrucken, sehen Sie bitte auf der nachfolgenden Webseite nach.<\/p>\n","protected":false},"excerpt":{"rendered":"<p>Dies ist eine undurchsichtige, extrudierte Seifenbase pflanzlicher Herkunft. F\u00fcgen Sie einfach Ihre ausgew\u00e4hlten D\u00fcfte, Farben und Wirkstoffe hinzu, um ein hervorragendes fertiges Seifenst\u00fcck zu erzielen. Diese Seifenbase wird mit speziellen, von der USDA NOP oder COSMOS und RSPO zertifizierten Bio-\u00d6len hergestellt und erf\u00fcllt auch die Anforderungen des RSPO-Lieferkettenschemas. Produkteigenschaften Feuchtigkeitsspendende Eigenschaften und glattes Hautgef\u00fchl durch [&hellip;]<\/p>\n","protected":false},"featured_media":20264,"comment_status":"open","ping_status":"closed","template":"","meta":{"_acf_changed":false},"product_brand":[],"product_cat":[131],"product_tag":[],"class_list":{"0":"post-9632","1":"product","2":"type-product","3":"status-publish","4":"has-post-thumbnail","6":"product_cat-seifenherstellung-schmelz-und-guss-seife","8":"first","9":"outofstock","10":"taxable","11":"shipping-taxable","12":"purchasable","13":"product-type-simple"},"acf":[],"_links":{"self":[{"href":"https:\/\/cosyowl.com\/de\/wp-json\/wp\/v2\/product\/9632","targetHints":{"allow":["GET"]}}],"collection":[{"href":"https:\/\/cosyowl.com\/de\/wp-json\/wp\/v2\/product"}],"about":[{"href":"https:\/\/cosyowl.com\/de\/wp-json\/wp\/v2\/types\/product"}],"replies":[{"embeddable":true,"href":"https:\/\/cosyowl.com\/de\/wp-json\/wp\/v2\/comments?post=9632"}],"wp:featuredmedia":[{"embeddable":true,"href":"https:\/\/cosyowl.com\/de\/wp-json\/wp\/v2\/media\/20264"}],"wp:attachment":[{"href":"https:\/\/cosyowl.com\/de\/wp-json\/wp\/v2\/media?parent=9632"}],"wp:term":[{"taxonomy":"product_brand","embeddable":true,"href":"https:\/\/cosyowl.com\/de\/wp-json\/wp\/v2\/product_brand?post=9632"},{"taxonomy":"product_cat","embeddable":true,"href":"https:\/\/cosyowl.com\/de\/wp-json\/wp\/v2\/product_cat?post=9632"},{"taxonomy":"product_tag","embeddable":true,"href":"https:\/\/cosyowl.com\/de\/wp-json\/wp\/v2\/product_tag?post=9632"}],"curies":[{"name":"wp","href":"https:\/\/api.w.org\/{rel}","templated":true}]}}