{"id":9630,"date":"2021-09-01T12:49:00","date_gmt":"2021-09-01T11:49:00","guid":{"rendered":"https:\/\/cosyowl.com\/de\/product\/unkategorisiert\/pot-de-fusion-de-cire-chaudiere-a-double-paroi"},"modified":"2026-03-03T17:25:12","modified_gmt":"2026-03-03T17:25:12","slug":"wachsschmelztiegel-doppelwandiger-kessel","status":"publish","type":"product","link":"https:\/\/cosyowl.com\/de\/kerzenherstellung-lieferungen\/extras-fuer-die-kerzenherstellung\/wachsschmelztiegel-doppelwaendiger-kessel","title":{"rendered":"Wachsschmelztiegel &#8211; doppelwandiger Kessel"},"content":{"rendered":"<p>Dieser Doppelkessel wird zum Schmelzen von Wachs und Seife verschiedener Arten und Mengen verwendet. Er besteht aus hochwertigem Edelstahl und verf\u00fcgt \u00fcber einen Hitzeschutzgriff aus Kunststoff, um die W\u00e4rme\u00fcbertragung beim Halten zu stoppen. Dieser Wachskessel verf\u00fcgt auch \u00fcber eine interne Messskala, um die Genauigkeit beim Bef\u00fcllen zu gew\u00e4hrleisten. Dieser Mehrzweck-Doppelkessel ist auch lebensmittelecht und der perfekte Beh\u00e4lter f\u00fcr Hobbyk\u00f6che, die eine Welt aus milchigen Desserts und cremigen Saucen kreieren m\u00f6chten.<\/p>\n<p>H\u00f6he &#8211; 135 mm<\/p>\n<p>Durchmesser &#8211; 150 mm<\/p>\n<p>Konstruktion &#8211; Edelstahl<\/p>\n<p>Kapazit\u00e4t &#8211; 1,5 Liter<\/p>\n<p>Garantie &#8211; 1 Jahr<\/p>\n<p>Hersteller &#8211; Cosy Owl<\/p>\n<p><strong> Wichtiger Hinweis: <\/strong> WASSER NICHT K\u00dcHLEN &#8211; NUR WARM.<\/p>\n","protected":false},"excerpt":{"rendered":"<p>Dieser Doppelkessel wird zum Schmelzen von Wachs und Seife verschiedener Arten und Mengen verwendet. Er besteht aus hochwertigem Edelstahl und verf\u00fcgt \u00fcber einen Hitzeschutzgriff aus Kunststoff, um die W\u00e4rme\u00fcbertragung beim Halten zu stoppen. Dieser Wachskessel verf\u00fcgt auch \u00fcber eine interne Messskala, um die Genauigkeit beim Bef\u00fcllen zu gew\u00e4hrleisten. Dieser Mehrzweck-Doppelkessel ist auch lebensmittelecht und der [&hellip;]<\/p>\n","protected":false},"featured_media":11090,"comment_status":"open","ping_status":"closed","template":"","meta":{"_acf_changed":false},"product_brand":[],"product_cat":[326,327,316,324,325,127],"product_tag":[],"class_list":{"0":"post-9630","1":"product","2":"type-product","3":"status-publish","4":"has-post-thumbnail","6":"product_cat-haarpflegebedarf-ausrustung","7":"product_cat-koerperpflegebedarf-ausrustung","8":"product_cat-wachs-melts-ausrustung","9":"product_cat-seifenherstellung-ausrustung","10":"product_cat-lippenbalsamherstellung-ausrustung","11":"product_cat-extras","13":"first","14":"outofstock","15":"taxable","16":"shipping-taxable","17":"purchasable","18":"product-type-simple"},"acf":[],"_links":{"self":[{"href":"https:\/\/cosyowl.com\/de\/wp-json\/wp\/v2\/product\/9630","targetHints":{"allow":["GET"]}}],"collection":[{"href":"https:\/\/cosyowl.com\/de\/wp-json\/wp\/v2\/product"}],"about":[{"href":"https:\/\/cosyowl.com\/de\/wp-json\/wp\/v2\/types\/product"}],"replies":[{"embeddable":true,"href":"https:\/\/cosyowl.com\/de\/wp-json\/wp\/v2\/comments?post=9630"}],"wp:featuredmedia":[{"embeddable":true,"href":"https:\/\/cosyowl.com\/de\/wp-json\/wp\/v2\/media\/11090"}],"wp:attachment":[{"href":"https:\/\/cosyowl.com\/de\/wp-json\/wp\/v2\/media?parent=9630"}],"wp:term":[{"taxonomy":"product_brand","embeddable":true,"href":"https:\/\/cosyowl.com\/de\/wp-json\/wp\/v2\/product_brand?post=9630"},{"taxonomy":"product_cat","embeddable":true,"href":"https:\/\/cosyowl.com\/de\/wp-json\/wp\/v2\/product_cat?post=9630"},{"taxonomy":"product_tag","embeddable":true,"href":"https:\/\/cosyowl.com\/de\/wp-json\/wp\/v2\/product_tag?post=9630"}],"curies":[{"name":"wp","href":"https:\/\/api.w.org\/{rel}","templated":true}]}}