{"id":9613,"date":"2021-09-01T12:48:00","date_gmt":"2021-09-01T11:48:00","guid":{"rendered":"https:\/\/cosyowl.com\/de\/product\/unkategorisiert\/segment-deli-pots-and-lids-mould"},"modified":"2026-03-03T17:25:13","modified_gmt":"2026-03-03T17:25:13","slug":"segmentierte-delikatessen-topfe-mit-deckeln-giesform","status":"publish","type":"product","link":"https:\/\/cosyowl.com\/de\/materialien-fur-das-handwerk\/wachs-melts\/formen-fur-wachs-melts\/segmentierte-delikatessen-topfe-mit-deckeln-giessform","title":{"rendered":"Wachsschmelzsegment Feinkostt\u00f6pfe und Deckelform &#8211; Kein Deckel"},"content":{"rendered":"<p>(Bitte beachten Sie, dass der Deckel nicht im Lieferumfang enthalten ist, da er nicht vorr\u00e4tig ist.)<\/p>\n<p>Diese Form ist ideal f\u00fcr die Herstellung von Wursttopfsegmenten, die leicht in 6 einzelne Schmelzen zerlegt werden k\u00f6nnen.<\/p>\n<p>Kein Deckel<\/p>\n<p>Diese Form ist vollst\u00e4ndig recycelbar.<\/p>\n","protected":false},"excerpt":{"rendered":"<p>(Bitte beachten Sie, dass der Deckel nicht im Lieferumfang enthalten ist, da er nicht vorr\u00e4tig ist.) Diese Form ist ideal f\u00fcr die Herstellung von Wursttopfsegmenten, die leicht in 6 einzelne Schmelzen zerlegt werden k\u00f6nnen. Kein Deckel Diese Form ist vollst\u00e4ndig recycelbar.<\/p>\n","protected":false},"featured_media":22797,"comment_status":"open","ping_status":"closed","template":"","meta":{"_acf_changed":false},"product_brand":[],"product_cat":[97,129],"product_tag":[],"class_list":{"0":"post-9613","1":"product","2":"type-product","3":"status-publish","4":"has-post-thumbnail","6":"product_cat-kerzenbehalter-andere-behalter","7":"product_cat-wachs-melts-formen","9":"first","10":"outofstock","11":"taxable","12":"shipping-taxable","13":"purchasable","14":"product-type-variable"},"acf":[],"_links":{"self":[{"href":"https:\/\/cosyowl.com\/de\/wp-json\/wp\/v2\/product\/9613","targetHints":{"allow":["GET"]}}],"collection":[{"href":"https:\/\/cosyowl.com\/de\/wp-json\/wp\/v2\/product"}],"about":[{"href":"https:\/\/cosyowl.com\/de\/wp-json\/wp\/v2\/types\/product"}],"replies":[{"embeddable":true,"href":"https:\/\/cosyowl.com\/de\/wp-json\/wp\/v2\/comments?post=9613"}],"wp:featuredmedia":[{"embeddable":true,"href":"https:\/\/cosyowl.com\/de\/wp-json\/wp\/v2\/media\/22797"}],"wp:attachment":[{"href":"https:\/\/cosyowl.com\/de\/wp-json\/wp\/v2\/media?parent=9613"}],"wp:term":[{"taxonomy":"product_brand","embeddable":true,"href":"https:\/\/cosyowl.com\/de\/wp-json\/wp\/v2\/product_brand?post=9613"},{"taxonomy":"product_cat","embeddable":true,"href":"https:\/\/cosyowl.com\/de\/wp-json\/wp\/v2\/product_cat?post=9613"},{"taxonomy":"product_tag","embeddable":true,"href":"https:\/\/cosyowl.com\/de\/wp-json\/wp\/v2\/product_tag?post=9613"}],"curies":[{"name":"wp","href":"https:\/\/api.w.org\/{rel}","templated":true}]}}