{"id":9603,"date":"2021-09-01T12:48:00","date_gmt":"2021-09-01T11:48:00","guid":{"rendered":"https:\/\/cosyowl.com\/de\/product\/unkategorisiert\/cruche-de-coulee-de-cire-1-5-litre"},"modified":"2026-03-03T17:25:12","modified_gmt":"2026-03-03T17:25:12","slug":"wachs-giesen-krug-1-5-liter","status":"publish","type":"product","link":"https:\/\/cosyowl.com\/de\/kerzenherstellung-lieferungen\/extras-fuer-die-kerzenherstellung\/krug-zum-wachsgiessen-1-5-liter","title":{"rendered":"Wachs Gie\u00dfen Krug (1.5 Liter)"},"content":{"rendered":"<p>Dies ist ein sehr n\u00fctzlicher 1,5-Liter-Wachsausgie\u00dfkrug aus Edelstahl mit einem hochwertigen, geschwei\u00dften Stahlgriff, der sowohl von Hobbykerzenherstellern als auch von Profis verwendet wird. Die Gie\u00dfkanne ist unkompliziert und schnell zu reinigen. Sie ist unverzichtbar, wenn Sie effizienter und mit Sicherheit weniger chaotisch bei der Herstellung von Kerzen arbeiten m\u00f6chten. Sein gro\u00dfer Griff fasst sich relativ k\u00fchl an und erleichtert das Halten und Gie\u00dfen. Sie k\u00f6nnen geschmolzenes Wachs aus einer Pfanne in die Gie\u00dfkanne geben oder alternativ Wasser in einer Pfanne erhitzen und die Kanne mit Ihrem ungeschmolzenen Wachs in die Pfanne stellen &#8211; halten Sie die W\u00e4rme des Wassers (muss nicht kochen), wodurch das Wachs im Krug schmilzt.<\/p>\n<p>Nicht in der Sp\u00fclmaschine oder mit anderen Pfannen, T\u00f6pfen usw. reinigen.<\/p>\n<p>Der Krug ist 15,5 cm hoch und hat einen Durchmesser \/ eine Breite einschlie\u00dflich eines Griffs von 16,5 cm oben und 12 cm unten.<\/p>\n","protected":false},"excerpt":{"rendered":"<p>Dies ist ein sehr n\u00fctzlicher 1,5-Liter-Wachsausgie\u00dfkrug aus Edelstahl mit einem hochwertigen, geschwei\u00dften Stahlgriff, der sowohl von Hobbykerzenherstellern als auch von Profis verwendet wird. Die Gie\u00dfkanne ist unkompliziert und schnell zu reinigen. Sie ist unverzichtbar, wenn Sie effizienter und mit Sicherheit weniger chaotisch bei der Herstellung von Kerzen arbeiten m\u00f6chten. Sein gro\u00dfer Griff fasst sich relativ [&hellip;]<\/p>\n","protected":false},"featured_media":11087,"comment_status":"open","ping_status":"closed","template":"","meta":{"_acf_changed":false},"product_brand":[],"product_cat":[326,327,316,377,324,325,127],"product_tag":[],"class_list":{"0":"post-9603","1":"product","2":"type-product","3":"status-publish","4":"has-post-thumbnail","6":"product_cat-haarpflegebedarf-ausrustung","7":"product_cat-koerperpflegebedarf-ausrustung","8":"product_cat-wachs-melts-ausrustung","9":"product_cat-ausruestung","10":"product_cat-seifenherstellung-ausrustung","11":"product_cat-lippenbalsamherstellung-ausrustung","12":"product_cat-extras","14":"first","15":"outofstock","16":"taxable","17":"shipping-taxable","18":"purchasable","19":"product-type-simple"},"acf":[],"_links":{"self":[{"href":"https:\/\/cosyowl.com\/de\/wp-json\/wp\/v2\/product\/9603","targetHints":{"allow":["GET"]}}],"collection":[{"href":"https:\/\/cosyowl.com\/de\/wp-json\/wp\/v2\/product"}],"about":[{"href":"https:\/\/cosyowl.com\/de\/wp-json\/wp\/v2\/types\/product"}],"replies":[{"embeddable":true,"href":"https:\/\/cosyowl.com\/de\/wp-json\/wp\/v2\/comments?post=9603"}],"wp:featuredmedia":[{"embeddable":true,"href":"https:\/\/cosyowl.com\/de\/wp-json\/wp\/v2\/media\/11087"}],"wp:attachment":[{"href":"https:\/\/cosyowl.com\/de\/wp-json\/wp\/v2\/media?parent=9603"}],"wp:term":[{"taxonomy":"product_brand","embeddable":true,"href":"https:\/\/cosyowl.com\/de\/wp-json\/wp\/v2\/product_brand?post=9603"},{"taxonomy":"product_cat","embeddable":true,"href":"https:\/\/cosyowl.com\/de\/wp-json\/wp\/v2\/product_cat?post=9603"},{"taxonomy":"product_tag","embeddable":true,"href":"https:\/\/cosyowl.com\/de\/wp-json\/wp\/v2\/product_tag?post=9603"}],"curies":[{"name":"wp","href":"https:\/\/api.w.org\/{rel}","templated":true}]}}