{"id":9581,"date":"2021-09-01T12:48:00","date_gmt":"2021-09-01T11:48:00","guid":{"rendered":"https:\/\/cosyowl.com\/de\/product\/unkategorisiert\/import-placeholder-for-tcdl-ccon-bowl-chcl-447"},"modified":"2026-03-03T17:25:12","modified_gmt":"2026-03-03T17:25:12","slug":"herz-klappschale-giesform","status":"publish","type":"product","link":"https:\/\/cosyowl.com\/de\/materialien-fur-das-handwerk\/wachs-melts\/formen-fur-wachs-melts\/herz-klappschale-giessform","title":{"rendered":"Herz Klappschale Gie\u00dfform"},"content":{"rendered":"<p>Diese Gie\u00dfform ist ideal f\u00fcr die Herstellung eines Blocks von entz\u00fcckenden Wachsherzen, der einfach in 6 einzelne Wachs-Melts auseinandergebrochen werden kann. Bitte beachten Sie, dass die Gie\u00dfform nicht mit Wachs geliefert wird.<\/p>\n<p>Vorschl\u00e4ge zur Herstellung Ihrer Herz Klappschalen<\/p>\n<ul>\n<li>Schmelzen Sie das Wachs und lassen Sie es auf 55\u00b0C abk\u00fchlen, bevor Sie es vorsichtig in die Formen gie\u00dfen (wenn Sie es bei einer h\u00f6heren Temperatur in die Formen gie\u00dfen, k\u00f6nnen diese besch\u00e4digt und undicht werden). Verwenden Sie immer eine flache, hitzebest\u00e4ndige Oberfl\u00e4che (wie die meisten Arbeitsfl\u00e4chen in K\u00fcchen).<\/li>\n<li>F\u00fcr einfarbige Herzen gie\u00dfen Sie einfach Ihr Wachs bis zur maximalen F\u00fcllstufe in die Form.<\/li>\n<li>Wenn Sie Farben kombinieren wollen, gie\u00dfen Sie zun\u00e4chst eine kleine Menge des Wachses, das Sie auf der Oberseite des Herzens haben wollen, in die Vertiefung und lassen Sie es leicht fest werden. F\u00fcgen Sie dann nach Bedarf weitere Farben hinzu (wir empfehlen nicht mehr als drei Farben pro Herz).<\/li>\n<li>Lassen Sie das Wachs abk\u00fchlen, und vergewissern Sie sich, dass es sich verfestigt, bevor Sie den Deckel schlie\u00dfen. Lassen Sie das Wachs ruhen, bis es ausgeh\u00e4rtet ist.<\/li>\n<li>Die meisten unserer Kunden bevorzugen eine Wachsmischung f\u00fcr S\u00e4ulenkerzen, da diese Art von Wachs h\u00e4rter ist und es erm\u00f6glicht, die ausgeh\u00e4rteten Herzen leicht aus der Form zu entfernen.<\/li>\n<\/ul>\n<p>Denken Sie daran, dass die besten Liebesherzen diejenigen sind, die diesen perfekten Duft enthalten, um das alles entscheidende zarte Aroma zu erzeugen. Eine Auswahl an vorgeschlagenen D\u00fcften finden Sie in unserer Rubrik <strong>&#8218;Liebe Duft\u00f6le&#8216;<\/strong> , einschlie\u00dflich beliebter Aromen wie &#8218;Midnight Passion&#8216; und &#8218;Franz\u00f6sischer Lavendel&#8216;.<\/p>\n<p>Diese Form ist vollst\u00e4ndig recycelbar.<\/p>\n","protected":false},"excerpt":{"rendered":"<p>Diese Gie\u00dfform ist ideal f\u00fcr die Herstellung eines Blocks von entz\u00fcckenden Wachsherzen, der einfach in 6 einzelne Wachs-Melts auseinandergebrochen werden kann. Bitte beachten Sie, dass die Gie\u00dfform nicht mit Wachs geliefert wird. Vorschl\u00e4ge zur Herstellung Ihrer Herz Klappschalen Schmelzen Sie das Wachs und lassen Sie es auf 55\u00b0C abk\u00fchlen, bevor Sie es vorsichtig in die [&hellip;]<\/p>\n","protected":false},"featured_media":9604,"comment_status":"open","ping_status":"closed","template":"","meta":{"_acf_changed":false},"product_brand":[],"product_cat":[97,480,129,363],"product_tag":[],"class_list":{"0":"post-9581","1":"product","2":"type-product","3":"status-publish","4":"has-post-thumbnail","6":"product_cat-kerzenbehalter-andere-behalter","7":"product_cat-valentinstag","8":"product_cat-wachs-melts-formen","9":"product_cat-sale","11":"first","12":"outofstock","13":"taxable","14":"shipping-taxable","15":"purchasable","16":"product-type-variable"},"acf":[],"_links":{"self":[{"href":"https:\/\/cosyowl.com\/de\/wp-json\/wp\/v2\/product\/9581","targetHints":{"allow":["GET"]}}],"collection":[{"href":"https:\/\/cosyowl.com\/de\/wp-json\/wp\/v2\/product"}],"about":[{"href":"https:\/\/cosyowl.com\/de\/wp-json\/wp\/v2\/types\/product"}],"replies":[{"embeddable":true,"href":"https:\/\/cosyowl.com\/de\/wp-json\/wp\/v2\/comments?post=9581"}],"wp:featuredmedia":[{"embeddable":true,"href":"https:\/\/cosyowl.com\/de\/wp-json\/wp\/v2\/media\/9604"}],"wp:attachment":[{"href":"https:\/\/cosyowl.com\/de\/wp-json\/wp\/v2\/media?parent=9581"}],"wp:term":[{"taxonomy":"product_brand","embeddable":true,"href":"https:\/\/cosyowl.com\/de\/wp-json\/wp\/v2\/product_brand?post=9581"},{"taxonomy":"product_cat","embeddable":true,"href":"https:\/\/cosyowl.com\/de\/wp-json\/wp\/v2\/product_cat?post=9581"},{"taxonomy":"product_tag","embeddable":true,"href":"https:\/\/cosyowl.com\/de\/wp-json\/wp\/v2\/product_tag?post=9581"}],"curies":[{"name":"wp","href":"https:\/\/api.w.org\/{rel}","templated":true}]}}