{"id":9513,"date":"2021-09-01T12:48:00","date_gmt":"2021-09-01T11:48:00","guid":{"rendered":"https:\/\/cosyowl.com\/de\/product\/unkategorisiert\/import-placeholder-for-tcdl-cfra-bowl-nsub-437"},"modified":"2026-03-03T17:26:36","modified_gmt":"2026-03-03T17:26:36","slug":"cosy-owl-premium-gezuckerte-beeren-duftol","status":"publish","type":"product","link":"https:\/\/cosyowl.com\/de\/duftole\/gezuckerte-beeren-duftol","title":{"rendered":"Cosy Owl Premium Gezuckerte Beeren Duft\u00f6l"},"content":{"rendered":"<div id=\"tabcontentcontainer\">\n<div id=\"sc1\" class=\"tabcontent\">\n<div>\n<div id=\"productDescription_1\" class=\"productGeneral biggerText\">\n<p>Ein \u00fcppiger, s\u00fc\u00dfer, weiblicher Duft mit fruchtigen Noten von\u00a0<strong>Erdbeere, Zitronenschale und Pflaume<\/strong>, gefolgt von\u00a0<strong>schwarzer Himbeere und kristallisiertem Zucker<\/strong>\u00a0in der Herznote sowie\u00a0<strong>Buttercreme Vanille, Tonkabohne und cremige Ambra\u00a0<\/strong>Basisnoten. Unser Duft\u00f6l ist eine komplexe Mischung aus leichten und luftigen Aromen und f\u00e4ngt die k\u00f6stlich s\u00fc\u00dfe Anziehungskraft des Originals ein. Dieser Duft hat so viel zu bieten, sehen Sie, welche zus\u00e4tzlichen Noten Sie erkennen k\u00f6nnen, und genie\u00dfen Sie einen Duft, bei dem es immer mehr zu entdecken gibt.<\/p>\n<p>Als einer der Cosy Owl Premium-D\u00fcfte sind wir zuversichtlich, dass er allem, was derzeit auf dem Markt f\u00fcr Kerzenherstellungsbedarf erh\u00e4ltlich ist, um L\u00e4ngen \u00fcberlegen ist. Wir haben monatelang mit Branchenexperten zusammengearbeitet, um eine neue Reihe von D\u00fcften mit gr\u00f6\u00dferer St\u00e4rke, Tiefe, Rundheit und Duftwirkung zu entwickeln. Wir haben die hochwertigsten und teuersten Zutaten, komplexere Mischungen von Zutaten und eine viel konzentriertere Mischung verwendet, was alles bedeutet, dass diese D\u00fcfte viel st\u00e4rker und runder sind.<\/p>\n<p>Das Beste ist jedoch, dass diese, obwohl sie anfangs teurer sind, Ihnen im Vergleich zu Standardd\u00fcften Geld sparen k\u00f6nnen, da Sie weniger verwenden m\u00fcssen, um die gleiche St\u00e4rke zu erhalten &#8211; was auch zu qualitativ besseren Endprodukten f\u00fchrt.&lt; \/p&gt;<\/p>\n<p>Dieses Duft\u00f6l enth\u00e4lt kein Palm\u00f6l<\/p>\n<p>Alle Duft\u00f6le haben einen sogenannten Flammpunkt \u2013 die Temperatur, bei der das \u00d6l zu verbrennen beginnt und der Duft freigesetzt wird.<\/p>\n<p>Der\u00a0<strong>Flammpunkt f\u00fcr Sugared Berry liegt bei 93\u00b0C<\/strong>, f\u00fcr weitere Informationen \u00fcber Flammpunkte folgen Sie diesem Link\u00a0<a href=\"https:\/\/www.cosyowl.com\/guides\/how-to%20-use-parf%C3%BCm%C3%B6le\/\">https:\/\/www.cosyowl.com\/guides\/how-to-use-fragrance-oils\/<\/a><\/p>\n<p>Weitere Informationen zu unserer neuen Cosy Owl Premium-Reihe, warum und warum dies hervorragende D\u00fcfte sind und welche Vorteile ihre Verwendung hat, finden Sie unter\u00a0<a href=\"https:\/\/www.cosyowl.com\/guides\/new-cosy%20-owl-premium-candle-fragrances\/\" target=\"_blank\" rel=\"noopener\">siehe unseren Artikel<\/a>.<\/p>\n<p><strong>Verwenden Sie diesen Duft in einem Schilfdiffusor?<\/strong><\/p>\n<p><em>Dieses Duft\u00f6l wird derzeit neu formuliert; Wir werden Sie informieren, wenn es wieder bereit ist, in Diffusoren verwendet zu werden.<\/em><\/p>\n<p><strong>Verwenden Sie diesen Duft in einer Seife?<\/strong><\/p>\n<p>Alle unsere Duftstoffe sind auch speziell f\u00fcr die Arbeit in festen Seifen formuliert, siehe Sicherheitsdatenblatt f\u00fcr Informationen \u00fcber den maximalen Prozentsatz jedes Duftstoffs, der in Seifenherstellungsanwendungen verwendet werden kann.<\/p>\n<p>Bitte beachten Sie vor dem Kauf auch unsere CLP-Informationsmitteilung zur Verwendung von Duft\u00f6len in Kerzen. Diese Informationen beziehen sich auf die chemische Zusammensetzung des \u00d6ls zusammen mit Warnhinweisen bez\u00fcglich m\u00f6glicher allergischer Reaktionen.<\/p>\n<p><strong>Grausamkeitsfrei<\/strong><\/p>\n<p>Die ethische Beschaffung von Produkten ist f\u00fcr uns von gr\u00f6\u00dfter Bedeutung und wir sind sehr stolz darauf, sagen zu k\u00f6nnen, dass alle von Cozy Owl gelieferten Duft\u00f6le und ihre Rohstoffe frei von Tierversuchen sind und absolut keine Tests an Tieren oder Menschen stattfinden. Wir verstehen jedoch, dass es zu Verwirrung kommen kann, da die Sicherheitsdatenbl\u00e4tter (SDS) Toxizit\u00e4tswerte f\u00fcr Ratten und Kaninchen enthalten. Dieser spezielle Abschnitt bezieht sich auf die LD50 (Toxizit\u00e4t) bestimmter Inhaltsstoffe, die f\u00fcr andere Industrien (z. B. zur Verwendung in Lebensmitteln) erforderlich sind, und es ist zwingend erforderlich, dass wir diese angeben, sofern vorhanden. Alle Tierversuchsdaten basieren auf Tests, die nicht von uns oder unseren Lieferanten durchgef\u00fchrt oder genehmigt wurden, in einigen F\u00e4llen wurden diese Tests von einer Regierungsbeh\u00f6rde angeordnet oder vor Jahrzehnten durchgef\u00fchrt, und es wurden kategorisch keine Tests f\u00fcr die Verwendung dieser Inhaltsstoffe in Produkten durchgef\u00fchrt wir liefern.<\/p>\n<p><strong>Wir raten allen Kunden, D\u00fcfte mit unseren 10-ml-Testflaschen zu testen, bevor Sie in gr\u00f6\u00dferen Mengen oder Mengen bestellen, falls Sie mit einem Duft\u00f6l unzufrieden sein k\u00f6nnten. Bitte beachten Sie unsere\u00a0<a href=\"https:\/\/www.cosyowl.com\/index.php?main_page=shippinginfo\">Liefer- &amp; R\u00fcckgaben<\/a>\u00a0Seite f\u00fcr die vollst\u00e4ndigen Gesch\u00e4ftsbedingungen.<\/strong><\/p>\n<\/div>\n<\/div>\n<\/div>\n<\/div>\n","protected":false},"excerpt":{"rendered":"<p>Ein \u00fcppiger, s\u00fc\u00dfer, weiblicher Duft mit fruchtigen Noten von\u00a0Erdbeere, Zitronenschale und Pflaume, gefolgt von\u00a0schwarzer Himbeere und kristallisiertem Zucker\u00a0in der Herznote sowie\u00a0Buttercreme Vanille, Tonkabohne und cremige Ambra\u00a0Basisnoten. Unser Duft\u00f6l ist eine komplexe Mischung aus leichten und luftigen Aromen und f\u00e4ngt die k\u00f6stlich s\u00fc\u00dfe Anziehungskraft des Originals ein. Dieser Duft hat so viel zu bieten, sehen Sie, [&hellip;]<\/p>\n","protected":false},"featured_media":9537,"comment_status":"open","ping_status":"closed","template":"","meta":{"_acf_changed":false},"product_brand":[],"product_cat":[99,480,104,106,283,319,107,108,130,111,121],"product_tag":[586],"class_list":{"0":"post-9513","1":"product","2":"type-product","3":"status-publish","4":"has-post-thumbnail","6":"product_cat-duftoele-alle-duftoele","7":"product_cat-valentinstag","8":"product_cat-seifenherstellung-duftole","9":"product_cat-bartoelherstellung-duftoele","10":"product_cat-haarpflegebedarf-duftole","11":"product_cat-koerperpflegebedarf-duftole","12":"product_cat-wachs-melts-duftole","13":"product_cat-duftoele-frucht","14":"product_cat-duftoele-premium","15":"product_cat-duftoele-suess","16":"product_cat-duftoele-vanilla","17":"product_tag-black-friday","19":"first","20":"instock","21":"taxable","22":"shipping-taxable","23":"purchasable","24":"product-type-variable"},"acf":[],"_links":{"self":[{"href":"https:\/\/cosyowl.com\/de\/wp-json\/wp\/v2\/product\/9513","targetHints":{"allow":["GET"]}}],"collection":[{"href":"https:\/\/cosyowl.com\/de\/wp-json\/wp\/v2\/product"}],"about":[{"href":"https:\/\/cosyowl.com\/de\/wp-json\/wp\/v2\/types\/product"}],"replies":[{"embeddable":true,"href":"https:\/\/cosyowl.com\/de\/wp-json\/wp\/v2\/comments?post=9513"}],"wp:featuredmedia":[{"embeddable":true,"href":"https:\/\/cosyowl.com\/de\/wp-json\/wp\/v2\/media\/9537"}],"wp:attachment":[{"href":"https:\/\/cosyowl.com\/de\/wp-json\/wp\/v2\/media?parent=9513"}],"wp:term":[{"taxonomy":"product_brand","embeddable":true,"href":"https:\/\/cosyowl.com\/de\/wp-json\/wp\/v2\/product_brand?post=9513"},{"taxonomy":"product_cat","embeddable":true,"href":"https:\/\/cosyowl.com\/de\/wp-json\/wp\/v2\/product_cat?post=9513"},{"taxonomy":"product_tag","embeddable":true,"href":"https:\/\/cosyowl.com\/de\/wp-json\/wp\/v2\/product_tag?post=9513"}],"curies":[{"name":"wp","href":"https:\/\/api.w.org\/{rel}","templated":true}]}}