{"id":9504,"date":"2021-09-01T12:48:00","date_gmt":"2021-09-01T11:48:00","guid":{"rendered":"https:\/\/cosyowl.com\/de\/product\/unkategorisiert\/points-de-colle-3"},"modified":"2026-03-03T17:25:05","modified_gmt":"2026-03-03T17:25:05","slug":"klebepunkte-100","status":"publish","type":"product","link":"https:\/\/cosyowl.com\/de\/kerzenherstellung-lieferungen\/extras-fur-die-kerzenherstellung\/klebepunkte-100-er-packung-20-mm","title":{"rendered":"Klebepunkte (100 Artikel)"},"content":{"rendered":"<p>Die doppelseitigen <strong>Klebepunkte<\/strong> f\u00fcr die Kerzenherstellung werden verwendet, um den Docht effektiv am Boden Ihres Kerzenbeh\u00e4lters zu befestigen. Sie sind f\u00fcr Temperaturen \u00fcber 70\u00b0C ausgelegt. Zur Verwendung kleben Sie einfach an der Unterseite des Dochtes, platzieren Sie ihn in der Mitte des Beh\u00e4lters und dr\u00fccken Sie ihn fest nach unten, um den Docht zu fixieren. Dies verhindert die sehr l\u00e4stige Bewegung des Dochtes beim Einf\u00fcllen des Kerzenwachses in den Beh\u00e4lter. Bitte beachten Sie, dass dieses Produkt in Funktion und Verwendung in keiner Weise von den manchmal als Klebestreifen bezeichneten Funktionen abweicht.<\/p>\n<p>Ungef\u00e4hr 100 Klebestellen.<\/p>\n","protected":false},"excerpt":{"rendered":"<p>Die doppelseitigen Klebepunkte f\u00fcr die Kerzenherstellung werden verwendet, um den Docht effektiv am Boden Ihres Kerzenbeh\u00e4lters zu befestigen. Sie sind f\u00fcr Temperaturen \u00fcber 70\u00b0C ausgelegt. Zur Verwendung kleben Sie einfach an der Unterseite des Dochtes, platzieren Sie ihn in der Mitte des Beh\u00e4lters und dr\u00fccken Sie ihn fest nach unten, um den Docht zu fixieren. [&hellip;]<\/p>\n","protected":false},"featured_media":11086,"comment_status":"open","ping_status":"closed","template":"","meta":{"_acf_changed":false},"product_brand":[],"product_cat":[127],"product_tag":[],"class_list":{"0":"post-9504","1":"product","2":"type-product","3":"status-publish","4":"has-post-thumbnail","6":"product_cat-extras","8":"first","9":"instock","10":"taxable","11":"shipping-taxable","12":"purchasable","13":"product-type-simple"},"acf":[],"_links":{"self":[{"href":"https:\/\/cosyowl.com\/de\/wp-json\/wp\/v2\/product\/9504","targetHints":{"allow":["GET"]}}],"collection":[{"href":"https:\/\/cosyowl.com\/de\/wp-json\/wp\/v2\/product"}],"about":[{"href":"https:\/\/cosyowl.com\/de\/wp-json\/wp\/v2\/types\/product"}],"replies":[{"embeddable":true,"href":"https:\/\/cosyowl.com\/de\/wp-json\/wp\/v2\/comments?post=9504"}],"wp:featuredmedia":[{"embeddable":true,"href":"https:\/\/cosyowl.com\/de\/wp-json\/wp\/v2\/media\/11086"}],"wp:attachment":[{"href":"https:\/\/cosyowl.com\/de\/wp-json\/wp\/v2\/media?parent=9504"}],"wp:term":[{"taxonomy":"product_brand","embeddable":true,"href":"https:\/\/cosyowl.com\/de\/wp-json\/wp\/v2\/product_brand?post=9504"},{"taxonomy":"product_cat","embeddable":true,"href":"https:\/\/cosyowl.com\/de\/wp-json\/wp\/v2\/product_cat?post=9504"},{"taxonomy":"product_tag","embeddable":true,"href":"https:\/\/cosyowl.com\/de\/wp-json\/wp\/v2\/product_tag?post=9504"}],"curies":[{"name":"wp","href":"https:\/\/api.w.org\/{rel}","templated":true}]}}