{"id":9474,"date":"2021-09-01T12:48:00","date_gmt":"2021-09-01T11:48:00","guid":{"rendered":"https:\/\/cosyowl.com\/de\/product\/unkategorisiert\/import-placeholder-for-tcdl-cfra-bowl-nbib-428"},"modified":"2026-03-03T17:26:55","modified_gmt":"2026-03-03T17:26:55","slug":"cosy-owl-premium-bibliothek-duftol","status":"publish","type":"product","link":"https:\/\/cosyowl.com\/de\/duftole\/alle-dufte\/bibliotheque-duftol","title":{"rendered":"Cosy Owl Premium Bibliothek Duft\u00f6l"},"content":{"rendered":"<p>Hergestellt aus nat\u00fcrlichen Inhaltsstoffen und \u00e4therischen \u00d6len*.<\/p>\n<p>Obwohl alle unsere D\u00fcfte bei Cosy Owl einzigartig sind, sind viele so konzipiert, dass sie \u201enach\u201c etwas riechen. Mit unserem neuen Duft Premium Biblioteque freuen wir uns darauf, einen Duft anzubieten, der gerade auf den Markt gekommen ist. Dieser reichhaltige Duft ist ein etwas m\u00e4nnlicherer Duft und erweckt das Gef\u00fchl einer alten Bibliothek mit gebundenen B\u00fcchern, alten Seiten und knarrenden B\u00f6den. Diese leicht muffige, dunstige und romantische Bibliothek von einst. Es ist so ein tiefer Duft mit einem Auftakt aus\u00a0<strong>Freesie und geriebenem Ingwer,<\/strong>\u00a0viel mittlerem\u00a0<strong>Weihrauch, Vanillezucker, Zimt und Honig<\/strong>\u00a0und Basisnoten von\u00a0<strong>Wei\u00df Patschuli, helles Amber, Kaschmirholz und Tabakbl\u00e4tter\u00a0<\/strong>, die es so voll, rund und komplex machen, dass es sich echt &#8222;anf\u00fchlt&#8220;.<\/p>\n<p>Als einer der Cozy Owl Premium-D\u00fcfte sind wir zuversichtlich, dass er allem, was derzeit auf dem Markt f\u00fcr Kerzenherstellungsbedarf erh\u00e4ltlich ist, um L\u00e4ngen \u00fcberlegen ist. \u00a0Wir haben monatelang mit Branchenexperten zusammengearbeitet, um eine neue Reihe von D\u00fcften mit gr\u00f6\u00dferer St\u00e4rke, Tiefe, Rundheit und Duftwirkung zu entwickeln. \u00a0Wir haben die hochwertigsten und teuersten Zutaten, komplexere Mischungen von Zutaten und eine viel konzentriertere Mischung verwendet, was alles bedeutet, dass diese D\u00fcfte viel st\u00e4rker und runder sind.<\/p>\n<p>Das Beste ist jedoch, dass diese, obwohl sie anfangs teurer sind, Ihnen im Vergleich zu Standardd\u00fcften Geld sparen k\u00f6nnen, da Sie weniger verwenden m\u00fcssen, um die gleiche St\u00e4rke zu erhalten &#8211; was auch zu qualitativ besseren Endprodukten f\u00fchrt.&lt; \/p&gt;<\/p>\n<p>Dieses Duft\u00f6l enth\u00e4lt kein Palm\u00f6l<\/p>\n<p>Entdecken Sie unsere luxuri\u00f6se Auswahl an hochwertigen Duft-Imitationen \u2013 klicken Sie auf den Link, um mehr zu erfahren und Ihren perfekten Duft zu finden <a href=\"https:\/\/cosyowl.com\/de\/guides\/unsere-duft-dupes-luxurioese-duefte-ohne-luxuspreis\">Our Fragrance Dupes<\/a><\/p>\n<p>Alle Duft\u00f6le haben einen sogenannten Flammpunkt \u2013 die Temperatur, bei der das \u00d6l zu verbrennen beginnt und der Duft freigesetzt wird.<\/p>\n<p>Der\u00a0<strong>Flammpunkt f\u00fcr Bibliotheque liegt bei 93\u00b0C<\/strong>, f\u00fcr weitere Informationen \u00fcber Flammpunkte folgen Sie diesem Link\u00a0<a href=\"https:\/\/www.cosyowl.com\/guides\/how-to-%20use-fragrance-oils\/\">https:\/\/www.cosyowl.com\/guides\/how-to-use-fragrance-oils\/<\/a><\/p>\n<p>Weitere Informationen zu unserer neuen Cosy Owl Premium-Reihe, warum und warum dies hervorragende D\u00fcfte sind und welche Vorteile ihre Verwendung hat, finden Sie unter\u00a0<a href=\"https:\/\/www.cosyowl.com\/guides\/new-cosy%20-owl-premium-candle-fragrances\/\" target=\"_blank\" rel=\"noopener\">siehe unseren Artikel<\/a>.<\/p>\n<p><strong>Verwenden Sie diesen Duft in einem Schilfdiffusor?<\/strong><\/p>\n<p><em>Dieses Duft\u00f6l wird derzeit neu formuliert; Wir werden Sie informieren, wenn es wieder bereit ist, in Diffusoren verwendet zu werden.<\/em><\/p>\n<p><strong>Verwenden Sie diesen Duft in einer Seife?<\/strong><\/p>\n<p>Alle unsere Duftstoffe sind auch speziell f\u00fcr die Arbeit in festen Seifen formuliert, siehe Sicherheitsdatenblatt f\u00fcr Informationen \u00fcber den maximalen Prozentsatz jedes Duftstoffs, der in Seifenherstellungsanwendungen verwendet werden kann.<\/p>\n<p>Bitte beachten Sie vor dem Kauf auch unsere CLP-Informationsmitteilung zur Verwendung von Duft\u00f6len in Kerzen. Diese Informationen beziehen sich auf die chemische Zusammensetzung des \u00d6ls zusammen mit Warnhinweisen bez\u00fcglich m\u00f6glicher allergischer Reaktionen.<\/p>\n<p><strong>Grausamkeitsfrei<\/strong><\/p>\n<p>Die ethische Beschaffung von Produkten ist f\u00fcr uns von gr\u00f6\u00dfter Bedeutung und wir sind sehr stolz darauf, sagen zu k\u00f6nnen, dass alle von Cozy Owl gelieferten Duft\u00f6le und ihre Rohstoffe frei von Tierversuchen sind und absolut keine Tests an Tieren oder Menschen stattfinden. Wir verstehen jedoch, dass es zu Verwirrung kommen kann, da die Sicherheitsdatenbl\u00e4tter (SDS) Toxizit\u00e4tswerte f\u00fcr Ratten und Kaninchen enthalten. Dieser spezielle Abschnitt bezieht sich auf die LD50 (Toxizit\u00e4t) bestimmter Inhaltsstoffe, die f\u00fcr andere Industrien (z. B. zur Verwendung in Lebensmitteln) erforderlich sind, und es ist zwingend erforderlich, dass wir diese angeben, sofern vorhanden. Alle Tierversuchsdaten basieren auf Tests, die nicht von uns oder unseren Lieferanten durchgef\u00fchrt oder genehmigt wurden, in einigen F\u00e4llen wurden diese Tests von einer Regierungsbeh\u00f6rde angeordnet oder vor Jahrzehnten durchgef\u00fchrt, und es wurden kategorisch keine Tests f\u00fcr die Verwendung dieser Inhaltsstoffe in Produkten durchgef\u00fchrt wir liefern.<\/p>\n<p><strong>Wir raten allen Kunden, D\u00fcfte mit unseren 10-ml-Testflaschen zu testen, bevor Sie in gr\u00f6\u00dferen Mengen oder Mengen bestellen, falls Sie mit einem Duft\u00f6l unzufrieden sein k\u00f6nnten. Bitte beachten Sie unsere\u00a0<a href=\"https:\/\/www.cosyowl.com\/index.php?main_page=shippinginfo\">Liefer- &amp; R\u00fcckgaben<\/a>\u00a0Seite f\u00fcr die vollst\u00e4ndigen Gesch\u00e4ftsbedingungen.<\/strong><\/p>\n<p>*Dieser Duft enth\u00e4lt nat\u00fcrliche Elemente (\u00e4therische \u00d6le, Extrakte, Harze, Isolate), ist aber nicht vollst\u00e4ndig nat\u00fcrlich. Unsere Duft\u00f6le wurden entwickelt, um so einfach, sauber und nat\u00fcrlich wie m\u00f6glich zu sein und gleichzeitig den besten Duftwurf und die beste Auswahl an Duftnoten zu liefern. Verbindungen, die nicht direkt aus der Natur stammen, sind entweder chemisch identisch mit nat\u00fcrlich vorkommenden Verbindungen, k\u00fcnstlich hergestellt oder leicht modifiziert, normalerweise um einen etwas st\u00e4rkeren Duft zu verleihen. Gelegentlich werden in der Natur nicht vorkommende Duftstoffe verwendet, um den charakteristischen Duft zu verleihen, der f\u00fcr einige eher k\u00fcnstliche Duftstoffe erforderlich ist. Dies ist das gleiche wie bei allen heute auf dem Markt befindlichen Duft\u00f6len.<\/p>\n","protected":false},"excerpt":{"rendered":"<p>Hergestellt aus nat\u00fcrlichen Inhaltsstoffen und \u00e4therischen \u00d6len*. Obwohl alle unsere D\u00fcfte bei Cosy Owl einzigartig sind, sind viele so konzipiert, dass sie \u201enach\u201c etwas riechen. Mit unserem neuen Duft Premium Biblioteque freuen wir uns darauf, einen Duft anzubieten, der gerade auf den Markt gekommen ist. Dieser reichhaltige Duft ist ein etwas m\u00e4nnlicherer Duft und erweckt [&hellip;]<\/p>\n","protected":false},"featured_media":9480,"comment_status":"open","ping_status":"closed","template":"","meta":{"_acf_changed":false},"product_brand":[],"product_cat":[99,115,104,106,283,319,107,116,101,130],"product_tag":[586],"class_list":{"0":"post-9474","1":"product","2":"type-product","3":"status-publish","4":"has-post-thumbnail","6":"product_cat-duftoele-alle-duftoele","7":"product_cat-duftoele-ruhe","8":"product_cat-seifenherstellung-duftole","9":"product_cat-bartoelherstellung-duftoele","10":"product_cat-haarpflegebedarf-duftole","11":"product_cat-koerperpflegebedarf-duftole","12":"product_cat-wachs-melts-duftole","13":"product_cat-duftoele-holz","14":"product_cat-duftoele-mannliche","15":"product_cat-duftoele-premium","16":"product_tag-black-friday","18":"first","19":"instock","20":"featured","21":"taxable","22":"shipping-taxable","23":"purchasable","24":"product-type-variable"},"acf":[],"_links":{"self":[{"href":"https:\/\/cosyowl.com\/de\/wp-json\/wp\/v2\/product\/9474","targetHints":{"allow":["GET"]}}],"collection":[{"href":"https:\/\/cosyowl.com\/de\/wp-json\/wp\/v2\/product"}],"about":[{"href":"https:\/\/cosyowl.com\/de\/wp-json\/wp\/v2\/types\/product"}],"replies":[{"embeddable":true,"href":"https:\/\/cosyowl.com\/de\/wp-json\/wp\/v2\/comments?post=9474"}],"wp:featuredmedia":[{"embeddable":true,"href":"https:\/\/cosyowl.com\/de\/wp-json\/wp\/v2\/media\/9480"}],"wp:attachment":[{"href":"https:\/\/cosyowl.com\/de\/wp-json\/wp\/v2\/media?parent=9474"}],"wp:term":[{"taxonomy":"product_brand","embeddable":true,"href":"https:\/\/cosyowl.com\/de\/wp-json\/wp\/v2\/product_brand?post=9474"},{"taxonomy":"product_cat","embeddable":true,"href":"https:\/\/cosyowl.com\/de\/wp-json\/wp\/v2\/product_cat?post=9474"},{"taxonomy":"product_tag","embeddable":true,"href":"https:\/\/cosyowl.com\/de\/wp-json\/wp\/v2\/product_tag?post=9474"}],"curies":[{"name":"wp","href":"https:\/\/api.w.org\/{rel}","templated":true}]}}