{"id":9443,"date":"2021-09-01T12:48:00","date_gmt":"2021-09-01T11:48:00","guid":{"rendered":"https:\/\/cosyowl.com\/de\/product\/unkategorisiert\/import-placeholder-for-tcdl-cfra-bowl-nsas-427"},"modified":"2026-03-03T17:26:36","modified_gmt":"2026-03-03T17:26:36","slug":"cosy-owl-premium-holz-salbei-meersalz-duftol","status":"publish","type":"product","link":"https:\/\/cosyowl.com\/de\/duftole\/alle-dufte\/sage-seasalt-duftol","title":{"rendered":"Cosy Owl Premium Holz Salbei &amp; Meersalz Duft\u00f6l"},"content":{"rendered":"<p>Hergestellt mit nat\u00fcrlichen Inhaltsstoffen und \u00e4therischen \u00d6len*.<\/p>\n<p>Ein aromatischer und moschusartiger Duft, inspiriert vom ber\u00fchmten Jo Malone-Duft. Mit der F\u00fclle und Tiefe, die unsere Premium-Palette an D\u00fcften auszeichnet, hat dieser Duft auf Meeresbasis Kopfnoten von Grapefruit, Salbeibl\u00e4ttern und Piniennadeln, Herznoten von Thymian, Rotalge und Fleur de del mit Basisnoten von Sandelholz, Guajakholz, Patschuli und Ambrette-Samen. Nicht aufdringlich, aber mit echtem Durchhalteverm\u00f6gen entwickelt und reift dieser Duft wirklich, je l\u00e4nger er in der Luft ist.<\/p>\n<p>Als einer der Cosy Owl Premium-D\u00fcfte sind wir zuversichtlich, dass er alles \u00fcbertrifft, was derzeit auf dem Markt f\u00fcr Kerzenherstellungszubeh\u00f6r erh\u00e4ltlich ist. Wir haben monatelang mit Branchenexperten zusammengearbeitet, um eine neue Reihe von D\u00fcften mit gr\u00f6\u00dferer St\u00e4rke, Tiefe, Rundheit und Duftstreuung zu entwickeln. Wir haben die hochwertigsten und teuersten Zutaten, komplexere Mischungen von Zutaten und eine viel konzentriertere Mischung verwendet, was alles bedeutet, dass diese D\u00fcfte viel st\u00e4rker und abgerundeter sind.<\/p>\n<p>Das Beste daran ist jedoch, dass diese zwar in der Anschaffung teurer sind, Sie jedoch im Vergleich zu Standardd\u00fcften Geld sparen k\u00f6nnen, da Sie weniger verbrauchen m\u00fcssen, um die gleiche St\u00e4rke zu erhalten &#8211; was auch bessere Endprodukte bedeutet.<\/p>\n<p>Dieses Duft\u00f6l enth\u00e4lt kein Palm\u00f6l<\/p>\n<p>Entdecken Sie unsere luxuri\u00f6se Auswahl an hochwertigen Duft-Imitationen \u2013 klicken Sie auf den Link, um mehr zu erfahren und Ihren perfekten Duft zu finden <a href=\"https:\/\/cosyowl.com\/de\/guides\/unsere-duft-dupes-luxurioese-duefte-ohne-luxuspreis\">Our Fragrance Dupes<\/a><\/p>\n<p>Alle Duft\u00f6le haben einen sogenannten Flammpunkt \u2013 die Temperatur, bei der das \u00d6l zu verbrennen beginnt und der Duft freigesetzt wird.<\/p>\n<p>Der Flammpunkt f\u00fcr Holzsalbei und Meersalz betr\u00e4gt 93\u00b0C, f\u00fcr weitere Informationen zu Flammpunkten folgen Sie diesem Link https:\/\/www.cosyowl.com\/guides\/how-to-use-fragrance-oils\/<\/p>\n<p>Weitere Informationen zu unserer neuen Cosy Owl Premium Range, wie und warum dies \u00fcberlegene D\u00fcfte sind und welche Vorteile sie haben, finden Sie in unserem Artikel.<\/p>\n<p>Verwenden Sie diesen Duft in einem Diffusor aus Schilfrohr?<\/p>\n<p>Alle unsere D\u00fcfte wurden entwickelt, um in Schilfdiffusoren zu wirken, wenn sie mit einem hier erh\u00e4ltlichen Basis\u00f6l f\u00fcr Diffusoren gemischt werden. Verwenden Sie je nach gew\u00fcnschter Duftst\u00e4rke bis zu 25 % Duftstoff gemischt mit dem Basis\u00f6l.<\/p>\n<p>Verwenden Sie diesen Duft in einer Seife?<\/p>\n<p>Alle unsere D\u00fcfte sind auch speziell f\u00fcr die Verwendung in festen Seifen formuliert. Informationen zum maximalen Prozentsatz jedes Duftstoffes, der bei der Seifenherstellung verwendet werden kann, finden Sie im Sicherheitsdatenblatt.<\/p>\n<p>Bitte beachten Sie vor dem Kauf auch unseren CLP-Informationshinweis zur Verwendung von Duft\u00f6len in Kerzen. Diese Informationen beziehen sich auf die chemische Zusammensetzung des \u00d6ls zusammen mit Warnhinweisen zu m\u00f6glichen allergischen Reaktionen.<\/p>\n<p>Grausamkeitsfrei<\/p>\n<p>Die ethische Beschaffung von Produkten ist f\u00fcr uns von gr\u00f6\u00dfter Bedeutung und wir sind sehr stolz darauf, dass alle von Cosy Owl gelieferten Duft\u00f6le und ihre Rohstoffe frei von Grausamkeiten sind und absolut keine Tests an Tieren oder Menschen stattfinden. Wir verstehen jedoch, dass es zu Verwirrung kommen kann, da die Sicherheitsdatenbl\u00e4tter (SDB) Toxizit\u00e4tswerte f\u00fcr Ratten und Kaninchen enthalten. Dieser spezielle Abschnitt bezieht sich auf die LD50 (Toxizit\u00e4t) bestimmter Inhaltsstoffe, die f\u00fcr andere Industrien (z. Alle Tierversuchsdaten basieren auf Tests, die nicht von uns oder unseren Lieferanten durchgef\u00fchrt oder genehmigt wurden, in einigen F\u00e4llen wurden diese Tests von einer Regierungsbeh\u00f6rde beauftragt oder vor Jahrzehnten durchgef\u00fchrt und es wurden grunds\u00e4tzlich keine Tests f\u00fcr die Verwendung dieser Inhaltsstoffe in Produkten durchgef\u00fchrt wir liefern.<\/p>\n<p>Wir empfehlen allen Kunden, D\u00fcfte mit unseren 10-ml-Testerflaschen zu testen, bevor sie gr\u00f6\u00dfere Gr\u00f6\u00dfen oder Mengen bestellen, falls Sie mit einem Duft\u00f6l unzufrieden sein k\u00f6nnten. Die vollst\u00e4ndigen Gesch\u00e4ftsbedingungen finden Sie auf unserer Seite Lieferung und R\u00fccksendung.<\/p>\n<p>*Dieser Duft enth\u00e4lt nat\u00fcrliche Elemente (\u00e4therische \u00d6le, Extrakte, Harze, Isolate), ist jedoch nicht vollst\u00e4ndig nat\u00fcrlich. Unsere Duft\u00f6le wurden so einfach, sauber und nat\u00fcrlich wie m\u00f6glich entwickelt und bieten gleichzeitig den besten Duftwurf und die beste Auswahl an Duftnoten. Verbindungen, die nicht direkt aus der Natur stammen, sind entweder chemisch identisch mit nat\u00fcrlich vorkommenden Verbindungen, k\u00fcnstlich hergestellt oder leicht modifiziert, um normalerweise einen etwas st\u00e4rkeren Duft zu erzeugen. Gelegentlich werden D\u00fcfte verwendet, die in der Natur nicht vorkommen, um den unverwechselbaren Duft zu verleihen, der f\u00fcr einige eher k\u00fcnstliche D\u00fcfte erforderlich ist. Dies ist das gleiche wie bei allen Duft\u00f6len, die heute auf dem Markt sind.<\/p>\n<p>In diesen Datenbl\u00e4ttern sind alle Gesundheits- und Sicherheitsrisiken aufgef\u00fchrt, die mit den Duftinhaltsstoffen verbunden sind. Das Sicherheitsdatenblatt beschreibt die Gefahren, die von der Duftstoffchemikalie ausgehen, und gibt Informationen zu Handhabung, Lagerung und Notfallma\u00dfnahmen im Falle eines Unfalls. Das CLP-Verordnungsblatt (Classification, Labelling and Packaging) listet die Symbole auf, die gem\u00e4\u00df der EU-Gesetzgebung auf der Duftstoffverpackung angebracht werden m\u00fcssen. Das IFRA-Datenblatt beschreibt den prozentualen Schwellenwert eines Duftstoffs, der in verschiedenen Anwendungen verwendet werden sollte.<\/p>\n<p><!--%Data Sheets%--><\/p>\n<p><a class=\"dataSheetLink\" href=\"\/index.php?main_page=fragrances#NSAS\">See all Fragrance Data Sheets<\/a><\/p>\n<p><!--%Scent Notes%--><\/p>\n<table class=\"notesTable\">\n<tbody>\n<tr>\n<th>Note<\/th>\n<th>Scent<\/th>\n<\/tr>\n<tr>\n<td>Top<\/td>\n<td>\n<p style=\"margin: 0cm\"><span style=\"font-size: 12.0pt\">Grapefruit, Sage Leaves, Pine Needle<\/span><\/p>\n<\/td>\n<\/tr>\n<tr>\n<td>Mid<\/td>\n<td>Thyme, Red Algae, Fleur de Del<\/td>\n<\/tr>\n<tr>\n<td>Base<\/td>\n<td>Sandalwood, Guaiac Wood, Patchouli, Ambrette Seed<\/td>\n<\/tr>\n<\/tbody>\n<\/table>\n","protected":false},"excerpt":{"rendered":"<p>Hergestellt mit nat\u00fcrlichen Inhaltsstoffen und \u00e4therischen \u00d6len*. Ein aromatischer und moschusartiger Duft, inspiriert vom ber\u00fchmten Jo Malone-Duft. Mit der F\u00fclle und Tiefe, die unsere Premium-Palette an D\u00fcften auszeichnet, hat dieser Duft auf Meeresbasis Kopfnoten von Grapefruit, Salbeibl\u00e4ttern und Piniennadeln, Herznoten von Thymian, Rotalge und Fleur de del mit Basisnoten von Sandelholz, Guajakholz, Patschuli und Ambrette-Samen. [&hellip;]<\/p>\n","protected":false},"featured_media":9469,"comment_status":"open","ping_status":"closed","template":"","meta":{"_acf_changed":false},"product_brand":[],"product_cat":[99,100,104,106,283,319,362,107,116,110,101,130],"product_tag":[586],"class_list":{"0":"post-9443","1":"product","2":"type-product","3":"status-publish","4":"has-post-thumbnail","6":"product_cat-duftoele-alle-duftoele","7":"product_cat-duftoele-designer","8":"product_cat-seifenherstellung-duftole","9":"product_cat-bartoelherstellung-duftoele","10":"product_cat-haarpflegebedarf-duftole","11":"product_cat-koerperpflegebedarf-duftole","12":"product_cat-duftoele-fuer-reed-diffusoren","13":"product_cat-wachs-melts-duftole","14":"product_cat-duftoele-holz","15":"product_cat-duftoele-krauter","16":"product_cat-duftoele-mannliche","17":"product_cat-duftoele-premium","18":"product_tag-black-friday","20":"first","21":"instock","22":"featured","23":"taxable","24":"shipping-taxable","25":"purchasable","26":"product-type-variable"},"acf":[],"_links":{"self":[{"href":"https:\/\/cosyowl.com\/de\/wp-json\/wp\/v2\/product\/9443","targetHints":{"allow":["GET"]}}],"collection":[{"href":"https:\/\/cosyowl.com\/de\/wp-json\/wp\/v2\/product"}],"about":[{"href":"https:\/\/cosyowl.com\/de\/wp-json\/wp\/v2\/types\/product"}],"replies":[{"embeddable":true,"href":"https:\/\/cosyowl.com\/de\/wp-json\/wp\/v2\/comments?post=9443"}],"wp:featuredmedia":[{"embeddable":true,"href":"https:\/\/cosyowl.com\/de\/wp-json\/wp\/v2\/media\/9469"}],"wp:attachment":[{"href":"https:\/\/cosyowl.com\/de\/wp-json\/wp\/v2\/media?parent=9443"}],"wp:term":[{"taxonomy":"product_brand","embeddable":true,"href":"https:\/\/cosyowl.com\/de\/wp-json\/wp\/v2\/product_brand?post=9443"},{"taxonomy":"product_cat","embeddable":true,"href":"https:\/\/cosyowl.com\/de\/wp-json\/wp\/v2\/product_cat?post=9443"},{"taxonomy":"product_tag","embeddable":true,"href":"https:\/\/cosyowl.com\/de\/wp-json\/wp\/v2\/product_tag?post=9443"}],"curies":[{"name":"wp","href":"https:\/\/api.w.org\/{rel}","templated":true}]}}