{"id":9441,"date":"2021-09-01T12:48:00","date_gmt":"2021-09-01T11:48:00","guid":{"rendered":"https:\/\/cosyowl.com\/de\/product\/unkategorisiert\/import-placeholder-for-tcdl-ccon-bowl-ccls-425"},"modified":"2026-03-03T17:25:03","modified_gmt":"2026-03-03T17:25:03","slug":"wachs-melt-tortchen-klappschalen","status":"publish","type":"product","link":"https:\/\/cosyowl.com\/de\/materialien-fur-das-handwerk\/wachs-melts\/formen-fur-wachs-melts\/wachs-melt-tortchen-klappschalen","title":{"rendered":"Wachs-Melt-T\u00f6rtchen Klappschalen"},"content":{"rendered":"<p>Die Klappschalen f\u00fcr die sog. &#8218;Wachs-Melt-T\u00f6rtchen&#8216; (oder auch Wachsschmelzt\u00f6rtchen) sind ca. 77 x 55 mm gro\u00df und 25 mm tief. Das ist ideal, um einen Block Wachsschmelzt\u00f6rtchen herzustellen, der dann einfach in 6 einzelne &#8218;Wachs-Melts&#8216; auseinandergebrochen werden kann. Bitte lassen Sie das Wachs ruhen und abk\u00fchlen, bevor Sie den Deckel schlie\u00dfen. Dieser Beh\u00e4lter fasst ca. 78g Wachs.<\/p>\n<p>Bitte beachten Sie, dass dieses Produkt recycelt werden kann.<\/p>\n","protected":false},"excerpt":{"rendered":"<p>Die Klappschalen f\u00fcr die sog. &#8218;Wachs-Melt-T\u00f6rtchen&#8216; (oder auch Wachsschmelzt\u00f6rtchen) sind ca. 77 x 55 mm gro\u00df und 25 mm tief. Das ist ideal, um einen Block Wachsschmelzt\u00f6rtchen herzustellen, der dann einfach in 6 einzelne &#8218;Wachs-Melts&#8216; auseinandergebrochen werden kann. Bitte lassen Sie das Wachs ruhen und abk\u00fchlen, bevor Sie den Deckel schlie\u00dfen. Dieser Beh\u00e4lter fasst ca. [&hellip;]<\/p>\n","protected":false},"featured_media":19072,"comment_status":"open","ping_status":"closed","template":"","meta":{"_acf_changed":false},"product_brand":[],"product_cat":[97,129,363],"product_tag":[],"class_list":{"0":"post-9441","1":"product","2":"type-product","3":"status-publish","4":"has-post-thumbnail","6":"product_cat-kerzenbehalter-andere-behalter","7":"product_cat-wachs-melts-formen","8":"product_cat-sale","10":"first","11":"instock","12":"taxable","13":"shipping-taxable","14":"purchasable","15":"product-type-variable"},"acf":[],"_links":{"self":[{"href":"https:\/\/cosyowl.com\/de\/wp-json\/wp\/v2\/product\/9441","targetHints":{"allow":["GET"]}}],"collection":[{"href":"https:\/\/cosyowl.com\/de\/wp-json\/wp\/v2\/product"}],"about":[{"href":"https:\/\/cosyowl.com\/de\/wp-json\/wp\/v2\/types\/product"}],"replies":[{"embeddable":true,"href":"https:\/\/cosyowl.com\/de\/wp-json\/wp\/v2\/comments?post=9441"}],"wp:featuredmedia":[{"embeddable":true,"href":"https:\/\/cosyowl.com\/de\/wp-json\/wp\/v2\/media\/19072"}],"wp:attachment":[{"href":"https:\/\/cosyowl.com\/de\/wp-json\/wp\/v2\/media?parent=9441"}],"wp:term":[{"taxonomy":"product_brand","embeddable":true,"href":"https:\/\/cosyowl.com\/de\/wp-json\/wp\/v2\/product_brand?post=9441"},{"taxonomy":"product_cat","embeddable":true,"href":"https:\/\/cosyowl.com\/de\/wp-json\/wp\/v2\/product_cat?post=9441"},{"taxonomy":"product_tag","embeddable":true,"href":"https:\/\/cosyowl.com\/de\/wp-json\/wp\/v2\/product_tag?post=9441"}],"curies":[{"name":"wp","href":"https:\/\/api.w.org\/{rel}","templated":true}]}}