{"id":9402,"date":"2021-09-01T12:48:00","date_gmt":"2021-09-01T11:48:00","guid":{"rendered":"https:\/\/cosyowl.com\/de\/product\/unkategorisiert\/import-placeholder-for-tcdl-cdif-bowl-lblk-d4mm-413"},"modified":"2026-04-23T08:25:32","modified_gmt":"2026-04-23T07:25:32","slug":"schwarze-stabchen-fur-diffusoren-240mm-x-o-4mm","status":"publish","type":"product","link":"https:\/\/cosyowl.com\/de\/reed-diffusoren\/schwarze-stabchen-fur-diffusoren-240mm-x-o-4mm","title":{"rendered":"Schwarze St\u00e4bchen f\u00fcr Diffusoren &#8211; 240mm x \u00d8 4mm"},"content":{"rendered":"<p>Reed-Diffusoren sind eine elegante L\u00f6sung f\u00fcr einen sichereren und l\u00e4nger anhaltenden Duft in Ihrem Zuhause. Unsere Auswahl an farbechten Reed-Diffusor-St\u00e4bchen mit schnellem Dochtwirkungsverm\u00f6gen ist die perfekte Erg\u00e4nzung, um zu gew\u00e4hrleisten, dass Sie das Potenzial Ihrer \u00e4therischen \u00d6le voll aussch\u00f6pfen.<\/p>\n<p>Die Kontrolle der Duftfreisetzungsgeschwindigkeit ist entscheidend bei hochwertigen Reed-Diffusor-St\u00e4bchen. Sie bieten leistungsstarke Kapillarwirkung und Duftdiffusion neben der Technologie f\u00fcr Farbstabilit\u00e4t. Diese Reed-Diffusor-St\u00e4bchen halten einen stabilen Duftwurf und stabile F\u00e4rbung bei, ohne dass man sie umdrehen muss.<\/p>\n","protected":false},"excerpt":{"rendered":"<p>Reed-Diffusoren sind eine elegante L\u00f6sung f\u00fcr einen sichereren und l\u00e4nger anhaltenden Duft in Ihrem Zuhause. Unsere Auswahl an farbechten Reed-Diffusor-St\u00e4bchen mit schnellem Dochtwirkungsverm\u00f6gen ist die perfekte Erg\u00e4nzung, um zu gew\u00e4hrleisten, dass Sie das Potenzial Ihrer \u00e4therischen \u00d6le voll aussch\u00f6pfen. Die Kontrolle der Duftfreisetzungsgeschwindigkeit ist entscheidend bei hochwertigen Reed-Diffusor-St\u00e4bchen. Sie bieten leistungsstarke Kapillarwirkung und Duftdiffusion neben [&hellip;]<\/p>\n","protected":false},"featured_media":21231,"comment_status":"open","ping_status":"closed","template":"","meta":{"_acf_changed":false},"product_brand":[],"product_cat":[309],"product_tag":[],"class_list":{"0":"post-9402","1":"product","2":"type-product","3":"status-publish","4":"has-post-thumbnail","6":"product_cat-reed-diffusoren-stabchen","8":"first","9":"instock","10":"taxable","11":"shipping-taxable","12":"purchasable","13":"product-type-variable"},"acf":[],"_links":{"self":[{"href":"https:\/\/cosyowl.com\/de\/wp-json\/wp\/v2\/product\/9402","targetHints":{"allow":["GET"]}}],"collection":[{"href":"https:\/\/cosyowl.com\/de\/wp-json\/wp\/v2\/product"}],"about":[{"href":"https:\/\/cosyowl.com\/de\/wp-json\/wp\/v2\/types\/product"}],"replies":[{"embeddable":true,"href":"https:\/\/cosyowl.com\/de\/wp-json\/wp\/v2\/comments?post=9402"}],"wp:featuredmedia":[{"embeddable":true,"href":"https:\/\/cosyowl.com\/de\/wp-json\/wp\/v2\/media\/21231"}],"wp:attachment":[{"href":"https:\/\/cosyowl.com\/de\/wp-json\/wp\/v2\/media?parent=9402"}],"wp:term":[{"taxonomy":"product_brand","embeddable":true,"href":"https:\/\/cosyowl.com\/de\/wp-json\/wp\/v2\/product_brand?post=9402"},{"taxonomy":"product_cat","embeddable":true,"href":"https:\/\/cosyowl.com\/de\/wp-json\/wp\/v2\/product_cat?post=9402"},{"taxonomy":"product_tag","embeddable":true,"href":"https:\/\/cosyowl.com\/de\/wp-json\/wp\/v2\/product_tag?post=9402"}],"curies":[{"name":"wp","href":"https:\/\/api.w.org\/{rel}","templated":true}]}}