{"id":9400,"date":"2021-09-01T12:48:00","date_gmt":"2021-09-01T11:48:00","guid":{"rendered":"https:\/\/cosyowl.com\/de\/product\/unkategorisiert\/import-placeholder-for-tcdl-cacc-bowl-cwct-411"},"modified":"2026-03-03T17:24:59","modified_gmt":"2026-03-03T17:24:59","slug":"zentrierwerkzeug-fur-kerzendocht","status":"publish","type":"product","link":"https:\/\/cosyowl.com\/de\/wick-zentrierwerkzeug","title":{"rendered":"Zentrierwerkzeug f\u00fcr Kerzendocht"},"content":{"rendered":"<p>Ein <strong>Docht-Zentrierwerkzeug <\/strong> ist eine sehr einfache Vorrichtung, die Ihren Kerzendocht in Position h\u00e4lt. Dies ist ein sehr langlebiger Adapter aus Stahl, der oben auf Ihrem Stumpenkerzenbeh\u00e4lter, Teelichtbecher oder anderem Beh\u00e4lter platziert wird, um den Docht an der gew\u00fcnschten Stelle zu fixieren &#8211; in der Regel in die Mitte. Im Gegensatz zu anderen im Internet erh\u00e4ltlichen Zentrierwerkzeugen ist dieses wesentlich robuster als Pendants aus Kunststoff und erm\u00f6glicht es, falls erforderlich, mehr als einen Docht in Ihrer Kerze anzubringen.<\/p>\n<p>Erh\u00e4ltlich in Packungen mit 10 oder 50 Docht-Zentrierwerkzeugen.<\/p>\n","protected":false},"excerpt":{"rendered":"<p>Ein Docht-Zentrierwerkzeug ist eine sehr einfache Vorrichtung, die Ihren Kerzendocht in Position h\u00e4lt. Dies ist ein sehr langlebiger Adapter aus Stahl, der oben auf Ihrem Stumpenkerzenbeh\u00e4lter, Teelichtbecher oder anderem Beh\u00e4lter platziert wird, um den Docht an der gew\u00fcnschten Stelle zu fixieren &#8211; in der Regel in die Mitte. Im Gegensatz zu anderen im Internet erh\u00e4ltlichen [&hellip;]<\/p>\n","protected":false},"featured_media":9407,"comment_status":"open","ping_status":"closed","template":"","meta":{"_acf_changed":false},"product_brand":[],"product_cat":[127,94],"product_tag":[],"class_list":{"0":"post-9400","1":"product","2":"type-product","3":"status-publish","4":"has-post-thumbnail","6":"product_cat-extras","7":"product_cat-kerzendochte","9":"first","10":"instock","11":"taxable","12":"shipping-taxable","13":"purchasable","14":"product-type-variable"},"acf":[],"_links":{"self":[{"href":"https:\/\/cosyowl.com\/de\/wp-json\/wp\/v2\/product\/9400","targetHints":{"allow":["GET"]}}],"collection":[{"href":"https:\/\/cosyowl.com\/de\/wp-json\/wp\/v2\/product"}],"about":[{"href":"https:\/\/cosyowl.com\/de\/wp-json\/wp\/v2\/types\/product"}],"replies":[{"embeddable":true,"href":"https:\/\/cosyowl.com\/de\/wp-json\/wp\/v2\/comments?post=9400"}],"wp:featuredmedia":[{"embeddable":true,"href":"https:\/\/cosyowl.com\/de\/wp-json\/wp\/v2\/media\/9407"}],"wp:attachment":[{"href":"https:\/\/cosyowl.com\/de\/wp-json\/wp\/v2\/media?parent=9400"}],"wp:term":[{"taxonomy":"product_brand","embeddable":true,"href":"https:\/\/cosyowl.com\/de\/wp-json\/wp\/v2\/product_brand?post=9400"},{"taxonomy":"product_cat","embeddable":true,"href":"https:\/\/cosyowl.com\/de\/wp-json\/wp\/v2\/product_cat?post=9400"},{"taxonomy":"product_tag","embeddable":true,"href":"https:\/\/cosyowl.com\/de\/wp-json\/wp\/v2\/product_tag?post=9400"}],"curies":[{"name":"wp","href":"https:\/\/api.w.org\/{rel}","templated":true}]}}