{"id":9397,"date":"2021-07-01T12:47:00","date_gmt":"2021-07-01T11:47:00","guid":{"rendered":"https:\/\/cosyowl.com\/de\/product\/unkategorisiert\/thermometre-pour-cire"},"modified":"2026-03-03T17:24:58","modified_gmt":"2026-03-03T17:24:58","slug":"unverzichtbares-wachsthermometer","status":"publish","type":"product","link":"https:\/\/cosyowl.com\/de\/kerzenherstellung-lieferungen\/extras-fuer-die-kerzenherstellung\/unverzichtbares-wachsthermometer","title":{"rendered":"Unverzichtbares Wachsthermometer 127mm"},"content":{"rendered":"<p>Dieses Thermometer ausschlie\u00dflich von Cozy Owl versehen kann zwischen 0\u00b0C und 100\u00b0C (bis 212F), um die Temperatur des schmelzenden Wachs messen. Dieses \u00e4u\u00dferst haltbare Thermometer wurde speziell f\u00fcr die Kerzenherstellung hergestellt. Dies ist ein wichtiger Teil Ihrer Kerzenherstellung Kit, um sicherzustellen, die Wachstemperatur nicht zu niedrig ist und nicht mehr als die Temperatur, bei der das geschmolzene Wachs gef\u00e4hrlich werden k\u00f6nnte. Generell sollte die Temperatur je nach Art des verwendeten Wachses zwischen 55\u00b0C und 65\u00b0C liegen. Genauere Informationen finden Sie in den <strong>&#8222;Temperaturrichtlinien&#8220;<\/strong> unter <strong>INFO &amp; GUIDES<\/strong> auf dieser Website.<\/p>\n","protected":false},"excerpt":{"rendered":"<p>Dieses Thermometer ausschlie\u00dflich von Cozy Owl versehen kann zwischen 0\u00b0C und 100\u00b0C (bis 212F), um die Temperatur des schmelzenden Wachs messen. Dieses \u00e4u\u00dferst haltbare Thermometer wurde speziell f\u00fcr die Kerzenherstellung hergestellt. Dies ist ein wichtiger Teil Ihrer Kerzenherstellung Kit, um sicherzustellen, die Wachstemperatur nicht zu niedrig ist und nicht mehr als die Temperatur, bei der [&hellip;]<\/p>\n","protected":false},"featured_media":11079,"comment_status":"open","ping_status":"closed","template":"","meta":{"_acf_changed":false},"product_brand":[],"product_cat":[326,327,316,324,325,127],"product_tag":[],"class_list":{"0":"post-9397","1":"product","2":"type-product","3":"status-publish","4":"has-post-thumbnail","6":"product_cat-haarpflegebedarf-ausrustung","7":"product_cat-koerperpflegebedarf-ausrustung","8":"product_cat-wachs-melts-ausrustung","9":"product_cat-seifenherstellung-ausrustung","10":"product_cat-lippenbalsamherstellung-ausrustung","11":"product_cat-extras","13":"first","14":"outofstock","15":"taxable","16":"shipping-taxable","17":"purchasable","18":"product-type-simple"},"acf":[],"_links":{"self":[{"href":"https:\/\/cosyowl.com\/de\/wp-json\/wp\/v2\/product\/9397","targetHints":{"allow":["GET"]}}],"collection":[{"href":"https:\/\/cosyowl.com\/de\/wp-json\/wp\/v2\/product"}],"about":[{"href":"https:\/\/cosyowl.com\/de\/wp-json\/wp\/v2\/types\/product"}],"replies":[{"embeddable":true,"href":"https:\/\/cosyowl.com\/de\/wp-json\/wp\/v2\/comments?post=9397"}],"wp:featuredmedia":[{"embeddable":true,"href":"https:\/\/cosyowl.com\/de\/wp-json\/wp\/v2\/media\/11079"}],"wp:attachment":[{"href":"https:\/\/cosyowl.com\/de\/wp-json\/wp\/v2\/media?parent=9397"}],"wp:term":[{"taxonomy":"product_brand","embeddable":true,"href":"https:\/\/cosyowl.com\/de\/wp-json\/wp\/v2\/product_brand?post=9397"},{"taxonomy":"product_cat","embeddable":true,"href":"https:\/\/cosyowl.com\/de\/wp-json\/wp\/v2\/product_cat?post=9397"},{"taxonomy":"product_tag","embeddable":true,"href":"https:\/\/cosyowl.com\/de\/wp-json\/wp\/v2\/product_tag?post=9397"}],"curies":[{"name":"wp","href":"https:\/\/api.w.org\/{rel}","templated":true}]}}