{"id":9340,"date":"2021-09-01T12:46:00","date_gmt":"2021-09-01T11:46:00","guid":{"rendered":"https:\/\/cosyowl.com\/de\/product\/unkategorisiert\/import-placeholder-for-tcdl-cext-bcow-lwob-d50mm-ccsl-400"},"modified":"2026-03-03T17:24:59","modified_gmt":"2026-03-03T17:24:59","slug":"50mm-kerzensicherheitsetikett-weiser-schwarzer-text","status":"publish","type":"product","link":"https:\/\/cosyowl.com\/de\/kerzenherstellung-lieferungen\/extras-fuer-die-kerzenherstellung\/50-mm-kerzensicherheitsetikett-weiss-schwarzer-text","title":{"rendered":"50mm Kerzensicherheitsetikett &#8211; wei\u00dfer \/ schwarzer Text"},"content":{"rendered":"<p>Unsere Sicherheitsetiketten f\u00fcr wei\u00dfe Kerzen werden mit schwarzer Tinte auf ein wei\u00dfes, kreisf\u00f6rmiges Etikett gedruckt. \u00a0Sie sehen auf den meisten Kerzenfarben gut aus, professionell und unauff\u00e4llig. \u00a0Sie haben einen Durchmesser von 50mm und eignen sich f\u00fcr die meisten Anwendungen.<\/p>\n<p><strong>Wozu dienen Kerzen-Sicherheitsetiketten?<\/strong><\/p>\n<p>Wenn Sie Ihre Kerzen verkaufen, m\u00fcssen Sie dies tun F\u00fcgen Sie dieses Warnschild hinzu, um die allgemeine Produktsicherheitsverordnung von 2005 zu erf\u00fcllen. \u00a0Diese Schilder sind so gestaltet, dass sie an der Unterseite Ihres Beh\u00e4lters oder Ihrer Schachtel angebracht sind, um die Einhaltung der Vorschriften und die Einhaltung der Vorschriften zu belegen und wertvolle praktische und sicherheitstechnische Informationen f\u00fcr das Produkt bereitzustellen Endbenutzer.<\/p>\n<p>Unsere Kerzen-Sicherheitsetiketten sind professionell, hochwertig, langlebig, nicht rissig, wasserdicht und nicht wisch- und kratzfest. \u00a0Wir sind auf Langlebigkeit und Wirtschaftlichkeit ausgelegt und haben diese Etiketten aufgrund ihrer langfristigen Leistung ausgew\u00e4hlt.<\/p>\n<p><a href=\"http:\/\/www.legislation.gov.uk\/uksi\/2005\/1803\/contents\/made\" target=\"_blank\" rel=\"noopener\">Informieren Sie sich \u00fcber die allgemeine Produktsicherheitsverordnung<\/a> um ein besseres Verst\u00e4ndnis Ihrer Pflichten als Kerzenhersteller zu erhalten.<\/p>\n<p>Unsere wei\u00dfen Kerzen-Sicherheitsetiketten werden in Rollen zu je 10 St\u00fcck geliefert. 100 oder 1000 und lassen sich leicht abziehen und auftragen.<\/p>\n<p>&nbsp;<\/p>\n","protected":false},"excerpt":{"rendered":"<p>Unsere Sicherheitsetiketten f\u00fcr wei\u00dfe Kerzen werden mit schwarzer Tinte auf ein wei\u00dfes, kreisf\u00f6rmiges Etikett gedruckt. \u00a0Sie sehen auf den meisten Kerzenfarben gut aus, professionell und unauff\u00e4llig. \u00a0Sie haben einen Durchmesser von 50mm und eignen sich f\u00fcr die meisten Anwendungen. Wozu dienen Kerzen-Sicherheitsetiketten? Wenn Sie Ihre Kerzen verkaufen, m\u00fcssen Sie dies tun F\u00fcgen Sie dieses Warnschild [&hellip;]<\/p>\n","protected":false},"featured_media":11077,"comment_status":"open","ping_status":"closed","template":"","meta":{"_acf_changed":false},"product_brand":[],"product_cat":[127],"product_tag":[],"class_list":{"0":"post-9340","1":"product","2":"type-product","3":"status-publish","4":"has-post-thumbnail","6":"product_cat-extras","8":"first","9":"instock","10":"taxable","11":"shipping-taxable","12":"purchasable","13":"product-type-variable"},"acf":[],"_links":{"self":[{"href":"https:\/\/cosyowl.com\/de\/wp-json\/wp\/v2\/product\/9340","targetHints":{"allow":["GET"]}}],"collection":[{"href":"https:\/\/cosyowl.com\/de\/wp-json\/wp\/v2\/product"}],"about":[{"href":"https:\/\/cosyowl.com\/de\/wp-json\/wp\/v2\/types\/product"}],"replies":[{"embeddable":true,"href":"https:\/\/cosyowl.com\/de\/wp-json\/wp\/v2\/comments?post=9340"}],"wp:featuredmedia":[{"embeddable":true,"href":"https:\/\/cosyowl.com\/de\/wp-json\/wp\/v2\/media\/11077"}],"wp:attachment":[{"href":"https:\/\/cosyowl.com\/de\/wp-json\/wp\/v2\/media?parent=9340"}],"wp:term":[{"taxonomy":"product_brand","embeddable":true,"href":"https:\/\/cosyowl.com\/de\/wp-json\/wp\/v2\/product_brand?post=9340"},{"taxonomy":"product_cat","embeddable":true,"href":"https:\/\/cosyowl.com\/de\/wp-json\/wp\/v2\/product_cat?post=9340"},{"taxonomy":"product_tag","embeddable":true,"href":"https:\/\/cosyowl.com\/de\/wp-json\/wp\/v2\/product_tag?post=9340"}],"curies":[{"name":"wp","href":"https:\/\/api.w.org\/{rel}","templated":true}]}}