{"id":9122,"date":"2021-09-01T12:46:00","date_gmt":"2021-09-01T11:46:00","guid":{"rendered":"https:\/\/cosyowl.com\/de\/product\/unkategorisiert\/recipient-en-verre-pot-classique-100cl-avec-couvercle"},"modified":"2026-03-03T17:24:49","modified_gmt":"2026-03-03T17:24:49","slug":"glasbehalter-1000ml-klassisches-glasgefas-mit-deckel","status":"publish","type":"product","link":"https:\/\/cosyowl.com\/de\/glasbehlter-1000ml-klassisches-glasgefass-mit-deckel","title":{"rendered":"Glasbeh\u00e4lter &#8211; 100cl Klassisches Glasgef\u00e4\u00df mit Deckel"},"content":{"rendered":"<p>Dies ist ein klassisches Glasgef\u00e4\u00df, das mit einem passenden Deckel mit Silikondichtung geliefert wird, um einen festen Sitz und eine hochwertige Ausf\u00fchrung zu gew\u00e4hrleisten.<\/p>\n<p>Die stabile, hitzebest\u00e4ndige Struktur des Glasgef\u00e4\u00dfes ist perfekt f\u00fcr Kerzen. Dieses Modell kann bis zu 1000ml Wachs fassen. Es hat einen Durchmesser von 100mm und eine H\u00f6he von 136mm.<\/p>\n","protected":false},"excerpt":{"rendered":"<p>Dies ist ein klassisches Glasgef\u00e4\u00df, das mit einem passenden Deckel mit Silikondichtung geliefert wird, um einen festen Sitz und eine hochwertige Ausf\u00fchrung zu gew\u00e4hrleisten. Die stabile, hitzebest\u00e4ndige Struktur des Glasgef\u00e4\u00dfes ist perfekt f\u00fcr Kerzen. Dieses Modell kann bis zu 1000ml Wachs fassen. Es hat einen Durchmesser von 100mm und eine H\u00f6he von 136mm.<\/p>\n","protected":false},"featured_media":24746,"comment_status":"open","ping_status":"closed","template":"","meta":{"_acf_changed":false},"product_brand":[],"product_cat":[122],"product_tag":[],"class_list":{"0":"post-9122","1":"product","2":"type-product","3":"status-publish","4":"has-post-thumbnail","6":"product_cat-kerzenglaser","8":"first","9":"instock","10":"taxable","11":"shipping-taxable","12":"purchasable","13":"product-type-simple"},"acf":[],"_links":{"self":[{"href":"https:\/\/cosyowl.com\/de\/wp-json\/wp\/v2\/product\/9122","targetHints":{"allow":["GET"]}}],"collection":[{"href":"https:\/\/cosyowl.com\/de\/wp-json\/wp\/v2\/product"}],"about":[{"href":"https:\/\/cosyowl.com\/de\/wp-json\/wp\/v2\/types\/product"}],"replies":[{"embeddable":true,"href":"https:\/\/cosyowl.com\/de\/wp-json\/wp\/v2\/comments?post=9122"}],"wp:featuredmedia":[{"embeddable":true,"href":"https:\/\/cosyowl.com\/de\/wp-json\/wp\/v2\/media\/24746"}],"wp:attachment":[{"href":"https:\/\/cosyowl.com\/de\/wp-json\/wp\/v2\/media?parent=9122"}],"wp:term":[{"taxonomy":"product_brand","embeddable":true,"href":"https:\/\/cosyowl.com\/de\/wp-json\/wp\/v2\/product_brand?post=9122"},{"taxonomy":"product_cat","embeddable":true,"href":"https:\/\/cosyowl.com\/de\/wp-json\/wp\/v2\/product_cat?post=9122"},{"taxonomy":"product_tag","embeddable":true,"href":"https:\/\/cosyowl.com\/de\/wp-json\/wp\/v2\/product_tag?post=9122"}],"curies":[{"name":"wp","href":"https:\/\/api.w.org\/{rel}","templated":true}]}}