{"id":8814,"date":"2021-01-09T12:44:07","date_gmt":"2021-01-09T12:44:07","guid":{"rendered":"https:\/\/cosyowl.com\/de\/product\/unkategorisiert\/import-placeholder-for-tcdl-ccon-bowl-ctin7-317"},"modified":"2026-03-03T17:24:40","modified_gmt":"2026-03-03T17:24:40","slug":"silberne-runde-kerzendose-mit-fensterdeckel-50ml","status":"publish","type":"product","link":"https:\/\/cosyowl.com\/de\/silberne-runde-kerzendose-mit-fensterdeckel-50ml","title":{"rendered":"Silberne runde Kerzendose mit Fensterdeckel &#8211; 50ml"},"content":{"rendered":"<p>Dieses Produkt ist eine runde matt-silberne Kerzendose mit silbergl\u00e4nzenden R\u00e4ndern am Boden und oben und unten um den Deckel. Die Kerzendose hat einen St\u00fclpdeckel mit einem integrierten durchsichtigen Fenster, durch das Kerze und Docht sichtbar sind. Sie ist durch eine verdeckte, solide verschwei\u00dfte Seitennaht verst\u00e4rkt. Unsere Kerzendosen haben \u00e4u\u00dferst wettbewerbsf\u00e4hige Preise und k\u00f6nnen wahrlich jedem Ihrer R\u00e4ume eine besondere Note verleihen.<\/p>\n<p>Unsere Cosy Owl Kerzendosen gibt es in verschiedenen Gr\u00f6\u00dfen und sie sind auch in Wei\u00df oder Rotgold mit goldfarbenen R\u00e4ndern lieferbar.<\/p>\n<p>Gr\u00f6\u00dfe und Volumen:<\/p>\n<ul>\n<li>Volumen: 50ml<\/li>\n<li>Gr\u00f6\u00dfe: 48mm (Durchmesser) x 30mm (H\u00f6he)<\/li>\n<\/ul>\n","protected":false},"excerpt":{"rendered":"<p>Dieses Produkt ist eine runde matt-silberne Kerzendose mit silbergl\u00e4nzenden R\u00e4ndern am Boden und oben und unten um den Deckel. Die Kerzendose hat einen St\u00fclpdeckel mit einem integrierten durchsichtigen Fenster, durch das Kerze und Docht sichtbar sind. Sie ist durch eine verdeckte, solide verschwei\u00dfte Seitennaht verst\u00e4rkt. Unsere Kerzendosen haben \u00e4u\u00dferst wettbewerbsf\u00e4hige Preise und k\u00f6nnen wahrlich jedem [&hellip;]<\/p>\n","protected":false},"featured_media":8828,"comment_status":"open","ping_status":"closed","template":"","meta":{"_acf_changed":false},"product_brand":[],"product_cat":[331,322,96],"product_tag":[],"class_list":{"0":"post-8814","1":"product","2":"type-product","3":"status-publish","4":"has-post-thumbnail","6":"product_cat-haarpflegebedarf-behalter","7":"product_cat-koerperpflegebedarf-behalter","8":"product_cat-metallbehlter","10":"first","11":"outofstock","12":"taxable","13":"shipping-taxable","14":"purchasable","15":"product-type-variable"},"acf":[],"_links":{"self":[{"href":"https:\/\/cosyowl.com\/de\/wp-json\/wp\/v2\/product\/8814","targetHints":{"allow":["GET"]}}],"collection":[{"href":"https:\/\/cosyowl.com\/de\/wp-json\/wp\/v2\/product"}],"about":[{"href":"https:\/\/cosyowl.com\/de\/wp-json\/wp\/v2\/types\/product"}],"replies":[{"embeddable":true,"href":"https:\/\/cosyowl.com\/de\/wp-json\/wp\/v2\/comments?post=8814"}],"wp:featuredmedia":[{"embeddable":true,"href":"https:\/\/cosyowl.com\/de\/wp-json\/wp\/v2\/media\/8828"}],"wp:attachment":[{"href":"https:\/\/cosyowl.com\/de\/wp-json\/wp\/v2\/media?parent=8814"}],"wp:term":[{"taxonomy":"product_brand","embeddable":true,"href":"https:\/\/cosyowl.com\/de\/wp-json\/wp\/v2\/product_brand?post=8814"},{"taxonomy":"product_cat","embeddable":true,"href":"https:\/\/cosyowl.com\/de\/wp-json\/wp\/v2\/product_cat?post=8814"},{"taxonomy":"product_tag","embeddable":true,"href":"https:\/\/cosyowl.com\/de\/wp-json\/wp\/v2\/product_tag?post=8814"}],"curies":[{"name":"wp","href":"https:\/\/api.w.org\/{rel}","templated":true}]}}