{"id":8780,"date":"2021-09-01T12:44:00","date_gmt":"2021-09-01T11:44:00","guid":{"rendered":"https:\/\/cosyowl.com\/de\/product\/unkategorisiert\/import-placeholder-for-tcdl-ccon-bowl-ctin1-311"},"modified":"2026-03-03T17:24:37","modified_gmt":"2026-03-03T17:24:37","slug":"rotgoldene-runde-kerzendose-mit-verschweister-seitennaht-250ml","status":"publish","type":"product","link":"https:\/\/cosyowl.com\/de\/candle-tins\/rose-gold-round-candle-tin-with-welded-side-seam-250ml","title":{"rendered":"Rotgoldene runde Kerzendose mit verschwei\u00dfter Seitennaht &#8211; 250ml"},"content":{"rendered":"<p>Diese Kerzendosen gibt es in zwei Gr\u00f6\u00dfen, 100ml und 250ml, in den Farben Silber und Rotgold. Die Kerzendosen haben eine sichtbare verschwei\u00dfte Seitennaht, deren Farbe etwas variiert. Der St\u00fclpdeckel hat eine kleine Abstufung, so lassen sich diese Dosen bequem stapeln, lagern oder ausstellen.<\/p>\n<p>Unsere Kerzendosen haben \u00e4u\u00dferst wettbewerbsf\u00e4hige Preise und k\u00f6nnen wahrlich jedem Ihrer R\u00e4ume eine besondere Note verleihen.<\/p>\n<p>Gr\u00f6\u00dfe und Volumen:<\/p>\n<ul>\n<li>Volumen: 250ml<\/li>\n<li>Gr\u00f6\u00dfe: 77mm (Durchmesser) x 65mm (H\u00f6he)<\/li>\n<\/ul>\n<p>Leider ist es uns derzeit nicht m\u00f6glich, Metalldosen au\u00dferhalb des Vereinigten K\u00f6nigreichs zu versenden. Sollte sich diese Situation \u00e4ndern, werden wir die Produkte aktualisieren und wieder zum Verkauf anbieten<\/p>\n","protected":false},"excerpt":{"rendered":"<p>Diese Kerzendosen gibt es in zwei Gr\u00f6\u00dfen, 100ml und 250ml, in den Farben Silber und Rotgold. Die Kerzendosen haben eine sichtbare verschwei\u00dfte Seitennaht, deren Farbe etwas variiert. Der St\u00fclpdeckel hat eine kleine Abstufung, so lassen sich diese Dosen bequem stapeln, lagern oder ausstellen. Unsere Kerzendosen haben \u00e4u\u00dferst wettbewerbsf\u00e4hige Preise und k\u00f6nnen wahrlich jedem Ihrer R\u00e4ume [&hellip;]<\/p>\n","protected":false},"featured_media":8804,"comment_status":"open","ping_status":"closed","template":"","meta":{"_acf_changed":false},"product_brand":[],"product_cat":[322,96],"product_tag":[],"class_list":{"0":"post-8780","1":"product","2":"type-product","3":"status-publish","4":"has-post-thumbnail","6":"product_cat-koerperpflegebedarf-behalter","7":"product_cat-metallbehlter","9":"first","10":"outofstock","11":"taxable","12":"shipping-taxable","13":"purchasable","14":"product-type-variable"},"acf":[],"_links":{"self":[{"href":"https:\/\/cosyowl.com\/de\/wp-json\/wp\/v2\/product\/8780","targetHints":{"allow":["GET"]}}],"collection":[{"href":"https:\/\/cosyowl.com\/de\/wp-json\/wp\/v2\/product"}],"about":[{"href":"https:\/\/cosyowl.com\/de\/wp-json\/wp\/v2\/types\/product"}],"replies":[{"embeddable":true,"href":"https:\/\/cosyowl.com\/de\/wp-json\/wp\/v2\/comments?post=8780"}],"wp:featuredmedia":[{"embeddable":true,"href":"https:\/\/cosyowl.com\/de\/wp-json\/wp\/v2\/media\/8804"}],"wp:attachment":[{"href":"https:\/\/cosyowl.com\/de\/wp-json\/wp\/v2\/media?parent=8780"}],"wp:term":[{"taxonomy":"product_brand","embeddable":true,"href":"https:\/\/cosyowl.com\/de\/wp-json\/wp\/v2\/product_brand?post=8780"},{"taxonomy":"product_cat","embeddable":true,"href":"https:\/\/cosyowl.com\/de\/wp-json\/wp\/v2\/product_cat?post=8780"},{"taxonomy":"product_tag","embeddable":true,"href":"https:\/\/cosyowl.com\/de\/wp-json\/wp\/v2\/product_tag?post=8780"}],"curies":[{"name":"wp","href":"https:\/\/api.w.org\/{rel}","templated":true}]}}