{"id":8779,"date":"2021-09-01T12:44:00","date_gmt":"2021-09-01T11:44:00","guid":{"rendered":"https:\/\/cosyowl.com\/de\/product\/unkategorisiert\/import-placeholder-for-tcdl-ccon-bowl-ctin3-309"},"modified":"2026-03-03T17:24:37","modified_gmt":"2026-03-03T17:24:37","slug":"silberne-runde-kerzendose-mit-verschweister-seitennaht-250ml","status":"publish","type":"product","link":"https:\/\/cosyowl.com\/de\/silberne-runde-kerzendose-mit-verschweiter-eitennaht-250ml","title":{"rendered":"Silberne runde Kerzendose mit verschwei\u00dfter Seitennaht &#8211; 250ml"},"content":{"rendered":"<p>Dieses Produkt ist eine runde matt-silberne Kerzendose mit silbergl\u00e4nzenden R\u00e4ndern am Boden und oben und unten um den Deckel. Die Kerzendose hat einen abgestuften Boden, einen fest sitzenden St\u00fclpdeckel und ist durch eine verdeckte, solide verschwei\u00dfte Seitennaht verst\u00e4rkt. Unsere Kerzendosen haben \u00e4u\u00dferst wettbewerbsf\u00e4hige Preise und k\u00f6nnen wahrlich jedem Ihrer R\u00e4ume eine besondere Note verleihen.<\/p>\n<p>Unsere Cosy Owl Kerzendosen gibt es in verschiedenen Gr\u00f6\u00dfen und sie sind auch in Wei\u00df oder Rotgold mit goldfarbenen R\u00e4ndern lieferbar.<\/p>\n<p>Gr\u00f6\u00dfe und Volumen:<\/p>\n<ul>\n<li>Volumen: 250ml<\/li>\n<li>Gr\u00f6\u00dfe: 77mm (Durchmesser) x 65mm (H\u00f6he)<\/li>\n<\/ul>\n<p>Leider ist es uns derzeit nicht m\u00f6glich, Metalldosen au\u00dferhalb des Vereinigten K\u00f6nigreichs zu versenden. Sollte sich diese Situation \u00e4ndern, werden wir die Produkte aktualisieren und wieder zum Verkauf anbieten<\/p>\n","protected":false},"excerpt":{"rendered":"<p>Dieses Produkt ist eine runde matt-silberne Kerzendose mit silbergl\u00e4nzenden R\u00e4ndern am Boden und oben und unten um den Deckel. Die Kerzendose hat einen abgestuften Boden, einen fest sitzenden St\u00fclpdeckel und ist durch eine verdeckte, solide verschwei\u00dfte Seitennaht verst\u00e4rkt. Unsere Kerzendosen haben \u00e4u\u00dferst wettbewerbsf\u00e4hige Preise und k\u00f6nnen wahrlich jedem Ihrer R\u00e4ume eine besondere Note verleihen. Unsere [&hellip;]<\/p>\n","protected":false},"featured_media":8801,"comment_status":"open","ping_status":"closed","template":"","meta":{"_acf_changed":false},"product_brand":[],"product_cat":[322,96],"product_tag":[],"class_list":{"0":"post-8779","1":"product","2":"type-product","3":"status-publish","4":"has-post-thumbnail","6":"product_cat-koerperpflegebedarf-behalter","7":"product_cat-metallbehlter","9":"first","10":"instock","11":"taxable","12":"shipping-taxable","13":"purchasable","14":"product-type-variable"},"acf":[],"_links":{"self":[{"href":"https:\/\/cosyowl.com\/de\/wp-json\/wp\/v2\/product\/8779","targetHints":{"allow":["GET"]}}],"collection":[{"href":"https:\/\/cosyowl.com\/de\/wp-json\/wp\/v2\/product"}],"about":[{"href":"https:\/\/cosyowl.com\/de\/wp-json\/wp\/v2\/types\/product"}],"replies":[{"embeddable":true,"href":"https:\/\/cosyowl.com\/de\/wp-json\/wp\/v2\/comments?post=8779"}],"wp:featuredmedia":[{"embeddable":true,"href":"https:\/\/cosyowl.com\/de\/wp-json\/wp\/v2\/media\/8801"}],"wp:attachment":[{"href":"https:\/\/cosyowl.com\/de\/wp-json\/wp\/v2\/media?parent=8779"}],"wp:term":[{"taxonomy":"product_brand","embeddable":true,"href":"https:\/\/cosyowl.com\/de\/wp-json\/wp\/v2\/product_brand?post=8779"},{"taxonomy":"product_cat","embeddable":true,"href":"https:\/\/cosyowl.com\/de\/wp-json\/wp\/v2\/product_cat?post=8779"},{"taxonomy":"product_tag","embeddable":true,"href":"https:\/\/cosyowl.com\/de\/wp-json\/wp\/v2\/product_tag?post=8779"}],"curies":[{"name":"wp","href":"https:\/\/api.w.org\/{rel}","templated":true}]}}