{"id":8755,"date":"2021-07-01T12:43:00","date_gmt":"2021-07-01T11:43:00","guid":{"rendered":"https:\/\/cosyowl.com\/de\/product\/unkategorisiert\/recipient-en-verre-bouteille-pour-diffuseur-karen-de-100ml"},"modified":"2026-03-03T17:24:37","modified_gmt":"2026-03-03T17:24:37","slug":"glasbehalter-100ml-karen-diffusorflasche","status":"publish","type":"product","link":"https:\/\/cosyowl.com\/de\/reed-diffusoren\/glasbehalter-100ml-karen-diffusorflasche","title":{"rendered":"Glasbeh\u00e4lter \u2013 100 ml Karen Diffusorflasche"},"content":{"rendered":"<p>Dies ist ein stilvoller und robuster Glasbeh\u00e4lter, der bis zu 100 ml Duft aufnehmen kann. Wie Sie an seinem Aussehen sehen k\u00f6nnen, hat es eine robuste und elegante Form. Nutzen Sie unsere Duft\u00f6le, um ein enormes Aroma zu erzeugen, das jeden Wohnraum erf\u00fcllt.<\/p>\n<p>Gr\u00f6\u00dfe \u2013 Durchmesser: 69 mm H\u00f6he: 79 mm mit Schraubverschluss.<\/p>\n","protected":false},"excerpt":{"rendered":"<p>Dies ist ein stilvoller und robuster Glasbeh\u00e4lter, der bis zu 100 ml Duft aufnehmen kann. Wie Sie an seinem Aussehen sehen k\u00f6nnen, hat es eine robuste und elegante Form. Nutzen Sie unsere Duft\u00f6le, um ein enormes Aroma zu erzeugen, das jeden Wohnraum erf\u00fcllt. Gr\u00f6\u00dfe \u2013 Durchmesser: 69 mm H\u00f6he: 79 mm mit Schraubverschluss.<\/p>\n","protected":false},"featured_media":11067,"comment_status":"open","ping_status":"closed","template":"","meta":{"_acf_changed":false},"product_brand":[],"product_cat":[308],"product_tag":[],"class_list":{"0":"post-8755","1":"product","2":"type-product","3":"status-publish","4":"has-post-thumbnail","6":"product_cat-reed-diffusoren-diffusorflasche","8":"first","9":"instock","10":"taxable","11":"shipping-taxable","12":"purchasable","13":"product-type-simple"},"acf":[],"_links":{"self":[{"href":"https:\/\/cosyowl.com\/de\/wp-json\/wp\/v2\/product\/8755","targetHints":{"allow":["GET"]}}],"collection":[{"href":"https:\/\/cosyowl.com\/de\/wp-json\/wp\/v2\/product"}],"about":[{"href":"https:\/\/cosyowl.com\/de\/wp-json\/wp\/v2\/types\/product"}],"replies":[{"embeddable":true,"href":"https:\/\/cosyowl.com\/de\/wp-json\/wp\/v2\/comments?post=8755"}],"wp:featuredmedia":[{"embeddable":true,"href":"https:\/\/cosyowl.com\/de\/wp-json\/wp\/v2\/media\/11067"}],"wp:attachment":[{"href":"https:\/\/cosyowl.com\/de\/wp-json\/wp\/v2\/media?parent=8755"}],"wp:term":[{"taxonomy":"product_brand","embeddable":true,"href":"https:\/\/cosyowl.com\/de\/wp-json\/wp\/v2\/product_brand?post=8755"},{"taxonomy":"product_cat","embeddable":true,"href":"https:\/\/cosyowl.com\/de\/wp-json\/wp\/v2\/product_cat?post=8755"},{"taxonomy":"product_tag","embeddable":true,"href":"https:\/\/cosyowl.com\/de\/wp-json\/wp\/v2\/product_tag?post=8755"}],"curies":[{"name":"wp","href":"https:\/\/api.w.org\/{rel}","templated":true}]}}