{"id":8753,"date":"2021-09-01T12:43:00","date_gmt":"2021-09-01T11:43:00","guid":{"rendered":"https:\/\/cosyowl.com\/de\/product\/unkategorisiert\/couvercle-en-bambou-pour-verre-rond-karen-30cl"},"modified":"2026-03-03T17:24:36","modified_gmt":"2026-03-03T17:24:36","slug":"bambusdeckel-fur-300ml-karen-rund-glasbehalter","status":"publish","type":"product","link":"https:\/\/cosyowl.com\/de\/bambusdeckel-fr-300ml-karen-rund-glasbehalter","title":{"rendered":"Bambusdeckel f\u00fcr 300ml Karen Rund Glasbeh\u00e4lter"},"content":{"rendered":"<p>Dieser Deckel aus Bambusholz ist speziell f\u00fcr den Karen Rund 300ml Glasbeh\u00e4lter geeignet. Durchmesser: 81mm.<\/p>\n","protected":false},"excerpt":{"rendered":"<p>Dieser Deckel aus Bambusholz ist speziell f\u00fcr den Karen Rund 300ml Glasbeh\u00e4lter geeignet. Durchmesser: 81mm.<\/p>\n","protected":false},"featured_media":11066,"comment_status":"open","ping_status":"closed","template":"","meta":{"_acf_changed":false},"product_brand":[],"product_cat":[122],"product_tag":[],"class_list":{"0":"post-8753","1":"product","2":"type-product","3":"status-publish","4":"has-post-thumbnail","6":"product_cat-kerzenglaser","8":"first","9":"instock","10":"taxable","11":"shipping-taxable","12":"purchasable","13":"product-type-simple"},"acf":[],"_links":{"self":[{"href":"https:\/\/cosyowl.com\/de\/wp-json\/wp\/v2\/product\/8753","targetHints":{"allow":["GET"]}}],"collection":[{"href":"https:\/\/cosyowl.com\/de\/wp-json\/wp\/v2\/product"}],"about":[{"href":"https:\/\/cosyowl.com\/de\/wp-json\/wp\/v2\/types\/product"}],"replies":[{"embeddable":true,"href":"https:\/\/cosyowl.com\/de\/wp-json\/wp\/v2\/comments?post=8753"}],"wp:featuredmedia":[{"embeddable":true,"href":"https:\/\/cosyowl.com\/de\/wp-json\/wp\/v2\/media\/11066"}],"wp:attachment":[{"href":"https:\/\/cosyowl.com\/de\/wp-json\/wp\/v2\/media?parent=8753"}],"wp:term":[{"taxonomy":"product_brand","embeddable":true,"href":"https:\/\/cosyowl.com\/de\/wp-json\/wp\/v2\/product_brand?post=8753"},{"taxonomy":"product_cat","embeddable":true,"href":"https:\/\/cosyowl.com\/de\/wp-json\/wp\/v2\/product_cat?post=8753"},{"taxonomy":"product_tag","embeddable":true,"href":"https:\/\/cosyowl.com\/de\/wp-json\/wp\/v2\/product_tag?post=8753"}],"curies":[{"name":"wp","href":"https:\/\/api.w.org\/{rel}","templated":true}]}}