{"id":8751,"date":"2021-09-01T12:43:00","date_gmt":"2021-09-01T11:43:00","guid":{"rendered":"https:\/\/cosyowl.com\/de\/product\/unkategorisiert\/recipient-en-verre-plat-rond-55cl"},"modified":"2026-03-09T10:40:57","modified_gmt":"2026-03-09T10:40:57","slug":"kerzenbehalter-aus-glas-runder-flacher-teller","status":"publish","type":"product","link":"https:\/\/cosyowl.com\/de\/glasbehlter-550ml-runde-flache-schale","title":{"rendered":"Kerzenbeh\u00e4lter aus Glas &#8211; runder flacher Teller"},"content":{"rendered":"<p>Dies ist ein stabiler hitzebest\u00e4ndiger Glasbeh\u00e4lter geeignet zur Herstellung von mittelgro\u00dfen Kerzen. Kreieren Sie mithilfe unserer Duft\u00f6le ein unglaubliches Aroma, um die Sinneswahrnehmung zu verst\u00e4rken. Dieser Glasbeh\u00e4lter kann 550ml Kerzenwachs fassen.<\/p>\n<p><strong>Gr\u00f6\u00dfe &#8211; <\/strong> Durchmesser: 125mm H\u00f6he: 70mm<\/p>\n<p>Bitte beachten Sie, dass vorheriges Aufw\u00e4rmen Ihres Glasbeh\u00e4lters auf etwa 45\u00b0C das Auftreten m\u00f6glicher Defekte w\u00e4hrend der Kerzenaush\u00e4rtung reduzieren kann.<\/p>\n","protected":false},"excerpt":{"rendered":"<p>Dies ist ein stabiler hitzebest\u00e4ndiger Glasbeh\u00e4lter geeignet zur Herstellung von mittelgro\u00dfen Kerzen. Kreieren Sie mithilfe unserer Duft\u00f6le ein unglaubliches Aroma, um die Sinneswahrnehmung zu verst\u00e4rken. Dieser Glasbeh\u00e4lter kann 550ml Kerzenwachs fassen. Gr\u00f6\u00dfe &#8211; Durchmesser: 125mm H\u00f6he: 70mm Bitte beachten Sie, dass vorheriges Aufw\u00e4rmen Ihres Glasbeh\u00e4lters auf etwa 45\u00b0C das Auftreten m\u00f6glicher Defekte w\u00e4hrend der Kerzenaush\u00e4rtung [&hellip;]<\/p>\n","protected":false},"featured_media":24743,"comment_status":"open","ping_status":"closed","template":"","meta":{"_acf_changed":false},"product_brand":[],"product_cat":[122],"product_tag":[],"class_list":{"0":"post-8751","1":"product","2":"type-product","3":"status-publish","4":"has-post-thumbnail","6":"product_cat-kerzenglaser","8":"first","9":"instock","10":"taxable","11":"shipping-taxable","12":"purchasable","13":"product-type-simple"},"acf":[],"_links":{"self":[{"href":"https:\/\/cosyowl.com\/de\/wp-json\/wp\/v2\/product\/8751","targetHints":{"allow":["GET"]}}],"collection":[{"href":"https:\/\/cosyowl.com\/de\/wp-json\/wp\/v2\/product"}],"about":[{"href":"https:\/\/cosyowl.com\/de\/wp-json\/wp\/v2\/types\/product"}],"replies":[{"embeddable":true,"href":"https:\/\/cosyowl.com\/de\/wp-json\/wp\/v2\/comments?post=8751"}],"wp:featuredmedia":[{"embeddable":true,"href":"https:\/\/cosyowl.com\/de\/wp-json\/wp\/v2\/media\/24743"}],"wp:attachment":[{"href":"https:\/\/cosyowl.com\/de\/wp-json\/wp\/v2\/media?parent=8751"}],"wp:term":[{"taxonomy":"product_brand","embeddable":true,"href":"https:\/\/cosyowl.com\/de\/wp-json\/wp\/v2\/product_brand?post=8751"},{"taxonomy":"product_cat","embeddable":true,"href":"https:\/\/cosyowl.com\/de\/wp-json\/wp\/v2\/product_cat?post=8751"},{"taxonomy":"product_tag","embeddable":true,"href":"https:\/\/cosyowl.com\/de\/wp-json\/wp\/v2\/product_tag?post=8751"}],"curies":[{"name":"wp","href":"https:\/\/api.w.org\/{rel}","templated":true}]}}