{"id":8749,"date":"2021-09-01T12:43:00","date_gmt":"2021-09-01T11:43:00","guid":{"rendered":"https:\/\/cosyowl.com\/de\/product\/unkategorisiert\/bouchon-de-bouteille-de-diffuseur"},"modified":"2026-03-03T17:24:36","modified_gmt":"2026-03-03T17:24:36","slug":"verschlussstopfen-fur-diffusorflasche","status":"publish","type":"product","link":"https:\/\/cosyowl.com\/de\/reed-diffusoren\/verschlussstopfen-fur-diffusorflasche","title":{"rendered":"Verschlussstopfen f\u00fcr Diffusorflasche"},"content":{"rendered":"<p>Dieser Verschlussstopfen aus Kunststoff kann zum sicheren Verschlie\u00dfen des Beh\u00e4lters verwendet werden, damit das Duft\u00f6l nicht verdampft, ausl\u00e4uft oder seinen Geruch abgibt, wenn dies nicht ben\u00f6tigt wird.<\/p>\n<p>\n","protected":false},"excerpt":{"rendered":"<p>Dieser Verschlussstopfen aus Kunststoff kann zum sicheren Verschlie\u00dfen des Beh\u00e4lters verwendet werden, damit das Duft\u00f6l nicht verdampft, ausl\u00e4uft oder seinen Geruch abgibt, wenn dies nicht ben\u00f6tigt wird.<\/p>\n","protected":false},"featured_media":11064,"comment_status":"open","ping_status":"closed","template":"","meta":{"_acf_changed":false},"product_brand":[],"product_cat":[308,120],"product_tag":[],"class_list":{"0":"post-8749","1":"product","2":"type-product","3":"status-publish","4":"has-post-thumbnail","6":"product_cat-reed-diffusoren-diffusorflasche","7":"product_cat-reed-diffusoren","9":"first","10":"instock","11":"taxable","12":"shipping-taxable","13":"purchasable","14":"product-type-simple"},"acf":[],"_links":{"self":[{"href":"https:\/\/cosyowl.com\/de\/wp-json\/wp\/v2\/product\/8749","targetHints":{"allow":["GET"]}}],"collection":[{"href":"https:\/\/cosyowl.com\/de\/wp-json\/wp\/v2\/product"}],"about":[{"href":"https:\/\/cosyowl.com\/de\/wp-json\/wp\/v2\/types\/product"}],"replies":[{"embeddable":true,"href":"https:\/\/cosyowl.com\/de\/wp-json\/wp\/v2\/comments?post=8749"}],"wp:featuredmedia":[{"embeddable":true,"href":"https:\/\/cosyowl.com\/de\/wp-json\/wp\/v2\/media\/11064"}],"wp:attachment":[{"href":"https:\/\/cosyowl.com\/de\/wp-json\/wp\/v2\/media?parent=8749"}],"wp:term":[{"taxonomy":"product_brand","embeddable":true,"href":"https:\/\/cosyowl.com\/de\/wp-json\/wp\/v2\/product_brand?post=8749"},{"taxonomy":"product_cat","embeddable":true,"href":"https:\/\/cosyowl.com\/de\/wp-json\/wp\/v2\/product_cat?post=8749"},{"taxonomy":"product_tag","embeddable":true,"href":"https:\/\/cosyowl.com\/de\/wp-json\/wp\/v2\/product_tag?post=8749"}],"curies":[{"name":"wp","href":"https:\/\/api.w.org\/{rel}","templated":true}]}}