{"id":8747,"date":"2021-09-01T12:43:00","date_gmt":"2021-09-01T11:43:00","guid":{"rendered":"https:\/\/cosyowl.com\/de\/product\/unkategorisiert\/bouchon-de-diffuseur-a-coque-metallique-or-brillant"},"modified":"2026-03-03T17:24:36","modified_gmt":"2026-03-03T17:24:36","slug":"diffusorkappe-mit-metallgehause-gold-glanzend","status":"publish","type":"product","link":"https:\/\/cosyowl.com\/de\/reed-diffusoren\/diffusorkappe-mit-metallgehause-gold-glanzend","title":{"rendered":"Diffusorkappe mit Metallgeh\u00e4use &#8211; Gold gl\u00e4nzend"},"content":{"rendered":"<p>DDiese Diffusorkappe aus gl\u00e4nzendem Gold mit Metallgeh\u00e4use kann auf den Beh\u00e4lter aufgesetzt werden, um ein \u00e4sthetisch ansprechenderes Erscheinungsbild zu erzielen. Die Reed-Diffusor-St\u00e4bchen ragen einfach durch das Loch in der Kappe aus der Flasche heraus.  <\/p>\n","protected":false},"excerpt":{"rendered":"<p>DDiese Diffusorkappe aus gl\u00e4nzendem Gold mit Metallgeh\u00e4use kann auf den Beh\u00e4lter aufgesetzt werden, um ein \u00e4sthetisch ansprechenderes Erscheinungsbild zu erzielen. Die Reed-Diffusor-St\u00e4bchen ragen einfach durch das Loch in der Kappe aus der Flasche heraus.<\/p>\n","protected":false},"featured_media":11063,"comment_status":"open","ping_status":"closed","template":"","meta":{"_acf_changed":false},"product_brand":[],"product_cat":[308,120],"product_tag":[],"class_list":{"0":"post-8747","1":"product","2":"type-product","3":"status-publish","4":"has-post-thumbnail","6":"product_cat-reed-diffusoren-diffusorflasche","7":"product_cat-reed-diffusoren","9":"first","10":"instock","11":"taxable","12":"shipping-taxable","13":"purchasable","14":"product-type-simple"},"acf":[],"_links":{"self":[{"href":"https:\/\/cosyowl.com\/de\/wp-json\/wp\/v2\/product\/8747","targetHints":{"allow":["GET"]}}],"collection":[{"href":"https:\/\/cosyowl.com\/de\/wp-json\/wp\/v2\/product"}],"about":[{"href":"https:\/\/cosyowl.com\/de\/wp-json\/wp\/v2\/types\/product"}],"replies":[{"embeddable":true,"href":"https:\/\/cosyowl.com\/de\/wp-json\/wp\/v2\/comments?post=8747"}],"wp:featuredmedia":[{"embeddable":true,"href":"https:\/\/cosyowl.com\/de\/wp-json\/wp\/v2\/media\/11063"}],"wp:attachment":[{"href":"https:\/\/cosyowl.com\/de\/wp-json\/wp\/v2\/media?parent=8747"}],"wp:term":[{"taxonomy":"product_brand","embeddable":true,"href":"https:\/\/cosyowl.com\/de\/wp-json\/wp\/v2\/product_brand?post=8747"},{"taxonomy":"product_cat","embeddable":true,"href":"https:\/\/cosyowl.com\/de\/wp-json\/wp\/v2\/product_cat?post=8747"},{"taxonomy":"product_tag","embeddable":true,"href":"https:\/\/cosyowl.com\/de\/wp-json\/wp\/v2\/product_tag?post=8747"}],"curies":[{"name":"wp","href":"https:\/\/api.w.org\/{rel}","templated":true}]}}