{"id":8738,"date":"2021-07-01T12:43:00","date_gmt":"2021-07-01T11:43:00","guid":{"rendered":"https:\/\/cosyowl.com\/de\/product\/unkategorisiert\/import-placeholder-for-tcdl-ccon-bowl-nkrn-s20cl-293"},"modified":"2026-03-03T17:26:26","modified_gmt":"2026-03-03T17:26:26","slug":"couvercle-argent-pour-verre-rond-karen-20cl","status":"publish","type":"product","link":"https:\/\/cosyowl.com\/de\/silberdeckel-fr-200ml-karen-rund-glasbehalter","title":{"rendered":"Metalldeckel f\u00fcr 20cl Beh\u00e4lter"},"content":{"rendered":"<p>Dieser Deckel ist besonders geeignet f\u00fcr den Karen 20cl runden Glasbeh\u00e4lter.<\/p>\n<p>Erh\u00e4ltlich in 3 Farben: Silber, Kupfer und Messing<\/p>\n<p><span class=\"HwtZe\" lang=\"de\"><span class=\"jCAhz ChMk0b C1N51c\"><span class=\"ryNqvb\">Au\u00dfenma\u00dfe<\/span><\/span><\/span> &#8211; H10mm x W74mm<\/p>\n<p><span class=\"HwtZe\" lang=\"de\"><span class=\"jCAhz ChMk0b C1N51c\"><span class=\"ryNqvb\">Innenma\u00dfe<\/span><\/span><\/span> &#8211; H8mm x W72mm<\/p>\n","protected":false},"excerpt":{"rendered":"<p>Dieser Deckel ist besonders geeignet f\u00fcr den Karen 20cl runden Glasbeh\u00e4lter. Erh\u00e4ltlich in 3 Farben: Silber, Kupfer und Messing Au\u00dfenma\u00dfe &#8211; H10mm x W74mm Innenma\u00dfe &#8211; H8mm x W72mm<\/p>\n","protected":false},"featured_media":21200,"comment_status":"open","ping_status":"closed","template":"","meta":{"_acf_changed":false},"product_brand":[],"product_cat":[122,96],"product_tag":[],"class_list":{"0":"post-8738","1":"product","2":"type-product","3":"status-publish","4":"has-post-thumbnail","6":"product_cat-kerzenglaser","7":"product_cat-metallbehlter","9":"first","10":"instock","11":"taxable","12":"shipping-taxable","13":"purchasable","14":"product-type-variable"},"acf":[],"_links":{"self":[{"href":"https:\/\/cosyowl.com\/de\/wp-json\/wp\/v2\/product\/8738","targetHints":{"allow":["GET"]}}],"collection":[{"href":"https:\/\/cosyowl.com\/de\/wp-json\/wp\/v2\/product"}],"about":[{"href":"https:\/\/cosyowl.com\/de\/wp-json\/wp\/v2\/types\/product"}],"replies":[{"embeddable":true,"href":"https:\/\/cosyowl.com\/de\/wp-json\/wp\/v2\/comments?post=8738"}],"wp:featuredmedia":[{"embeddable":true,"href":"https:\/\/cosyowl.com\/de\/wp-json\/wp\/v2\/media\/21200"}],"wp:attachment":[{"href":"https:\/\/cosyowl.com\/de\/wp-json\/wp\/v2\/media?parent=8738"}],"wp:term":[{"taxonomy":"product_brand","embeddable":true,"href":"https:\/\/cosyowl.com\/de\/wp-json\/wp\/v2\/product_brand?post=8738"},{"taxonomy":"product_cat","embeddable":true,"href":"https:\/\/cosyowl.com\/de\/wp-json\/wp\/v2\/product_cat?post=8738"},{"taxonomy":"product_tag","embeddable":true,"href":"https:\/\/cosyowl.com\/de\/wp-json\/wp\/v2\/product_tag?post=8738"}],"curies":[{"name":"wp","href":"https:\/\/api.w.org\/{rel}","templated":true}]}}