{"id":8737,"date":"2021-07-01T12:43:00","date_gmt":"2021-07-01T11:43:00","guid":{"rendered":"https:\/\/cosyowl.com\/de\/product\/unkategorisiert\/import-placeholder-for-tcdl-clid-bowl-nkrn-s30cl-292"},"modified":"2026-03-03T17:24:37","modified_gmt":"2026-03-03T17:24:37","slug":"8795","status":"publish","type":"product","link":"https:\/\/cosyowl.com\/de\/kerzenherstellung-lieferungen\/kerzenbehaelter\/kerzenglaeser\/metalldeckel-fur-30cl-behalter","title":{"rendered":"Metalldeckel f\u00fcr 30cl-Beh\u00e4lter"},"content":{"rendered":"<p>Dieser Deckel eignet sich besonders f\u00fcr den Karen Round 30 cl Glasbeh\u00e4lter.<\/p>\n<p>Erh\u00e4ltlich in 3 Farben: Silber, Kupfer und Messing<\/p>\n<p>Au\u00dfenma\u00dfe &#8211; H10mm x W85mm<\/p>\n<p>Innenma\u00dfe &#8211; H8mm x W83mm<\/p>\n","protected":false},"excerpt":{"rendered":"<p>Dieser Deckel eignet sich besonders f\u00fcr den Karen Round 30 cl Glasbeh\u00e4lter. Erh\u00e4ltlich in 3 Farben: Silber, Kupfer und Messing Au\u00dfenma\u00dfe &#8211; H10mm x W85mm Innenma\u00dfe &#8211; H8mm x W83mm<\/p>\n","protected":false},"featured_media":21200,"comment_status":"open","ping_status":"closed","template":"","meta":{"_acf_changed":false},"product_brand":[],"product_cat":[122,96],"product_tag":[],"class_list":{"0":"post-8737","1":"product","2":"type-product","3":"status-publish","4":"has-post-thumbnail","6":"product_cat-kerzenglaser","7":"product_cat-metallbehlter","9":"first","10":"instock","11":"sold-individually","12":"taxable","13":"shipping-taxable","14":"purchasable","15":"product-type-variable"},"acf":[],"_links":{"self":[{"href":"https:\/\/cosyowl.com\/de\/wp-json\/wp\/v2\/product\/8737","targetHints":{"allow":["GET"]}}],"collection":[{"href":"https:\/\/cosyowl.com\/de\/wp-json\/wp\/v2\/product"}],"about":[{"href":"https:\/\/cosyowl.com\/de\/wp-json\/wp\/v2\/types\/product"}],"replies":[{"embeddable":true,"href":"https:\/\/cosyowl.com\/de\/wp-json\/wp\/v2\/comments?post=8737"}],"wp:featuredmedia":[{"embeddable":true,"href":"https:\/\/cosyowl.com\/de\/wp-json\/wp\/v2\/media\/21200"}],"wp:attachment":[{"href":"https:\/\/cosyowl.com\/de\/wp-json\/wp\/v2\/media?parent=8737"}],"wp:term":[{"taxonomy":"product_brand","embeddable":true,"href":"https:\/\/cosyowl.com\/de\/wp-json\/wp\/v2\/product_brand?post=8737"},{"taxonomy":"product_cat","embeddable":true,"href":"https:\/\/cosyowl.com\/de\/wp-json\/wp\/v2\/product_cat?post=8737"},{"taxonomy":"product_tag","embeddable":true,"href":"https:\/\/cosyowl.com\/de\/wp-json\/wp\/v2\/product_tag?post=8737"}],"curies":[{"name":"wp","href":"https:\/\/api.w.org\/{rel}","templated":true}]}}