{"id":8736,"date":"2021-09-01T12:43:00","date_gmt":"2021-09-01T11:43:00","guid":{"rendered":"https:\/\/cosyowl.com\/de\/product\/unkategorisiert\/import-placeholder-for-tcdl-ccon-bowl-nfld-clid-291"},"modified":"2026-03-03T17:24:36","modified_gmt":"2026-03-03T17:24:36","slug":"silberdeckel-fur-550ml-runde-flache-schale","status":"publish","type":"product","link":"https:\/\/cosyowl.com\/de\/silberdeckel-fr-550ml-runde-flache-schale","title":{"rendered":"Silberdeckel f\u00fcr 550ml Runde Flache Schale"},"content":{"rendered":"<p>Dieser Deckel eignet sich besonders f\u00fcr den Karen Round 200ml Glasbeh\u00e4lter.<\/p>\n<p>Erh\u00e4ltlich in 2 Farben: Silber und Kupfer<\/p>\n<p>Au\u00dfenma\u00dfe &#8211; H12mm x W127mm<\/p>\n<p>Innenma\u00dfe &#8211; H12mm x W125mm<\/p>\n","protected":false},"excerpt":{"rendered":"<p>Dieser Deckel eignet sich besonders f\u00fcr den Karen Round 200ml Glasbeh\u00e4lter. Erh\u00e4ltlich in 2 Farben: Silber und Kupfer Au\u00dfenma\u00dfe &#8211; H12mm x W127mm Innenma\u00dfe &#8211; H12mm x W125mm<\/p>\n","protected":false},"featured_media":21191,"comment_status":"open","ping_status":"closed","template":"","meta":{"_acf_changed":false},"product_brand":[],"product_cat":[122,96],"product_tag":[],"class_list":{"0":"post-8736","1":"product","2":"type-product","3":"status-publish","4":"has-post-thumbnail","6":"product_cat-kerzenglaser","7":"product_cat-metallbehlter","9":"first","10":"instock","11":"taxable","12":"shipping-taxable","13":"purchasable","14":"product-type-simple"},"acf":[],"_links":{"self":[{"href":"https:\/\/cosyowl.com\/de\/wp-json\/wp\/v2\/product\/8736","targetHints":{"allow":["GET"]}}],"collection":[{"href":"https:\/\/cosyowl.com\/de\/wp-json\/wp\/v2\/product"}],"about":[{"href":"https:\/\/cosyowl.com\/de\/wp-json\/wp\/v2\/types\/product"}],"replies":[{"embeddable":true,"href":"https:\/\/cosyowl.com\/de\/wp-json\/wp\/v2\/comments?post=8736"}],"wp:featuredmedia":[{"embeddable":true,"href":"https:\/\/cosyowl.com\/de\/wp-json\/wp\/v2\/media\/21191"}],"wp:attachment":[{"href":"https:\/\/cosyowl.com\/de\/wp-json\/wp\/v2\/media?parent=8736"}],"wp:term":[{"taxonomy":"product_brand","embeddable":true,"href":"https:\/\/cosyowl.com\/de\/wp-json\/wp\/v2\/product_brand?post=8736"},{"taxonomy":"product_cat","embeddable":true,"href":"https:\/\/cosyowl.com\/de\/wp-json\/wp\/v2\/product_cat?post=8736"},{"taxonomy":"product_tag","embeddable":true,"href":"https:\/\/cosyowl.com\/de\/wp-json\/wp\/v2\/product_tag?post=8736"}],"curies":[{"name":"wp","href":"https:\/\/api.w.org\/{rel}","templated":true}]}}