{"id":8731,"date":"2021-09-01T12:43:00","date_gmt":"2021-09-01T11:43:00","guid":{"rendered":"https:\/\/cosyowl.com\/de\/product\/unkategorisiert\/recipient-en-verre-bouteille-pour-diffuseur-karen-de-200ml"},"modified":"2026-03-03T17:24:35","modified_gmt":"2026-03-03T17:24:35","slug":"glasbehalter-200ml-niedrige-zylindrische-diffusorflasche","status":"publish","type":"product","link":"https:\/\/cosyowl.com\/de\/reed-diffusoren\/glasbehalter-200ml-niedrige-zylindrische-diffusorflasche","title":{"rendered":"Glasbeh\u00e4lter \u2013 200 ml gedrungene zylindrische Diffusorflasche"},"content":{"rendered":"<p>Dies ist ein eleganter und stabiler Glasbeh\u00e4lter geeignet f\u00fcr bis zu 200ml Duft\u00f6l. Wie Sie in der Abbildung sehen k\u00f6nnen, hat er eine robuste runde Form. Kreieren Sie mithilfe unserer Duft\u00f6le ein unglaubliches Aroma, das jeden Wohnraum durchstr\u00f6mt.<\/p>\n<p><strong>Gr\u00f6\u00dfe<\/strong> &#8211; Durchmesser: 90mm, H\u00f6he: 78mm mit Schraubverschluss.<\/p>\n","protected":false},"excerpt":{"rendered":"<p>Dies ist ein eleganter und stabiler Glasbeh\u00e4lter geeignet f\u00fcr bis zu 200ml Duft\u00f6l. Wie Sie in der Abbildung sehen k\u00f6nnen, hat er eine robuste runde Form. Kreieren Sie mithilfe unserer Duft\u00f6le ein unglaubliches Aroma, das jeden Wohnraum durchstr\u00f6mt. Gr\u00f6\u00dfe &#8211; Durchmesser: 90mm, H\u00f6he: 78mm mit Schraubverschluss.<\/p>\n","protected":false},"featured_media":11058,"comment_status":"open","ping_status":"closed","template":"","meta":{"_acf_changed":false},"product_brand":[],"product_cat":[308],"product_tag":[],"class_list":{"0":"post-8731","1":"product","2":"type-product","3":"status-publish","4":"has-post-thumbnail","6":"product_cat-reed-diffusoren-diffusorflasche","8":"first","9":"outofstock","10":"taxable","11":"shipping-taxable","12":"purchasable","13":"product-type-simple"},"acf":[],"_links":{"self":[{"href":"https:\/\/cosyowl.com\/de\/wp-json\/wp\/v2\/product\/8731","targetHints":{"allow":["GET"]}}],"collection":[{"href":"https:\/\/cosyowl.com\/de\/wp-json\/wp\/v2\/product"}],"about":[{"href":"https:\/\/cosyowl.com\/de\/wp-json\/wp\/v2\/types\/product"}],"replies":[{"embeddable":true,"href":"https:\/\/cosyowl.com\/de\/wp-json\/wp\/v2\/comments?post=8731"}],"wp:featuredmedia":[{"embeddable":true,"href":"https:\/\/cosyowl.com\/de\/wp-json\/wp\/v2\/media\/11058"}],"wp:attachment":[{"href":"https:\/\/cosyowl.com\/de\/wp-json\/wp\/v2\/media?parent=8731"}],"wp:term":[{"taxonomy":"product_brand","embeddable":true,"href":"https:\/\/cosyowl.com\/de\/wp-json\/wp\/v2\/product_brand?post=8731"},{"taxonomy":"product_cat","embeddable":true,"href":"https:\/\/cosyowl.com\/de\/wp-json\/wp\/v2\/product_cat?post=8731"},{"taxonomy":"product_tag","embeddable":true,"href":"https:\/\/cosyowl.com\/de\/wp-json\/wp\/v2\/product_tag?post=8731"}],"curies":[{"name":"wp","href":"https:\/\/api.w.org\/{rel}","templated":true}]}}