{"id":8729,"date":"2021-09-01T12:43:00","date_gmt":"2021-09-01T11:43:00","guid":{"rendered":"https:\/\/cosyowl.com\/de\/product\/unkategorisiert\/recipient-en-verre-cube-diffuseur-100ml"},"modified":"2026-03-03T17:24:35","modified_gmt":"2026-03-03T17:24:35","slug":"glasbehalter-100ml-diffusorwurfel","status":"publish","type":"product","link":"https:\/\/cosyowl.com\/de\/reed-diffusoren\/glasbehalter-100ml-diffusorwurfel","title":{"rendered":"Glasbeh\u00e4lter \u2013 100 ml Diffusorw\u00fcrfel"},"content":{"rendered":"<p>Dies ist ein eleganter und stabiler Glasbeh\u00e4lter geeignet f\u00fcr bis zu 100ml Duft\u00f6l. Wie Sie in der Abbildung sehen k\u00f6nnen, hat er eine robuste W\u00fcrfelform. Kreieren Sie mithilfe unserer Duft\u00f6le ein unglaubliches Aroma, das jeden Wohnraum durchstr\u00f6mt.<\/p>\n<p><p><strong>Gr\u00f6\u00dfe &#8211; Breite\/Tiefe: 59mm, H\u00f6he: 77mm mit Schraubverschluss<\/p>\n","protected":false},"excerpt":{"rendered":"<p>Dies ist ein eleganter und stabiler Glasbeh\u00e4lter geeignet f\u00fcr bis zu 100ml Duft\u00f6l. Wie Sie in der Abbildung sehen k\u00f6nnen, hat er eine robuste W\u00fcrfelform. Kreieren Sie mithilfe unserer Duft\u00f6le ein unglaubliches Aroma, das jeden Wohnraum durchstr\u00f6mt. Gr\u00f6\u00dfe &#8211; Breite\/Tiefe: 59mm, H\u00f6he: 77mm mit Schraubverschluss<\/p>\n","protected":false},"featured_media":11057,"comment_status":"open","ping_status":"closed","template":"","meta":{"_acf_changed":false},"product_brand":[],"product_cat":[308],"product_tag":[],"class_list":{"0":"post-8729","1":"product","2":"type-product","3":"status-publish","4":"has-post-thumbnail","6":"product_cat-reed-diffusoren-diffusorflasche","8":"first","9":"instock","10":"taxable","11":"shipping-taxable","12":"purchasable","13":"product-type-simple"},"acf":[],"_links":{"self":[{"href":"https:\/\/cosyowl.com\/de\/wp-json\/wp\/v2\/product\/8729","targetHints":{"allow":["GET"]}}],"collection":[{"href":"https:\/\/cosyowl.com\/de\/wp-json\/wp\/v2\/product"}],"about":[{"href":"https:\/\/cosyowl.com\/de\/wp-json\/wp\/v2\/types\/product"}],"replies":[{"embeddable":true,"href":"https:\/\/cosyowl.com\/de\/wp-json\/wp\/v2\/comments?post=8729"}],"wp:featuredmedia":[{"embeddable":true,"href":"https:\/\/cosyowl.com\/de\/wp-json\/wp\/v2\/media\/11057"}],"wp:attachment":[{"href":"https:\/\/cosyowl.com\/de\/wp-json\/wp\/v2\/media?parent=8729"}],"wp:term":[{"taxonomy":"product_brand","embeddable":true,"href":"https:\/\/cosyowl.com\/de\/wp-json\/wp\/v2\/product_brand?post=8729"},{"taxonomy":"product_cat","embeddable":true,"href":"https:\/\/cosyowl.com\/de\/wp-json\/wp\/v2\/product_cat?post=8729"},{"taxonomy":"product_tag","embeddable":true,"href":"https:\/\/cosyowl.com\/de\/wp-json\/wp\/v2\/product_tag?post=8729"}],"curies":[{"name":"wp","href":"https:\/\/api.w.org\/{rel}","templated":true}]}}