{"id":8727,"date":"2021-09-01T12:43:00","date_gmt":"2021-09-01T11:43:00","guid":{"rendered":"https:\/\/cosyowl.com\/de\/product\/unkategorisiert\/recipient-en-verre-5cl-gabrielle"},"modified":"2026-03-24T12:57:40","modified_gmt":"2026-03-24T12:57:40","slug":"kerzenbehalter-aus-glas-50ml-gabrielle","status":"publish","type":"product","link":"https:\/\/cosyowl.com\/de\/glasbehlter-50ml-gabrielle-gabrielle","title":{"rendered":"Kerzenbeh\u00e4lter aus Glas &#8211; 50ml Gabrielle"},"content":{"rendered":"<p>Dies ist ein stabiler hitzebest\u00e4ndiger Glasbeh\u00e4lter geeignet zur Herstellung von kleinen Kerzen. Wie Sie in der Abbildung sehen k\u00f6nnen, hat er eine zierliche runde Form. Kreieren Sie mithilfe unserer Duft\u00f6le ein unglaubliches Aroma, um die Sinneswahrnehmung zu verst\u00e4rken. Dieser Glasbeh\u00e4lter kann 50ml Kerzenwachs fassen.<\/p>\n<p><strong>Gr\u00f6\u00dfe<\/strong> &#8211; Durchmesser an der breitesten Stelle: 45mm, H\u00f6he: 53mm<\/p>\n<p>Bitte beachten Sie, dass vorheriges Aufw\u00e4rmen Ihres Glasbeh\u00e4lters auf etwa 45\u00b0C das Auftreten m\u00f6glicher Defekte w\u00e4hrend der Kerzenaush\u00e4rtung reduzieren kann.<\/p>\n","protected":false},"excerpt":{"rendered":"<p>Dies ist ein stabiler hitzebest\u00e4ndiger Glasbeh\u00e4lter geeignet zur Herstellung von kleinen Kerzen. Wie Sie in der Abbildung sehen k\u00f6nnen, hat er eine zierliche runde Form. Kreieren Sie mithilfe unserer Duft\u00f6le ein unglaubliches Aroma, um die Sinneswahrnehmung zu verst\u00e4rken. Dieser Glasbeh\u00e4lter kann 50ml Kerzenwachs fassen. Gr\u00f6\u00dfe &#8211; Durchmesser an der breitesten Stelle: 45mm, H\u00f6he: 53mm Bitte [&hellip;]<\/p>\n","protected":false},"featured_media":24748,"comment_status":"open","ping_status":"closed","template":"","meta":{"_acf_changed":false},"product_brand":[],"product_cat":[122],"product_tag":[],"class_list":{"0":"post-8727","1":"product","2":"type-product","3":"status-publish","4":"has-post-thumbnail","6":"product_cat-kerzenglaser","8":"first","9":"instock","10":"taxable","11":"shipping-taxable","12":"purchasable","13":"product-type-simple"},"acf":[],"_links":{"self":[{"href":"https:\/\/cosyowl.com\/de\/wp-json\/wp\/v2\/product\/8727","targetHints":{"allow":["GET"]}}],"collection":[{"href":"https:\/\/cosyowl.com\/de\/wp-json\/wp\/v2\/product"}],"about":[{"href":"https:\/\/cosyowl.com\/de\/wp-json\/wp\/v2\/types\/product"}],"replies":[{"embeddable":true,"href":"https:\/\/cosyowl.com\/de\/wp-json\/wp\/v2\/comments?post=8727"}],"wp:featuredmedia":[{"embeddable":true,"href":"https:\/\/cosyowl.com\/de\/wp-json\/wp\/v2\/media\/24748"}],"wp:attachment":[{"href":"https:\/\/cosyowl.com\/de\/wp-json\/wp\/v2\/media?parent=8727"}],"wp:term":[{"taxonomy":"product_brand","embeddable":true,"href":"https:\/\/cosyowl.com\/de\/wp-json\/wp\/v2\/product_brand?post=8727"},{"taxonomy":"product_cat","embeddable":true,"href":"https:\/\/cosyowl.com\/de\/wp-json\/wp\/v2\/product_cat?post=8727"},{"taxonomy":"product_tag","embeddable":true,"href":"https:\/\/cosyowl.com\/de\/wp-json\/wp\/v2\/product_tag?post=8727"}],"curies":[{"name":"wp","href":"https:\/\/api.w.org\/{rel}","templated":true}]}}