{"id":8715,"date":"2021-09-01T12:43:00","date_gmt":"2021-09-01T11:43:00","guid":{"rendered":"https:\/\/cosyowl.com\/de\/product\/unkategorisiert\/import-placeholder-for-tcdl-cwax-bker-n3658-csta-273"},"modified":"2026-03-03T17:24:35","modified_gmt":"2026-03-03T17:24:35","slug":"stearinsaure-stearin","status":"publish","type":"product","link":"https:\/\/cosyowl.com\/de\/stearinsaure","title":{"rendered":"Stearins\u00e4ure (&#8222;Stearin&#8220;)"},"content":{"rendered":"<p>Stearins\u00e4ure (auch bekannt als Palm\u00f6l-Stearins\u00e4ure) wird verwendet, um Kerzen st\u00e4rker als \u00fcblich aush\u00e4rten zu lassen und lichtundurchl\u00e4ssiger zu machen, wenn kein Farbstoff verwendet wird oder um die Farbe aller angewandter Kerzenfarbstoffe zu verst\u00e4rken. Als Folge einer h\u00e4rteren Kerze verbessert sich die Abbrenndauer etwas. Bitte beachten Sie: Dieses Produkt DARF NICHT in Gie\u00dfformen aus Gummi verwendet werden, aber es ist f\u00fcr Plastik- und Metall-Gie\u00dfformen geeignet.<\/p>\n","protected":false},"excerpt":{"rendered":"<p>Stearins\u00e4ure (auch bekannt als Palm\u00f6l-Stearins\u00e4ure) wird verwendet, um Kerzen st\u00e4rker als \u00fcblich aush\u00e4rten zu lassen und lichtundurchl\u00e4ssiger zu machen, wenn kein Farbstoff verwendet wird oder um die Farbe aller angewandter Kerzenfarbstoffe zu verst\u00e4rken. Als Folge einer h\u00e4rteren Kerze verbessert sich die Abbrenndauer etwas. Bitte beachten Sie: Dieses Produkt DARF NICHT in Gie\u00dfformen aus Gummi verwendet [&hellip;]<\/p>\n","protected":false},"featured_media":8720,"comment_status":"open","ping_status":"closed","template":"","meta":{"_acf_changed":false},"product_brand":[],"product_cat":[124],"product_tag":[],"class_list":{"0":"post-8715","1":"product","2":"type-product","3":"status-publish","4":"has-post-thumbnail","6":"product_cat-wachszusaetze","8":"first","9":"outofstock","10":"taxable","11":"shipping-taxable","12":"purchasable","13":"product-type-variable"},"acf":[],"_links":{"self":[{"href":"https:\/\/cosyowl.com\/de\/wp-json\/wp\/v2\/product\/8715","targetHints":{"allow":["GET"]}}],"collection":[{"href":"https:\/\/cosyowl.com\/de\/wp-json\/wp\/v2\/product"}],"about":[{"href":"https:\/\/cosyowl.com\/de\/wp-json\/wp\/v2\/types\/product"}],"replies":[{"embeddable":true,"href":"https:\/\/cosyowl.com\/de\/wp-json\/wp\/v2\/comments?post=8715"}],"wp:featuredmedia":[{"embeddable":true,"href":"https:\/\/cosyowl.com\/de\/wp-json\/wp\/v2\/media\/8720"}],"wp:attachment":[{"href":"https:\/\/cosyowl.com\/de\/wp-json\/wp\/v2\/media?parent=8715"}],"wp:term":[{"taxonomy":"product_brand","embeddable":true,"href":"https:\/\/cosyowl.com\/de\/wp-json\/wp\/v2\/product_brand?post=8715"},{"taxonomy":"product_cat","embeddable":true,"href":"https:\/\/cosyowl.com\/de\/wp-json\/wp\/v2\/product_cat?post=8715"},{"taxonomy":"product_tag","embeddable":true,"href":"https:\/\/cosyowl.com\/de\/wp-json\/wp\/v2\/product_tag?post=8715"}],"curies":[{"name":"wp","href":"https:\/\/api.w.org\/{rel}","templated":true}]}}