{"id":8714,"date":"2021-09-01T12:43:00","date_gmt":"2021-09-01T11:43:00","guid":{"rendered":"https:\/\/cosyowl.com\/de\/product\/unkategorisiert\/cire-pour-bougies-pilier-kerasoy-4120"},"modified":"2026-04-14T14:08:33","modified_gmt":"2026-04-14T13:08:33","slug":"kerasoy-4120-sojawachs-fur-stumpenkerzen","status":"publish","type":"product","link":"https:\/\/cosyowl.com\/de\/materialien-fur-das-handwerk\/wachs-melts\/wachs-fur-wachs-melts\/kerasoya-4120-sojawachs-fur-stumpenkerzen","title":{"rendered":"KeraSoy 4120 Sojawachs f\u00fcr Stumpenkerzen"},"content":{"rendered":"<p>Dieses in Gro\u00dfbritannien produzierte 100%ige Sojawachs ist ausgesprochen glatt in seiner Beschaffenheit und seinem Aussehen, biologisch abbaubar und veganfreundlich. Diese Rezeptur wurde speziell zur Herstellung von Stumpenkerzen entwickelt. Dieses Sojawachs ben\u00f6tigt keine anderen Zus\u00e4tze als Farb- und Duftstoffe, die separat bei Cosy Owl erh\u00e4ltlich sind. Wenn Sie Dochte f\u00fcr Ihre Sojawachs-Stumpenkerzen kaufen, beachten Sie bitte, dass f\u00fcr diese Sorte von auf dem Markt erh\u00e4ltlichen nat\u00fcrlichen Wachsen ein etwas gr\u00f6\u00dferer Docht n\u00f6tig ist als der, den Sie normalerweise f\u00fcr Kerzen aus Paraffinwachs verwenden w\u00fcrden. KeraSoy Sojawachs f\u00fcr Stumpenkerzen wurde f\u00fcr Duftkonzentrationen von 5 bis 10% entwickelt.<\/p>\n<p>Sojawachs erm\u00f6glicht einen flexibleren Schmelzprozess verglichen mit anderen Wachssorten. Hohe Temperaturen (bis zu 90\u00b0C) \u00fcber einen kurzen Zeitraum haben keine Nachteile, solange das Wachs schnell wieder abgek\u00fchlt wird. Jedoch k\u00f6nnen hohe Temperaturen das Wachs verf\u00e4rben. Lassen Sie das Wachs bis zu der gew\u00fcnschten Gie\u00dftemperatur abk\u00fchlen, geben Sie dann das Duft\u00f6l zu und mischen Sie gut. Achten Sie darauf, das Wachs w\u00e4hrend des Schmelzens zu r\u00fchren\/mischen. Wenn Sie Metallformen verwenden, vermeiden Sie solche, die Kupfer und Zink enthalten, denn diese k\u00f6nnen das Verf\u00e4rben beschleunigen. Edelstahl eignet sich am besten, aber auch Baustahl kann verwendet werden.<\/p>\n<p>KeraSoy Sojawachs f\u00fcr Stumpenkerzen wurde so entwickelt, dass im Gegensatz zu anderen Wachssorten nur ein Gie\u00dfvorgang n\u00f6tig ist. F\u00fcr manche gro\u00dfen S\u00e4ulenkerzen kann jedoch ein kleiner zweiter Guss (Nachguss) erforderlich sein, um die beste Kerzenoberfl\u00e4che zu erzielen. Eine kleine Menge Sojawachs bei einer leicht h\u00f6heren Temperatur als derjenigen, bei der die Kerze gegossen wurde, kann f\u00fcr den Nachguss verwendet werden, bevor die Kerze vollst\u00e4ndig abgek\u00fchlt ist (wenn man den Nachguss nach vollst\u00e4ndigem Abk\u00fchlen der Kerze ausf\u00fchrt, kann dies zu einem schlechteren Anhaften an der S\u00e4ulenform f\u00fchren).<\/p>\n<p>Die in Kerasoy-Wachsen verwendete Soja stammt aus Nordamerika und Brasilien aus rein ethischen und nicht gentechnisch ver\u00e4nderten Quellen. Es wurde eine vollst\u00e4ndige Pr\u00fcfung der Lieferkette durchgef\u00fchrt, und es wurden nur ethische Lieferanten ausgew\u00e4hlt, die nicht zur Entwaldung beitragen.<\/p>\n<p>Der Hauptbestandteil dieses Wachses ist Soja. Um jedoch die hervorragenden Leistungseigenschaften zu erzielen, wird es mit leistungssteigernden Additiven haupts\u00e4chlich aus pflanzlichen Materialien, jedoch unter Zusatz von Sterins\u00e4ure gemischt. Wenn das Produkt 100% Sojawachs w\u00e4re, w\u00fcrde es f\u00fcr die Kerzenherstellung nicht gut funktionieren.<\/p>\n","protected":false},"excerpt":{"rendered":"<p>Dieses in Gro\u00dfbritannien produzierte 100%ige Sojawachs ist ausgesprochen glatt in seiner Beschaffenheit und seinem Aussehen, biologisch abbaubar und veganfreundlich. Diese Rezeptur wurde speziell zur Herstellung von Stumpenkerzen entwickelt. Dieses Sojawachs ben\u00f6tigt keine anderen Zus\u00e4tze als Farb- und Duftstoffe, die separat bei Cosy Owl erh\u00e4ltlich sind. Wenn Sie Dochte f\u00fcr Ihre Sojawachs-Stumpenkerzen kaufen, beachten Sie bitte, [&hellip;]<\/p>\n","protected":false},"featured_media":11054,"comment_status":"open","ping_status":"closed","template":"","meta":{"_acf_changed":false},"product_brand":[],"product_cat":[123,89],"product_tag":[],"class_list":{"0":"post-8714","1":"product","2":"type-product","3":"status-publish","4":"has-post-thumbnail","6":"product_cat-kerzenwachs-sojawachs","7":"product_cat-wachs-melts-wachs","9":"first","10":"instock","11":"taxable","12":"shipping-taxable","13":"purchasable","14":"product-type-variable"},"acf":[],"_links":{"self":[{"href":"https:\/\/cosyowl.com\/de\/wp-json\/wp\/v2\/product\/8714","targetHints":{"allow":["GET"]}}],"collection":[{"href":"https:\/\/cosyowl.com\/de\/wp-json\/wp\/v2\/product"}],"about":[{"href":"https:\/\/cosyowl.com\/de\/wp-json\/wp\/v2\/types\/product"}],"replies":[{"embeddable":true,"href":"https:\/\/cosyowl.com\/de\/wp-json\/wp\/v2\/comments?post=8714"}],"wp:featuredmedia":[{"embeddable":true,"href":"https:\/\/cosyowl.com\/de\/wp-json\/wp\/v2\/media\/11054"}],"wp:attachment":[{"href":"https:\/\/cosyowl.com\/de\/wp-json\/wp\/v2\/media?parent=8714"}],"wp:term":[{"taxonomy":"product_brand","embeddable":true,"href":"https:\/\/cosyowl.com\/de\/wp-json\/wp\/v2\/product_brand?post=8714"},{"taxonomy":"product_cat","embeddable":true,"href":"https:\/\/cosyowl.com\/de\/wp-json\/wp\/v2\/product_cat?post=8714"},{"taxonomy":"product_tag","embeddable":true,"href":"https:\/\/cosyowl.com\/de\/wp-json\/wp\/v2\/product_tag?post=8714"}],"curies":[{"name":"wp","href":"https:\/\/api.w.org\/{rel}","templated":true}]}}