{"id":8705,"date":"2021-09-01T12:43:00","date_gmt":"2021-09-01T11:43:00","guid":{"rendered":"https:\/\/cosyowl.com\/de\/product\/unkategorisiert\/recipient-en-verre-grand-cube-29cl"},"modified":"2026-03-03T17:24:34","modified_gmt":"2026-03-03T17:24:34","slug":"kerzenbehalter-aus-glas-290ml-groser-wurfel","status":"publish","type":"product","link":"https:\/\/cosyowl.com\/de\/glasbehlter-290ml-grosser-wurfel","title":{"rendered":"Kerzenbeh\u00e4lter aus Glas &#8211; 290ml gro\u00dfer W\u00fcrfel"},"content":{"rendered":"<p>Dies ist ein stabiler hitzebest\u00e4ndiger Glasbeh\u00e4lter geeignet zur Herstellung von gro\u00dfen Kerzen. Wie Sie in der Abbildung sehen k\u00f6nnen, hat er eine robuste W\u00fcrfelform. Kreieren Sie mithilfe unserer Duft\u00f6le ein unglaubliches Aroma, um die Sinneswahrnehmung zu verst\u00e4rken. Dieser Glasbeh\u00e4lter kann 290ml Kerzenwachs fassen.<\/p>\n<p><strong>Gr\u00f6\u00dfe &#8211; <\/strong> Breite\/Tiefe: 77mm H\u00f6he: 72mm<\/p>\n<p>Bitte beachten Sie, dass vorheriges Aufw\u00e4rmen Ihres Glasbeh\u00e4lters auf etwa 45\u00b0C das Auftreten m\u00f6glicher Defekte w\u00e4hrend der Kerzenaush\u00e4rtung reduzieren kann.<\/p>\n","protected":false},"excerpt":{"rendered":"<p>Dies ist ein stabiler hitzebest\u00e4ndiger Glasbeh\u00e4lter geeignet zur Herstellung von gro\u00dfen Kerzen. Wie Sie in der Abbildung sehen k\u00f6nnen, hat er eine robuste W\u00fcrfelform. Kreieren Sie mithilfe unserer Duft\u00f6le ein unglaubliches Aroma, um die Sinneswahrnehmung zu verst\u00e4rken. Dieser Glasbeh\u00e4lter kann 290ml Kerzenwachs fassen. Gr\u00f6\u00dfe &#8211; Breite\/Tiefe: 77mm H\u00f6he: 72mm Bitte beachten Sie, dass vorheriges Aufw\u00e4rmen [&hellip;]<\/p>\n","protected":false},"featured_media":11052,"comment_status":"open","ping_status":"closed","template":"","meta":{"_acf_changed":false},"product_brand":[],"product_cat":[122],"product_tag":[],"class_list":{"0":"post-8705","1":"product","2":"type-product","3":"status-publish","4":"has-post-thumbnail","6":"product_cat-kerzenglaser","8":"first","9":"outofstock","10":"sold-individually","11":"taxable","12":"shipping-taxable","13":"purchasable","14":"product-type-simple"},"acf":[],"_links":{"self":[{"href":"https:\/\/cosyowl.com\/de\/wp-json\/wp\/v2\/product\/8705","targetHints":{"allow":["GET"]}}],"collection":[{"href":"https:\/\/cosyowl.com\/de\/wp-json\/wp\/v2\/product"}],"about":[{"href":"https:\/\/cosyowl.com\/de\/wp-json\/wp\/v2\/types\/product"}],"replies":[{"embeddable":true,"href":"https:\/\/cosyowl.com\/de\/wp-json\/wp\/v2\/comments?post=8705"}],"wp:featuredmedia":[{"embeddable":true,"href":"https:\/\/cosyowl.com\/de\/wp-json\/wp\/v2\/media\/11052"}],"wp:attachment":[{"href":"https:\/\/cosyowl.com\/de\/wp-json\/wp\/v2\/media?parent=8705"}],"wp:term":[{"taxonomy":"product_brand","embeddable":true,"href":"https:\/\/cosyowl.com\/de\/wp-json\/wp\/v2\/product_brand?post=8705"},{"taxonomy":"product_cat","embeddable":true,"href":"https:\/\/cosyowl.com\/de\/wp-json\/wp\/v2\/product_cat?post=8705"},{"taxonomy":"product_tag","embeddable":true,"href":"https:\/\/cosyowl.com\/de\/wp-json\/wp\/v2\/product_tag?post=8705"}],"curies":[{"name":"wp","href":"https:\/\/api.w.org\/{rel}","templated":true}]}}