{"id":8701,"date":"2021-09-01T12:43:00","date_gmt":"2021-09-01T11:43:00","guid":{"rendered":"https:\/\/cosyowl.com\/de\/product\/unkategorisiert\/contenant-en-verre-30cl-de-karen-rond"},"modified":"2026-03-24T08:52:58","modified_gmt":"2026-03-24T08:52:58","slug":"glasbehalter-300ml-karen-rund","status":"publish","type":"product","link":"https:\/\/cosyowl.com\/de\/glasbehlter-300ml-karen-rund","title":{"rendered":"Kerzenbeh\u00e4lter aus Glas &#8211; 30cl Karen rund"},"content":{"rendered":"<p>Dies ist ein stark hitzebest\u00e4ndiger Glasbeh\u00e4lter, der zur Herstellung gro\u00dfer Kerzen geeignet ist. Nutzen Sie unsere Duft\u00f6le, um ein gewaltiges Aroma zu kreieren und die Empfindung zu steigern. Dieser Glasbeh\u00e4lter fasst 300ml Kerzenwachs.<\/p>\n<p><strong>Gr\u00f6\u00dfe &#8211; <\/strong> Durchmesser: 81mm H\u00f6he: 93mm<\/p>\n<p>Beachten Sie, dass Sie Ihren Glasbeh\u00e4lter auf ca. 45\u00b0C vorheizen m\u00fcssen kann dazu beitragen, die Wahrscheinlichkeit zu verringern, dass sich bei der Erstarrung der Kerze Fehler in der Kerze bilden.<\/p>\n","protected":false},"excerpt":{"rendered":"<p>Dies ist ein stark hitzebest\u00e4ndiger Glasbeh\u00e4lter, der zur Herstellung gro\u00dfer Kerzen geeignet ist. Nutzen Sie unsere Duft\u00f6le, um ein gewaltiges Aroma zu kreieren und die Empfindung zu steigern. Dieser Glasbeh\u00e4lter fasst 300ml Kerzenwachs. Gr\u00f6\u00dfe &#8211; Durchmesser: 81mm H\u00f6he: 93mm Beachten Sie, dass Sie Ihren Glasbeh\u00e4lter auf ca. 45\u00b0C vorheizen m\u00fcssen kann dazu beitragen, die Wahrscheinlichkeit [&hellip;]<\/p>\n","protected":false},"featured_media":24754,"comment_status":"open","ping_status":"closed","template":"","meta":{"_acf_changed":false},"product_brand":[],"product_cat":[122],"product_tag":[],"class_list":{"0":"post-8701","1":"product","2":"type-product","3":"status-publish","4":"has-post-thumbnail","6":"product_cat-kerzenglaser","8":"first","9":"instock","10":"sold-individually","11":"taxable","12":"shipping-taxable","13":"purchasable","14":"product-type-simple"},"acf":[],"_links":{"self":[{"href":"https:\/\/cosyowl.com\/de\/wp-json\/wp\/v2\/product\/8701","targetHints":{"allow":["GET"]}}],"collection":[{"href":"https:\/\/cosyowl.com\/de\/wp-json\/wp\/v2\/product"}],"about":[{"href":"https:\/\/cosyowl.com\/de\/wp-json\/wp\/v2\/types\/product"}],"replies":[{"embeddable":true,"href":"https:\/\/cosyowl.com\/de\/wp-json\/wp\/v2\/comments?post=8701"}],"wp:featuredmedia":[{"embeddable":true,"href":"https:\/\/cosyowl.com\/de\/wp-json\/wp\/v2\/media\/24754"}],"wp:attachment":[{"href":"https:\/\/cosyowl.com\/de\/wp-json\/wp\/v2\/media?parent=8701"}],"wp:term":[{"taxonomy":"product_brand","embeddable":true,"href":"https:\/\/cosyowl.com\/de\/wp-json\/wp\/v2\/product_brand?post=8701"},{"taxonomy":"product_cat","embeddable":true,"href":"https:\/\/cosyowl.com\/de\/wp-json\/wp\/v2\/product_cat?post=8701"},{"taxonomy":"product_tag","embeddable":true,"href":"https:\/\/cosyowl.com\/de\/wp-json\/wp\/v2\/product_tag?post=8701"}],"curies":[{"name":"wp","href":"https:\/\/api.w.org\/{rel}","templated":true}]}}