{"id":8677,"date":"2021-09-01T12:42:00","date_gmt":"2021-09-01T11:42:00","guid":{"rendered":"https:\/\/cosyowl.com\/de\/product\/unkategorisiert\/import-placeholder-for-tcdl-cwax-bker-n4130-cscp-271"},"modified":"2026-04-30T17:15:47","modified_gmt":"2026-04-30T16:15:47","slug":"kerasoy-4130-sojawachs-fur-behalter","status":"publish","type":"product","link":"https:\/\/cosyowl.com\/de\/kerasoy-4130-sojawachs-fur-behalter","title":{"rendered":"KeraSoy 4130 Sojawachs f\u00fcr Beh\u00e4lter"},"content":{"rendered":"<p>Dieses in Gro\u00dfbritannien produzierte 100%ige Sojawachs ist ausgesprochen glatt in seiner Beschaffenheit und seinem Aussehen, biologisch abbaubar und veganfreundlich. Diese Rezeptur wurde speziell zur Kerzenherstellung f\u00fcr Beh\u00e4lter entwickelt. Dieses Sojawachs ben\u00f6tigt keine anderen Zus\u00e4tze als Farb- und Duftstoffe, die separat bei Cosy Owl erh\u00e4ltlich sind. Wenn Sie Dochte f\u00fcr Ihre Sojawachskerzen f\u00fcr Beh\u00e4lter kaufen, beachten Sie bitte, dass f\u00fcr diese Sorte von auf dem Markt erh\u00e4ltlichen nat\u00fcrlichen Wachsen ein etwas gr\u00f6\u00dferer Docht n\u00f6tig ist als der, den Sie normalerweise f\u00fcr Kerzen aus Paraffinwachs verwenden w\u00fcrden. KeraSoy Sojawachs f\u00fcr Beh\u00e4lter wurde f\u00fcr Duftkonzentrationen von 10 bis 12% entwickelt.<\/p>\n<p>Gie\u00dftemperaturen f\u00fcr Sojawachs f\u00fcr Beh\u00e4lter k\u00f6nnen abh\u00e4ngig von der Art und Gr\u00f6\u00dfe der Form, der Farb- und Duftstoffe und den gew\u00fcnschten Effekten variieren. St\u00e4rkeres Anhaften an die Beh\u00e4lter kann durch Gie\u00dfen bei einer Temperatur nahe des Erstarrungspunktes (ungef\u00e4hr bei 45 &#8211; 55\u00b0C) erreicht werden. Duft\u00f6le sollten wenn m\u00f6glich unmittelbar vor dem Gie\u00dfen dazugegeben und vermischt werden. Wenn Sie Probleme mit der Gie\u00dftemperatur haben, versuchen Sie eine h\u00f6here oder niedrigere Temperatur in 5 &#8211; 10\u00b0C Schritten aus. Eventuell k\u00f6nnten Sie auch in vorgew\u00e4rmte Formen gie\u00dfen, um ein besseres Anhaften an Glasbeh\u00e4lter zu erzielen.<\/p>\n<p>KeraSoy Sojawachs f\u00fcr Beh\u00e4lter wurde so entwickelt, dass im Gegensatz zu anderen Wachssorten nur ein Gie\u00dfvorgang n\u00f6tig ist. F\u00fcr manche gro\u00dfen Beh\u00e4lter kann jedoch ein kleiner zweiter Guss (Nachguss) erforderlich sein, um die beste Kerzenoberfl\u00e4che zu erzielen. Eine kleine Menge Sojawachs bei einer leicht h\u00f6heren Temperatur als derjenigen, bei der die Kerze gegossen wurde, kann f\u00fcr den Nachguss verwendet werden, bevor die Kerze vollst\u00e4ndig abgek\u00fchlt ist (wenn man den Nachguss nach vollst\u00e4ndigem Abk\u00fchlen der Kerze ausf\u00fchrt, kann dies zu einem schlechteren Anhaften an den Beh\u00e4lter f\u00fchren).<\/p>\n<p>Die in Kerasoy-Wachsen verwendete Soja stammt aus Nordamerika und Brasilien aus rein ethischen und nicht gentechnisch ver\u00e4nderten Quellen. Es wurde eine vollst\u00e4ndige Pr\u00fcfung der Lieferkette durchgef\u00fchrt, und es wurden nur ethische Lieferanten ausgew\u00e4hlt, die nicht zur Entwaldung beitragen.<\/p>\n<p>Der Hauptbestandteil dieses Wachses ist Soja. Um jedoch die hervorragenden Leistungseigenschaften zu erzielen, wird es mit leistungssteigernden Additiven haupts\u00e4chlich aus pflanzlichen Materialien, jedoch unter Zusatz von Sterins\u00e4ure gemischt. Wenn das Produkt 100% Sojawachs w\u00e4re, w\u00fcrde es f\u00fcr die Kerzenherstellung nicht gut funktionieren.<\/p>\n","protected":false},"excerpt":{"rendered":"<p>Dieses in Gro\u00dfbritannien produzierte 100%ige Sojawachs ist ausgesprochen glatt in seiner Beschaffenheit und seinem Aussehen, biologisch abbaubar und veganfreundlich. Diese Rezeptur wurde speziell zur Kerzenherstellung f\u00fcr Beh\u00e4lter entwickelt. Dieses Sojawachs ben\u00f6tigt keine anderen Zus\u00e4tze als Farb- und Duftstoffe, die separat bei Cosy Owl erh\u00e4ltlich sind. Wenn Sie Dochte f\u00fcr Ihre Sojawachskerzen f\u00fcr Beh\u00e4lter kaufen, beachten [&hellip;]<\/p>\n","protected":false},"featured_media":8708,"comment_status":"open","ping_status":"closed","template":"","meta":{"_acf_changed":false},"product_brand":[],"product_cat":[123],"product_tag":[],"class_list":{"0":"post-8677","1":"product","2":"type-product","3":"status-publish","4":"has-post-thumbnail","6":"product_cat-kerzenwachs-sojawachs","8":"first","9":"instock","10":"taxable","11":"shipping-taxable","12":"purchasable","13":"product-type-variable"},"acf":[],"_links":{"self":[{"href":"https:\/\/cosyowl.com\/de\/wp-json\/wp\/v2\/product\/8677","targetHints":{"allow":["GET"]}}],"collection":[{"href":"https:\/\/cosyowl.com\/de\/wp-json\/wp\/v2\/product"}],"about":[{"href":"https:\/\/cosyowl.com\/de\/wp-json\/wp\/v2\/types\/product"}],"replies":[{"embeddable":true,"href":"https:\/\/cosyowl.com\/de\/wp-json\/wp\/v2\/comments?post=8677"}],"wp:featuredmedia":[{"embeddable":true,"href":"https:\/\/cosyowl.com\/de\/wp-json\/wp\/v2\/media\/8708"}],"wp:attachment":[{"href":"https:\/\/cosyowl.com\/de\/wp-json\/wp\/v2\/media?parent=8677"}],"wp:term":[{"taxonomy":"product_brand","embeddable":true,"href":"https:\/\/cosyowl.com\/de\/wp-json\/wp\/v2\/product_brand?post=8677"},{"taxonomy":"product_cat","embeddable":true,"href":"https:\/\/cosyowl.com\/de\/wp-json\/wp\/v2\/product_cat?post=8677"},{"taxonomy":"product_tag","embeddable":true,"href":"https:\/\/cosyowl.com\/de\/wp-json\/wp\/v2\/product_tag?post=8677"}],"curies":[{"name":"wp","href":"https:\/\/api.w.org\/{rel}","templated":true}]}}