{"id":8606,"date":"2021-09-01T12:42:00","date_gmt":"2021-09-01T11:42:00","guid":{"rendered":"https:\/\/cosyowl.com\/de\/product\/unkategorisiert\/import-placeholder-for-tcdl-cfra-bowl-nrro-254"},"modified":"2026-03-03T17:26:51","modified_gmt":"2026-03-03T17:26:51","slug":"rote-rosen-duftol","status":"publish","type":"product","link":"https:\/\/cosyowl.com\/de\/rote-rosen-duftol","title":{"rendered":"Rote Rosen Duft\u00f6l"},"content":{"rendered":"<p>Alle unsere Duft\u00f6le sind ausschlie\u00dflich bei Cosy Owl erh\u00e4ltlich. Sie wurden von unseren Experten f\u00fcr ein ausgezeichnetes Aroma in Kerzen entwickelt und zur Verwendung mit unseren Wachsen optimiert. Unsere \u00d6le sind 100% konzentriert und voll und ganz auf die Verwendung mit allen unseren Wachsen abgestimmt.<\/p>\n<p><b>Wie viel Duftstoff sollte ich beimischen?<\/b><\/p>\n<p>Alle unsere Duftstoffe sind qualitativ hochwertig und speziell f\u00fcr ihr hervorragendes Aroma entwickelt, was allgemein gesprochen hei\u00dft: weniger ist mehr. Wie viel Duftstoff man beimischen sollte, ist ein wenig kompliziert und wir haben deshalb eine Anleitung mit n\u00e4heren Angaben f\u00fcr Sie zusammengestellt. Im Allgemeinen ist es gut, mit 5-8% anzufangen und Mengen bis zu 10% sollten Ihnen ein mehr als ausreichendes Aroma f\u00fcr weniger starke D\u00fcfte liefern. Es ist immer am besten, mit jeder Duft-und Wachskombination zu experimentieren und mit wenig anzufangen und die Menge dann nach und nach zu steigern. Solange Sie sich an die Anleitung halten und den Flammpunkt beachten, werden Sie, mit ein bisschen \u00dcbung, wundersch\u00f6n duftende Kerzen bekommen. Generell sollten Sie nie mehr als 12% Duftstoff zugeben, weil die Kerze dann sprichw\u00f6rtlich anf\u00e4ngt, den Duftstoff auszuschwitzen bzw. durchsickern zu lassen.<\/p>\n<p><b>Kann man diesen Duftstoff in einem Reed Diffuser verwenden?<\/b><\/p>\n<p>Alle unsere Duftstoffe sind zur Verwendung in Reed Diffusern geeignet, wenn man sie mit einem bei uns erh\u00e4ltlichen\u00a0<a href=\"https:\/\/www.cosyowl.com\/de\/Diffusol-Basis\">Diffuser-Basis-\u00d6l<\/a>\u00a0vermischt. Je nach gew\u00fcnschter Duftst\u00e4rke vermischen Sie bis zu 25% Duftstoff mit dem Basis-\u00d6l.<\/p>\n<p><b>Kann man diesen Duftstoff in einer Seife verwenden?<\/b><\/p>\n<p>Alle unsere Duftstoffe sind so konzipiert, dass sie auch zur Verwendung in festen Seifenst\u00fccken geeignet sind. Weitere Informationen zum maximalen prozentualen Anteil jedes Duftstoffes, der bei der Seifenherstellung verwendet werden kann, entnehmen Sie bitte den Sicherheitsdatenbl\u00e4ttern.<\/p>\n<p>Vor dem Kauf lesen Sie bitte auch unser CLP Informationsschreiben zur Verwendung von Duft\u00f6len in Kerzen. Dieses enth\u00e4lt Information zur chemischen Zusammensetzung des \u00d6ls sowie Warnhinweise in Bezug auf m\u00f6gliche allergische Reaktionen.<\/p>\n","protected":false},"excerpt":{"rendered":"<p>Alle unsere Duft\u00f6le sind ausschlie\u00dflich bei Cosy Owl erh\u00e4ltlich. Sie wurden von unseren Experten f\u00fcr ein ausgezeichnetes Aroma in Kerzen entwickelt und zur Verwendung mit unseren Wachsen optimiert. Unsere \u00d6le sind 100% konzentriert und voll und ganz auf die Verwendung mit allen unseren Wachsen abgestimmt. Wie viel Duftstoff sollte ich beimischen? Alle unsere Duftstoffe sind [&hellip;]<\/p>\n","protected":false},"featured_media":8611,"comment_status":"open","ping_status":"closed","template":"","meta":{"_acf_changed":false},"product_brand":[],"product_cat":[99,480,118,104,106,283,319,362,107,475,114],"product_tag":[586],"class_list":{"0":"post-8606","1":"product","2":"type-product","3":"status-publish","4":"has-post-thumbnail","6":"product_cat-duftoele-alle-duftoele","7":"product_cat-valentinstag","8":"product_cat-duftoele-blumen","9":"product_cat-seifenherstellung-duftole","10":"product_cat-bartoelherstellung-duftoele","11":"product_cat-haarpflegebedarf-duftole","12":"product_cat-koerperpflegebedarf-duftole","13":"product_cat-duftoele-fuer-reed-diffusoren","14":"product_cat-wachs-melts-duftole","15":"product_cat-fruhling","16":"product_cat-duftoele-liebe","17":"product_tag-black-friday","19":"first","20":"instock","21":"taxable","22":"shipping-taxable","23":"purchasable","24":"product-type-variable"},"acf":[],"_links":{"self":[{"href":"https:\/\/cosyowl.com\/de\/wp-json\/wp\/v2\/product\/8606","targetHints":{"allow":["GET"]}}],"collection":[{"href":"https:\/\/cosyowl.com\/de\/wp-json\/wp\/v2\/product"}],"about":[{"href":"https:\/\/cosyowl.com\/de\/wp-json\/wp\/v2\/types\/product"}],"replies":[{"embeddable":true,"href":"https:\/\/cosyowl.com\/de\/wp-json\/wp\/v2\/comments?post=8606"}],"wp:featuredmedia":[{"embeddable":true,"href":"https:\/\/cosyowl.com\/de\/wp-json\/wp\/v2\/media\/8611"}],"wp:attachment":[{"href":"https:\/\/cosyowl.com\/de\/wp-json\/wp\/v2\/media?parent=8606"}],"wp:term":[{"taxonomy":"product_brand","embeddable":true,"href":"https:\/\/cosyowl.com\/de\/wp-json\/wp\/v2\/product_brand?post=8606"},{"taxonomy":"product_cat","embeddable":true,"href":"https:\/\/cosyowl.com\/de\/wp-json\/wp\/v2\/product_cat?post=8606"},{"taxonomy":"product_tag","embeddable":true,"href":"https:\/\/cosyowl.com\/de\/wp-json\/wp\/v2\/product_tag?post=8606"}],"curies":[{"name":"wp","href":"https:\/\/api.w.org\/{rel}","templated":true}]}}