{"id":8506,"date":"2021-09-01T12:42:00","date_gmt":"2021-09-01T11:42:00","guid":{"rendered":"https:\/\/cosyowl.com\/de\/product\/unkategorisiert\/import-placeholder-for-tcdl-cfra-bowl-nlmt-244"},"modified":"2026-03-03T17:26:48","modified_gmt":"2026-03-03T17:26:48","slug":"lady-million-type-duftol","status":"publish","type":"product","link":"https:\/\/cosyowl.com\/de\/lady-million-type-duft","title":{"rendered":"Lady Million (Type) Duft\u00f6l"},"content":{"rendered":"<p>Hergestellt aus nat\u00fcrlichen Inhaltsstoffen und \u00e4therischen \u00d6len*.<\/p>\n<p>Unser\u00a0<strong>Lady Million Type Fragrance Oil<\/strong>\u00a0wurde speziell formuliert, um an dieses zarte und elegante Damenparfum zu erinnern, und verstr\u00f6mt einen starken und markanten Geruch, der mit\u00a0<strong>Orange, Neroli und Apfel\u00a0<\/strong>verbunden ist. Dieses anf\u00e4ngliche Aroma ist am ausgepr\u00e4gtesten, wenn Ihre Kerze zu brennen beginnt und Ihren Raum mit einem Duft erf\u00fcllt, der dann durch leichte Untert\u00f6ne von\u00a0<strong>Jasmin, Veilchen und Pfingstrose<\/strong>\u00a0verst\u00e4rkt wird. In die Formulierung f\u00fcr diesen unverwechselbaren Duft ist ein entz\u00fcckender Nachgeschmack von\u00a0<strong>Amber, Patschuli, Sandelholz, Vanille und Moschus<\/strong>\u00a0eingearbeitet.<\/p>\n<p>Alle unsere Duft\u00f6le sind exklusiv f\u00fcr Cozy Owl erh\u00e4ltlich und wurden von unseren Experten f\u00fcr \u00fcberlegenen Duft in einer Kerze entwickelt und f\u00fcr die Verwendung mit unserem Wachs optimiert. Unsere \u00d6le sind zu 100\u00a0% konzentriert und vollst\u00e4ndig kompatibel mit allen unseren Wachsen.<\/p>\n<p>Dieses Duft\u00f6l enth\u00e4lt kein Palm\u00f6l<\/p>\n<p>Entdecken Sie unsere luxuri\u00f6se Auswahl an hochwertigen Duft-Imitationen \u2013 klicken Sie auf den Link, um mehr zu erfahren und Ihren perfekten Duft zu finden <a href=\"https:\/\/cosyowl.com\/de\/guides\/unsere-duft-dupes-luxurioese-duefte-ohne-luxuspreis\">Our Fragrance Dupes<\/a><\/p>\n<p><strong>Wie viel Duft sollte ich hinzuf\u00fcgen?<\/strong><\/p>\n<p>Alle unsere D\u00fcfte sind von hoher Qualit\u00e4t und wurden speziell f\u00fcr eine hervorragende Duftwirkung entwickelt, was bedeutet, dass im Allgemeinen weniger mehr ist. Wie viel Sie hinzuf\u00fcgen m\u00fcssen, ist etwas komplex, und wir haben einen Leitfaden entwickelt, um Ihnen hier weitere Details zu geben. Im Allgemeinen ist es jedoch eine gute Idee, mit 5-8 % zu beginnen, und bis zu 10 % f\u00fcr weniger starke D\u00fcfte sollten Ihnen mehr als genug Duftwurf geben. Es ist immer am besten, mit jeder Duft- und Wachskombination zu experimentieren und niedrig anzufangen und sich zu steigern. Solange Sie der Anleitung folgen und den Flammpunkt beachten, werden Sie mit etwas \u00dcbung sch\u00f6n duftende Kerzen erhalten. Im Allgemeinen sollten Sie niemals mehr als 12 % Duft hinzuf\u00fcgen, da die Kerze buchst\u00e4blich anf\u00e4ngt zu schwitzen oder den Duft auszulaugen.<\/p>\n<p>Alle Duft\u00f6le haben einen sogenannten Flammpunkt \u2013 die Temperatur, bei der das \u00d6l zu verbrennen beginnt und der Duft freigesetzt wird.<\/p>\n<p>Der\u00a0<strong>Flammpunkt f\u00fcr Lady Million Type ist 93,3\u00b0C<\/strong>, f\u00fcr weitere Informationen \u00fcber Flammpunkte folgen Sie diesem Link\u00a0<a href=\"https:\/\/www.cosyowl.com\/guides\/how%20-to-use-duft%C3%B6le\/\">https:\/\/www.cosyowl.com\/guides\/how-to-use-duft\u00f6le\/<\/a><\/p>\n<p><strong>Verwenden Sie diesen Duft in einem Schilfdiffusor?<\/strong><\/p>\n<p><em>Dieses Duft\u00f6l wird derzeit neu formuliert; Wir werden Sie informieren, wenn es wieder bereit ist, in Diffusoren verwendet zu werden.<\/em><\/p>\n<p><strong>Verwenden Sie diesen Duft in einer Seife?<\/strong><\/p>\n<p>Alle unsere Duftstoffe sind auch speziell f\u00fcr die Arbeit in festen Seifen formuliert, siehe Sicherheitsdatenblatt f\u00fcr Informationen \u00fcber den maximalen Prozentsatz jedes Duftstoffs, der in Seifenherstellungsanwendungen verwendet werden kann.<\/p>\n<p>Bitte beachten Sie vor dem Kauf auch unsere CLP-Informationsmitteilung zur Verwendung von Duft\u00f6len in Kerzen. Diese Informationen beziehen sich auf die chemische Zusammensetzung des \u00d6ls zusammen mit Warnhinweisen bez\u00fcglich m\u00f6glicher allergischer Reaktionen.<\/p>\n<p><strong>Grausamkeitsfrei<\/strong><\/p>\n<p>Die ethische Beschaffung von Produkten ist f\u00fcr uns von gr\u00f6\u00dfter Bedeutung und wir sind sehr stolz darauf, sagen zu k\u00f6nnen, dass alle von Cozy Owl gelieferten Duft\u00f6le und ihre Rohstoffe frei von Tierversuchen sind und absolut keine Tests an Tieren oder Menschen stattfinden. Wir verstehen jedoch, dass es zu Verwirrung kommen kann, da die Sicherheitsdatenbl\u00e4tter (SDS) Toxizit\u00e4tswerte f\u00fcr Ratten und Kaninchen enthalten. Dieser spezielle Abschnitt bezieht sich auf die LD50 (Toxizit\u00e4t) bestimmter Inhaltsstoffe, die f\u00fcr andere Industrien (z. B. zur Verwendung in Lebensmitteln) erforderlich sind, und es ist zwingend erforderlich, dass wir diese angeben, sofern vorhanden. Alle Tierversuchsdaten basieren auf Tests, die nicht von uns oder unseren Lieferanten durchgef\u00fchrt oder genehmigt wurden, in einigen F\u00e4llen wurden diese Tests von einer Regierungsbeh\u00f6rde angeordnet oder vor Jahrzehnten durchgef\u00fchrt, und es wurden kategorisch keine Tests f\u00fcr die Verwendung dieser Inhaltsstoffe in Produkten durchgef\u00fchrt wir liefern.<\/p>\n<p><strong>Wir raten allen Kunden, D\u00fcfte mit unseren 10-ml-Testflaschen zu testen, bevor Sie in gr\u00f6\u00dferen Mengen oder Mengen bestellen, falls Sie mit einem Duft\u00f6l unzufrieden sein k\u00f6nnten. Bitte beachten Sie unsere\u00a0<a href=\"https:\/\/www.cosyowl.com\/index.php?main_page=shippinginfo\" target=\"_blank\" rel=\"noopener\">Liefer- &amp; R\u00fcckgaben<\/a>\u00a0Seite f\u00fcr die vollst\u00e4ndigen Gesch\u00e4ftsbedingungen.<\/strong><\/p>\n<p>*Dieser Duft enth\u00e4lt nat\u00fcrliche Elemente (\u00e4therische \u00d6le, Extrakte, Harze, Isolate), ist aber nicht vollst\u00e4ndig nat\u00fcrlich. Unsere Duft\u00f6le wurden entwickelt, um so einfach, sauber und nat\u00fcrlich wie m\u00f6glich zu sein und gleichzeitig den besten Duftwurf und die beste Auswahl an Duftnoten zu liefern. Verbindungen, die nicht direkt aus der Natur stammen, sind entweder chemisch identisch mit nat\u00fcrlich vorkommenden Verbindungen, k\u00fcnstlich hergestellt oder leicht modifiziert, normalerweise um einen etwas st\u00e4rkeren Duft zu verleihen. Gelegentlich werden in der Natur nicht vorkommende Duftstoffe verwendet, um den charakteristischen Duft zu verleihen, der f\u00fcr einige eher k\u00fcnstliche Duftstoffe erforderlich ist. Dies ist das gleiche wie bei allen heute auf dem Markt befindlichen Duft\u00f6len.<\/p>\n","protected":false},"excerpt":{"rendered":"<p>Hergestellt aus nat\u00fcrlichen Inhaltsstoffen und \u00e4therischen \u00d6len*. Unser\u00a0Lady Million Type Fragrance Oil\u00a0wurde speziell formuliert, um an dieses zarte und elegante Damenparfum zu erinnern, und verstr\u00f6mt einen starken und markanten Geruch, der mit\u00a0Orange, Neroli und Apfel\u00a0verbunden ist. Dieses anf\u00e4ngliche Aroma ist am ausgepr\u00e4gtesten, wenn Ihre Kerze zu brennen beginnt und Ihren Raum mit einem Duft erf\u00fcllt, [&hellip;]<\/p>\n","protected":false},"featured_media":8529,"comment_status":"open","ping_status":"closed","template":"","meta":{"_acf_changed":false},"product_brand":[],"product_cat":[99,100,104,106,283,319,107],"product_tag":[586],"class_list":{"0":"post-8506","1":"product","2":"type-product","3":"status-publish","4":"has-post-thumbnail","6":"product_cat-duftoele-alle-duftoele","7":"product_cat-duftoele-designer","8":"product_cat-seifenherstellung-duftole","9":"product_cat-bartoelherstellung-duftoele","10":"product_cat-haarpflegebedarf-duftole","11":"product_cat-koerperpflegebedarf-duftole","12":"product_cat-wachs-melts-duftole","13":"product_tag-black-friday","15":"first","16":"instock","17":"taxable","18":"shipping-taxable","19":"purchasable","20":"product-type-variable"},"acf":[],"_links":{"self":[{"href":"https:\/\/cosyowl.com\/de\/wp-json\/wp\/v2\/product\/8506","targetHints":{"allow":["GET"]}}],"collection":[{"href":"https:\/\/cosyowl.com\/de\/wp-json\/wp\/v2\/product"}],"about":[{"href":"https:\/\/cosyowl.com\/de\/wp-json\/wp\/v2\/types\/product"}],"replies":[{"embeddable":true,"href":"https:\/\/cosyowl.com\/de\/wp-json\/wp\/v2\/comments?post=8506"}],"wp:featuredmedia":[{"embeddable":true,"href":"https:\/\/cosyowl.com\/de\/wp-json\/wp\/v2\/media\/8529"}],"wp:attachment":[{"href":"https:\/\/cosyowl.com\/de\/wp-json\/wp\/v2\/media?parent=8506"}],"wp:term":[{"taxonomy":"product_brand","embeddable":true,"href":"https:\/\/cosyowl.com\/de\/wp-json\/wp\/v2\/product_brand?post=8506"},{"taxonomy":"product_cat","embeddable":true,"href":"https:\/\/cosyowl.com\/de\/wp-json\/wp\/v2\/product_cat?post=8506"},{"taxonomy":"product_tag","embeddable":true,"href":"https:\/\/cosyowl.com\/de\/wp-json\/wp\/v2\/product_tag?post=8506"}],"curies":[{"name":"wp","href":"https:\/\/api.w.org\/{rel}","templated":true}]}}