{"id":8436,"date":"2021-07-01T12:42:00","date_gmt":"2021-07-01T11:42:00","guid":{"rendered":"https:\/\/cosyowl.com\/de\/product\/unkategorisiert\/import-placeholder-for-tcdl-cfra-bowl-ndbo-234"},"modified":"2026-04-09T10:37:32","modified_gmt":"2026-04-09T09:37:32","slug":"augeo-reed-diffusor-basisol","status":"publish","type":"product","link":"https:\/\/cosyowl.com\/de\/reed-diffusoren\/augeo-reed-diffusor-basisol","title":{"rendered":"Reed Diffusor Basis\u00f6l"},"content":{"rendered":"<p>Dieses Diffusol-Basis\u00f6l wird als Erg\u00e4nzung zu Ihren eigenen Duft\u00f6len verwendet. Cozy Owl ist einer der gr\u00f6\u00dften Anbieter des Landes und bietet Ihnen eine Auswahl von \u00fcber 80 verschiedenen Duft\u00f6len. Dieses unparf\u00fcmierte Basis\u00f6l kann zu jedem Parf\u00fcm\u00f6l hinzugef\u00fcgt werden, um einen langanhaltenden Duft zu erzeugen; Kombinieren Sie es einfach mit dem Duft\u00f6l Ihrer Wahl in einer Mischung zwischen 25 % und 75 % und sch\u00fctteln Sie es gut, um es zu vermischen. Der Vorteil der Verwendung des Basis\u00f6ls besteht darin, dass Sie ein Duft\u00f6l verd\u00fcnnen k\u00f6nnen, wenn der Duft zu stark und aufdringlich ist. Die Verwendung von Duftst\u00e4bchen ist eine \u00e4u\u00dferst effektive M\u00f6glichkeit, D\u00fcfte aller Art in Ihren Wohnraum zu bringen.<\/p>\n<p>Die Basisverbindung ist Glycerin \u2013 eine erneuerbare Quelle mit geringer Verdunstungsrate, geringem Eigengeruch und ausgezeichneter l\u00f6slicher Duftstoffretention.<\/p>\n<p>Bitte au\u00dferhalb der Reichweite von Kindern aufbewahren und waschen, wenn das \u00d6l mit der Haut in Ber\u00fchrung kommt.<\/p>\n","protected":false},"excerpt":{"rendered":"<p>Dieses Diffusol-Basis\u00f6l wird als Erg\u00e4nzung zu Ihren eigenen Duft\u00f6len verwendet. Cozy Owl ist einer der gr\u00f6\u00dften Anbieter des Landes und bietet Ihnen eine Auswahl von \u00fcber 80 verschiedenen Duft\u00f6len. Dieses unparf\u00fcmierte Basis\u00f6l kann zu jedem Parf\u00fcm\u00f6l hinzugef\u00fcgt werden, um einen langanhaltenden Duft zu erzeugen; Kombinieren Sie es einfach mit dem Duft\u00f6l Ihrer Wahl in einer [&hellip;]<\/p>\n","protected":false},"featured_media":23664,"comment_status":"open","ping_status":"closed","template":"","meta":{"_acf_changed":false},"product_brand":[],"product_cat":[305],"product_tag":[],"class_list":{"0":"post-8436","1":"product","2":"type-product","3":"status-publish","4":"has-post-thumbnail","6":"product_cat-reed-diffusoren-basis","8":"first","9":"outofstock","10":"taxable","11":"shipping-taxable","12":"purchasable","13":"product-type-variable"},"acf":[],"_links":{"self":[{"href":"https:\/\/cosyowl.com\/de\/wp-json\/wp\/v2\/product\/8436","targetHints":{"allow":["GET"]}}],"collection":[{"href":"https:\/\/cosyowl.com\/de\/wp-json\/wp\/v2\/product"}],"about":[{"href":"https:\/\/cosyowl.com\/de\/wp-json\/wp\/v2\/types\/product"}],"replies":[{"embeddable":true,"href":"https:\/\/cosyowl.com\/de\/wp-json\/wp\/v2\/comments?post=8436"}],"wp:featuredmedia":[{"embeddable":true,"href":"https:\/\/cosyowl.com\/de\/wp-json\/wp\/v2\/media\/23664"}],"wp:attachment":[{"href":"https:\/\/cosyowl.com\/de\/wp-json\/wp\/v2\/media?parent=8436"}],"wp:term":[{"taxonomy":"product_brand","embeddable":true,"href":"https:\/\/cosyowl.com\/de\/wp-json\/wp\/v2\/product_brand?post=8436"},{"taxonomy":"product_cat","embeddable":true,"href":"https:\/\/cosyowl.com\/de\/wp-json\/wp\/v2\/product_cat?post=8436"},{"taxonomy":"product_tag","embeddable":true,"href":"https:\/\/cosyowl.com\/de\/wp-json\/wp\/v2\/product_tag?post=8436"}],"curies":[{"name":"wp","href":"https:\/\/api.w.org\/{rel}","templated":true}]}}