{"id":8264,"date":"2021-09-01T12:40:00","date_gmt":"2021-09-01T11:40:00","guid":{"rendered":"https:\/\/cosyowl.com\/de\/product\/unkategorisiert\/import-placeholder-for-tcdl-cfra-bowl-nadg-213"},"modified":"2026-03-03T17:26:54","modified_gmt":"2026-03-03T17:26:54","slug":"acqua-di-gio-type-duftol","status":"publish","type":"product","link":"https:\/\/cosyowl.com\/de\/kerzenherstellung-lieferungen\/duftkerzen-selber-machen\/alle-dufte\/acqua-di-gio-type-duftol","title":{"rendered":"Acqua Di Gio (Type) Duft\u00f6l"},"content":{"rendered":"<p>Unser Acqua di Gio-\u00e4hnliches Duft\u00f6l wurde speziell entwickelt, um den Duft dieses sinnlichen und exquisiten Mannes hervorzurufen. Es verstr\u00f6mt einen starken und markanten Geruch, der mit frischen Zitrusfr\u00fcchten, Pfefferminze, Meereskr\u00e4utern, Bergamotte und knackigen \u00c4pfeln verbunden ist. Dieses anf\u00e4ngliche Aroma ist am ausgepr\u00e4gtesten, wenn Ihre Kerze zu brennen beginnt und Ihren Raum mit einem Duft erf\u00fcllt, der dann mit leichten Untert\u00f6nen von Alpenveilchen, Calone, Geranie, Maigl\u00f6ckchen und Melone verst\u00e4rkt wird. Die Formel dieses unverwechselbaren Duftes ist eingebettet in einen k\u00f6stlichen Nachgeschmack von Meersalz, Noten von Moos, Moschus und knackigem Amber.<\/p>\n<p>Alle unsere Duft\u00f6le sind exklusiv bei Cozy Owl erh\u00e4ltlich und wurden von unseren Experten f\u00fcr ihre hervorragenden F\u00e4higkeiten zur Duftfreisetzung entwickelt und dann optimiert, um sich perfekt mit unseren Wachsen zu kombinieren. Unsere \u00d6le sind zu 100\u00a0% konzentriert und passen perfekt zu all unseren Wachsen.<\/p>\n<p>Entdecken Sie unsere luxuri\u00f6se Auswahl an hochwertigen Duft-Imitationen \u2013 klicken Sie auf den Link, um mehr zu erfahren und Ihren perfekten Duft zu finden <a href=\"https:\/\/cosyowl.com\/de\/guides\/unsere-duft-dupes-luxurioese-duefte-ohne-luxuspreis\">Our Fragrance Dupes<\/a><\/p>\n<p><strong>Wie viel Parf\u00fcm\u00f6l sollte ich verwenden?<\/strong><\/p>\n<p>Alle unsere parf\u00fcmierten \u00d6le sind von hoher Qualit\u00e4t und wurden speziell f\u00fcr ihre hervorragenden F\u00e4higkeiten zur Freisetzung von Duftstoffen entwickelt, was bedeutet, dass eine kleine Menge normalerweise ausreicht. Die Formel zur Berechnung der genauen Menge, die Sie ben\u00f6tigen, ist relativ komplex. Aus diesem Grund haben wir einen Ratgeber zusammengestellt, der Ihnen n\u00e4here Informationen zu diesem Thema gibt und den Sie hier finden. Generell ist es ratsam, mit einem Parf\u00fcm\u00f6lanteil zwischen 5 und 8 % des Gesamtvolumens zu beginnen, bei weniger intensiven Parf\u00fcms k\u00f6nnen Sie bis zu 10 % erh\u00f6hen. Es ist immer am besten, mit jeder Kombination aus Wachs und Duft\u00f6l zu experimentieren und daran zu denken, schrittweise vorzugehen und die Menge nach und nach zu erh\u00f6hen. Wenn Sie der Anleitung folgen und sich an die Flammpunkttemperaturen halten, k\u00f6nnen Sie im Handumdrehen herrlich duftende Kerzen herstellen. Es wird nicht empfohlen, einen Duft\u00f6lanteil von mehr als 12\u00a0% des Gesamtvolumens zu verwenden, um zu verhindern, dass die Kerze zu sickern beginnt oder das \u00d6l beginnt, an der Kerze entlang zu flie\u00dfen.&lt;\/p&gt;<\/p>\n<p><strong>Kann ich dieses Duft\u00f6l in einem Diffusorstab verwenden?<\/strong><\/p>\n<p><em>Dieses Duft\u00f6l wird derzeit neu formuliert; Wir werden Sie informieren, wenn es wieder bereit ist, in Diffusoren verwendet zu werden.<\/em><\/p>\n<p><strong>Kann ich dieses Duft\u00f6l in Seife verwenden?<\/strong><\/p>\n<p>Unsere Duft\u00f6le sind speziell f\u00fcr die Einarbeitung in Seifenst\u00fccke formuliert. Informationen zur maximalen \u00d6lmenge (%) f\u00fcr jeden Duftstoff, der bei Anwendungen zur Herstellung von St\u00fcckseifen verwendet wird, finden Sie im Sicherheitsdatenblatt.<\/p>\n<p>Bevor Sie unsere Produkte kaufen, lesen Sie bitte unsere CLP (Classification, Labelling and Packaging) Standard Information Notice bez\u00fcglich der Verwendung von Duft\u00f6len bei der Herstellung von Kerzen. Diese Informationen betreffen die chemische Zusammensetzung der \u00d6le sowie m\u00f6gliche allergische Reaktionen.<\/p>\n","protected":false},"excerpt":{"rendered":"<p>Unser Acqua di Gio-\u00e4hnliches Duft\u00f6l wurde speziell entwickelt, um den Duft dieses sinnlichen und exquisiten Mannes hervorzurufen. Es verstr\u00f6mt einen starken und markanten Geruch, der mit frischen Zitrusfr\u00fcchten, Pfefferminze, Meereskr\u00e4utern, Bergamotte und knackigen \u00c4pfeln verbunden ist. Dieses anf\u00e4ngliche Aroma ist am ausgepr\u00e4gtesten, wenn Ihre Kerze zu brennen beginnt und Ihren Raum mit einem Duft erf\u00fcllt, [&hellip;]<\/p>\n","protected":false},"featured_media":8281,"comment_status":"open","ping_status":"closed","template":"","meta":{"_acf_changed":false},"product_brand":[],"product_cat":[99,100,104,106,283,319,107,101],"product_tag":[],"class_list":{"0":"post-8264","1":"product","2":"type-product","3":"status-publish","4":"has-post-thumbnail","6":"product_cat-duftoele-alle-duftoele","7":"product_cat-duftoele-designer","8":"product_cat-seifenherstellung-duftole","9":"product_cat-bartoelherstellung-duftoele","10":"product_cat-haarpflegebedarf-duftole","11":"product_cat-koerperpflegebedarf-duftole","12":"product_cat-wachs-melts-duftole","13":"product_cat-duftoele-mannliche","15":"first","16":"instock","17":"taxable","18":"shipping-taxable","19":"purchasable","20":"product-type-variable"},"acf":[],"_links":{"self":[{"href":"https:\/\/cosyowl.com\/de\/wp-json\/wp\/v2\/product\/8264","targetHints":{"allow":["GET"]}}],"collection":[{"href":"https:\/\/cosyowl.com\/de\/wp-json\/wp\/v2\/product"}],"about":[{"href":"https:\/\/cosyowl.com\/de\/wp-json\/wp\/v2\/types\/product"}],"replies":[{"embeddable":true,"href":"https:\/\/cosyowl.com\/de\/wp-json\/wp\/v2\/comments?post=8264"}],"wp:featuredmedia":[{"embeddable":true,"href":"https:\/\/cosyowl.com\/de\/wp-json\/wp\/v2\/media\/8281"}],"wp:attachment":[{"href":"https:\/\/cosyowl.com\/de\/wp-json\/wp\/v2\/media?parent=8264"}],"wp:term":[{"taxonomy":"product_brand","embeddable":true,"href":"https:\/\/cosyowl.com\/de\/wp-json\/wp\/v2\/product_brand?post=8264"},{"taxonomy":"product_cat","embeddable":true,"href":"https:\/\/cosyowl.com\/de\/wp-json\/wp\/v2\/product_cat?post=8264"},{"taxonomy":"product_tag","embeddable":true,"href":"https:\/\/cosyowl.com\/de\/wp-json\/wp\/v2\/product_tag?post=8264"}],"curies":[{"name":"wp","href":"https:\/\/api.w.org\/{rel}","templated":true}]}}