{"id":8263,"date":"2021-09-01T12:40:00","date_gmt":"2021-09-01T11:40:00","guid":{"rendered":"https:\/\/cosyowl.com\/de\/product\/unkategorisiert\/import-placeholder-for-tcdl-cwik-bwed-ctl-212"},"modified":"2026-03-03T17:24:11","modified_gmt":"2026-03-03T17:24:11","slug":"docht-fur-teelichtkerzen-40mm-lang","status":"publish","type":"product","link":"https:\/\/cosyowl.com\/de\/teelicht-wick-tl15-40mm-lang","title":{"rendered":"Docht f\u00fcr Teelichtkerzen &#8211; 40mm lang"},"content":{"rendered":"<p>Cosy Owl liefert Wedo Docht (in Halter integriert) f\u00fcr die Herstellung von Teelichtern. Die TL-Serie wurde speziell zu diesem Zweck entwickelt. Der Docht ist kernlos mit Stabilisierungsfasern und -f\u00e4den, um das ben\u00f6tigte hohe Ma\u00df an Formbest\u00e4ndigkeit w\u00e4hrend der Herstellung und dem Abbrennen zu bieten. Zus\u00e4tzlich zur Flechttechnik wird eine der d\u00fcnnsten der verf\u00fcgbaren hochwertigen ringgesponnenen Baumwolle verwendet, um unseren Kunden den Grad an Best\u00e4ndigkeit und Pr\u00e4zision in Bezug auf Verbrauchswerte und Flammengr\u00f6\u00dfe usw. zu verschaffen, die heutzutage auf dem Teelicht-Markt verlangt wird..<\/p>\n<p>Dieser Teelicht-Docht ist 40 mm lang und f\u00fcr Beh\u00e4lter bis zu 38 mm breit geeignet. Wedo Dochte kombinieren Materialien h\u00f6chster Qualit\u00e4t mit modernster Flecht- und Spultechnik sowie erprobten, gepr\u00fcften und zugelassenen chemischen Verfahren f\u00fcr die sauberste und sicherste Verbrennung der betreffenden Materialien. Die Materialien und Verfahren gew\u00e4hrleisten auch die gleichbleibende Produktqualit\u00e4t vom Anfang bis zum Ende und von Charge zu Charge. Der selbst regulierende Dochtstand minimiert bzw. verhindert die Bildung von Ru\u00dfr\u00fcckst\u00e4nden (sog. Butzenbildung) und reduziert ma\u00dfgeblich das Nachgl\u00fchen..<\/p>\n<p>Als ein akkreditierter Lieferant stellt Wedo nur Dochte her, die die strengen Anforderungen des europ\u00e4ischen Qualit\u00e4ts-G\u00fctezeichens RAL GZ-041 erf\u00fcllen. Wedo ist gem\u00e4\u00df DIN EN ISO 9001:2015 zertifiziert.<\/p>\n","protected":false},"excerpt":{"rendered":"<p>Cosy Owl liefert Wedo Docht (in Halter integriert) f\u00fcr die Herstellung von Teelichtern. Die TL-Serie wurde speziell zu diesem Zweck entwickelt. Der Docht ist kernlos mit Stabilisierungsfasern und -f\u00e4den, um das ben\u00f6tigte hohe Ma\u00df an Formbest\u00e4ndigkeit w\u00e4hrend der Herstellung und dem Abbrennen zu bieten. Zus\u00e4tzlich zur Flechttechnik wird eine der d\u00fcnnsten der verf\u00fcgbaren hochwertigen ringgesponnenen [&hellip;]<\/p>\n","protected":false},"featured_media":8272,"comment_status":"open","ping_status":"closed","template":"","meta":{"_acf_changed":false},"product_brand":[],"product_cat":[94],"product_tag":[],"class_list":{"0":"post-8263","1":"product","2":"type-product","3":"status-publish","4":"has-post-thumbnail","6":"product_cat-kerzendochte","8":"first","9":"instock","10":"taxable","11":"shipping-taxable","12":"purchasable","13":"product-type-variable"},"acf":[],"_links":{"self":[{"href":"https:\/\/cosyowl.com\/de\/wp-json\/wp\/v2\/product\/8263","targetHints":{"allow":["GET"]}}],"collection":[{"href":"https:\/\/cosyowl.com\/de\/wp-json\/wp\/v2\/product"}],"about":[{"href":"https:\/\/cosyowl.com\/de\/wp-json\/wp\/v2\/types\/product"}],"replies":[{"embeddable":true,"href":"https:\/\/cosyowl.com\/de\/wp-json\/wp\/v2\/comments?post=8263"}],"wp:featuredmedia":[{"embeddable":true,"href":"https:\/\/cosyowl.com\/de\/wp-json\/wp\/v2\/media\/8272"}],"wp:attachment":[{"href":"https:\/\/cosyowl.com\/de\/wp-json\/wp\/v2\/media?parent=8263"}],"wp:term":[{"taxonomy":"product_brand","embeddable":true,"href":"https:\/\/cosyowl.com\/de\/wp-json\/wp\/v2\/product_brand?post=8263"},{"taxonomy":"product_cat","embeddable":true,"href":"https:\/\/cosyowl.com\/de\/wp-json\/wp\/v2\/product_cat?post=8263"},{"taxonomy":"product_tag","embeddable":true,"href":"https:\/\/cosyowl.com\/de\/wp-json\/wp\/v2\/product_tag?post=8263"}],"curies":[{"name":"wp","href":"https:\/\/api.w.org\/{rel}","templated":true}]}}