{"id":8231,"date":"2021-09-01T12:40:00","date_gmt":"2021-09-01T11:40:00","guid":{"rendered":"https:\/\/cosyowl.com\/de\/product\/unkategorisiert\/import-placeholder-for-tcdl-csus-bwed-c15x2-210"},"modified":"2026-03-03T17:24:09","modified_gmt":"2026-03-03T17:24:09","slug":"kerzendochthalter-15mm-24mm","status":"publish","type":"product","link":"https:\/\/cosyowl.com\/de\/dochthalter-15mm-fuss-2-4mm-hohe","title":{"rendered":"Kerzendochthalter &#8211; 15mm &#8211; 2,4mm"},"content":{"rendered":"<p>Dochthalter (auch Dochtf\u00fc\u00dfe genannt) werden ben\u00f6tigt, um Ihren Docht am Boden des hitzebest\u00e4ndigen Beh\u00e4lters in Position zu halten. Sie verhindern, dass der Docht einfach an die Kerzenoberfl\u00e4che treibt, wenn Sie das geschmolzene Wachs eingie\u00dfen. Zur Verwendung kr\u00e4useln Sie den Docht und schieben Sie ihn in das Loch im Halter. Falls Sie das schwierig finden, dann versuchen Sie es mithilfe einer kleinen Pinzette. Sie k\u00f6nnen vorher ein wenig Klebstoff in das Loch geben und diesen dann mit dem Docht in Position aush\u00e4rten lassen.<\/p>\n<p>Als kleiner Tipp beim Platzieren des Halters auf dem Boden des Beh\u00e4lters: Wenn Sie etwas Blu-Tack Klebmasse zur Hand haben, k\u00f6nnen Sie eine ganz kleine Menge dieser an die Unterseite des Halters geben und ihn dann auf den Boden des Beh\u00e4lters kleben. Alternativ k\u00f6nnen Sie auch einen doppelseitigen Klebeband-Streifen\/-Punkt verwenden. Diese sind in allen guten Schreibwarengesch\u00e4ften und einigen Lebensmitteleinzelhandelsgesch\u00e4ften erh\u00e4ltlich.<\/p>\n<p>Dieser Halter ist 15mm breit und f\u00fcr kleine bis mittelgro\u00dfe Beh\u00e4lter geeignet. Wenn Sie einen relativ gro\u00dfen Beh\u00e4lter verwenden, sollten Sie die 20mm breite Sorte w\u00e4hlen. Die H\u00f6he des Dochthalters kann aus dem obigen Drop-down-Men\u00fc ausgew\u00e4hlt werden. Wenn Sie nicht gew\u00f6hnlich Dochthalter verwenden, dann kann es mit dem Gr\u00f6\u00dferen der beiden (6mm) etwas einfacher sein, den Docht in Position zu halten.<\/p>\n","protected":false},"excerpt":{"rendered":"<p>Dochthalter (auch Dochtf\u00fc\u00dfe genannt) werden ben\u00f6tigt, um Ihren Docht am Boden des hitzebest\u00e4ndigen Beh\u00e4lters in Position zu halten. Sie verhindern, dass der Docht einfach an die Kerzenoberfl\u00e4che treibt, wenn Sie das geschmolzene Wachs eingie\u00dfen. Zur Verwendung kr\u00e4useln Sie den Docht und schieben Sie ihn in das Loch im Halter. Falls Sie das schwierig finden, dann [&hellip;]<\/p>\n","protected":false},"featured_media":8259,"comment_status":"open","ping_status":"closed","template":"","meta":{"_acf_changed":false},"product_brand":[],"product_cat":[94],"product_tag":[],"class_list":{"0":"post-8231","1":"product","2":"type-product","3":"status-publish","4":"has-post-thumbnail","6":"product_cat-kerzendochte","8":"first","9":"instock","10":"taxable","11":"shipping-taxable","12":"purchasable","13":"product-type-variable"},"acf":[],"_links":{"self":[{"href":"https:\/\/cosyowl.com\/de\/wp-json\/wp\/v2\/product\/8231","targetHints":{"allow":["GET"]}}],"collection":[{"href":"https:\/\/cosyowl.com\/de\/wp-json\/wp\/v2\/product"}],"about":[{"href":"https:\/\/cosyowl.com\/de\/wp-json\/wp\/v2\/types\/product"}],"replies":[{"embeddable":true,"href":"https:\/\/cosyowl.com\/de\/wp-json\/wp\/v2\/comments?post=8231"}],"wp:featuredmedia":[{"embeddable":true,"href":"https:\/\/cosyowl.com\/de\/wp-json\/wp\/v2\/media\/8259"}],"wp:attachment":[{"href":"https:\/\/cosyowl.com\/de\/wp-json\/wp\/v2\/media?parent=8231"}],"wp:term":[{"taxonomy":"product_brand","embeddable":true,"href":"https:\/\/cosyowl.com\/de\/wp-json\/wp\/v2\/product_brand?post=8231"},{"taxonomy":"product_cat","embeddable":true,"href":"https:\/\/cosyowl.com\/de\/wp-json\/wp\/v2\/product_cat?post=8231"},{"taxonomy":"product_tag","embeddable":true,"href":"https:\/\/cosyowl.com\/de\/wp-json\/wp\/v2\/product_tag?post=8231"}],"curies":[{"name":"wp","href":"https:\/\/api.w.org\/{rel}","templated":true}]}}