{"id":8230,"date":"2021-09-01T12:40:00","date_gmt":"2021-09-01T11:40:00","guid":{"rendered":"https:\/\/cosyowl.com\/de\/product\/unkategorisiert\/import-placeholder-for-tcdl-ccon-bwed-ntlc-ctl1-209"},"modified":"2026-03-03T17:24:09","modified_gmt":"2026-03-03T17:24:09","slug":"aluminiumbecher-fur-teelichter-37-5mm-x-22mm","status":"publish","type":"product","link":"https:\/\/cosyowl.com\/de\/candle-containers\/aluminium-tea-light-cups-37-5mm-x-22mm","title":{"rendered":"Aluminiumbecher f\u00fcr Teelichter &#8211; 37.5mm x 22mm"},"content":{"rendered":"<p>Diese Aluminiumbecher f\u00fcr Teelichter sind 37.5mm breit und 22mm hoch und \u00fcberwiegend zur Verwendung mit Paraffinwachs konzipiert. Die Kerzendochte mit Haltern werden separat geliefert &#8211; bitte sehen Sie unter &#8218;Kerzendochte&#8216; \/ Produkte: <strong>Teelicht Docht (TL 15\/S.30) &#8211; 40mm lang nach.<\/strong><\/p>\n<p>Wichtiger Hinweis: Stellen Sie das Teelicht nicht direkt auf eine entz\u00fcndliche Oberfl\u00e4che, weil der Boden des Beh\u00e4lters sehr hei\u00df werden kann.<\/p>\n","protected":false},"excerpt":{"rendered":"<p>Diese Aluminiumbecher f\u00fcr Teelichter sind 37.5mm breit und 22mm hoch und \u00fcberwiegend zur Verwendung mit Paraffinwachs konzipiert. Die Kerzendochte mit Haltern werden separat geliefert &#8211; bitte sehen Sie unter &#8218;Kerzendochte&#8216; \/ Produkte: Teelicht Docht (TL 15\/S.30) &#8211; 40mm lang nach. Wichtiger Hinweis: Stellen Sie das Teelicht nicht direkt auf eine entz\u00fcndliche Oberfl\u00e4che, weil der Boden [&hellip;]<\/p>\n","protected":false},"featured_media":8255,"comment_status":"open","ping_status":"closed","template":"","meta":{"_acf_changed":false},"product_brand":[],"product_cat":[97,96],"product_tag":[],"class_list":{"0":"post-8230","1":"product","2":"type-product","3":"status-publish","4":"has-post-thumbnail","6":"product_cat-kerzenbehalter-andere-behalter","7":"product_cat-metallbehlter","9":"first","10":"instock","11":"taxable","12":"shipping-taxable","13":"purchasable","14":"product-type-variable"},"acf":[],"_links":{"self":[{"href":"https:\/\/cosyowl.com\/de\/wp-json\/wp\/v2\/product\/8230","targetHints":{"allow":["GET"]}}],"collection":[{"href":"https:\/\/cosyowl.com\/de\/wp-json\/wp\/v2\/product"}],"about":[{"href":"https:\/\/cosyowl.com\/de\/wp-json\/wp\/v2\/types\/product"}],"replies":[{"embeddable":true,"href":"https:\/\/cosyowl.com\/de\/wp-json\/wp\/v2\/comments?post=8230"}],"wp:featuredmedia":[{"embeddable":true,"href":"https:\/\/cosyowl.com\/de\/wp-json\/wp\/v2\/media\/8255"}],"wp:attachment":[{"href":"https:\/\/cosyowl.com\/de\/wp-json\/wp\/v2\/media?parent=8230"}],"wp:term":[{"taxonomy":"product_brand","embeddable":true,"href":"https:\/\/cosyowl.com\/de\/wp-json\/wp\/v2\/product_brand?post=8230"},{"taxonomy":"product_cat","embeddable":true,"href":"https:\/\/cosyowl.com\/de\/wp-json\/wp\/v2\/product_cat?post=8230"},{"taxonomy":"product_tag","embeddable":true,"href":"https:\/\/cosyowl.com\/de\/wp-json\/wp\/v2\/product_tag?post=8230"}],"curies":[{"name":"wp","href":"https:\/\/api.w.org\/{rel}","templated":true}]}}