{"id":8228,"date":"2021-09-01T12:40:00","date_gmt":"2021-09-01T11:40:00","guid":{"rendered":"https:\/\/cosyowl.com\/de\/product\/unkategorisiert\/import-placeholder-for-tcdl-cwik-bowl-s5mt-ctcr-207"},"modified":"2026-04-27T11:26:15","modified_gmt":"2026-04-27T10:26:15","slug":"tcr-kerzendocht-rohform","status":"publish","type":"product","link":"https:\/\/cosyowl.com\/de\/kerzen-dochte\/tcr-dochtserie-rohform","title":{"rendered":"TCR Kerzendocht &#8211; Rohform"},"content":{"rendered":"<p>Dieser Docht wird in 5 Meter L\u00e4ngeneinheiten geliefert.<\/p>\n<p>Cosy Owl liefert TCR-Docht, ein qualitativ hochwertiger Docht geeignet f\u00fcr pflanzliche Wachse und Sojawachs sowohl mit als auch ohne Farb- und\/oder Duftstoffe. Der Docht wird als Rohmaterial geliefert, d. h. er ist im Gegensatz zu anderen Dochtarten nicht mit Wachs beschichtet. Dieser TCR-Docht ist kernlos und besitzt eingeflochtene Papierstrukturf\u00e4den, die f\u00fcr ein hohes Ma\u00df an Festigkeit und Selbstregulierung sorgen und die Bildung von Butzen, Qualm und Ru\u00df vermindern.<\/p>\n<p>F\u00fcr die ben\u00f6tigte Dochtgr\u00f6\u00dfe Sehen Sie auf der Registrierkarte TECHNISCHE DATEN nach. Die Dochtgr\u00f6\u00dfe kann aus dem obigen Drop-down-Men\u00fc ausgew\u00e4hlt werden.<\/p>\n","protected":false},"excerpt":{"rendered":"<p>Dieser Docht wird in 5 Meter L\u00e4ngeneinheiten geliefert. Cosy Owl liefert TCR-Docht, ein qualitativ hochwertiger Docht geeignet f\u00fcr pflanzliche Wachse und Sojawachs sowohl mit als auch ohne Farb- und\/oder Duftstoffe. Der Docht wird als Rohmaterial geliefert, d. h. er ist im Gegensatz zu anderen Dochtarten nicht mit Wachs beschichtet. Dieser TCR-Docht ist kernlos und besitzt [&hellip;]<\/p>\n","protected":false},"featured_media":8239,"comment_status":"open","ping_status":"closed","template":"","meta":{"_acf_changed":false},"product_brand":[],"product_cat":[94],"product_tag":[],"class_list":{"0":"post-8228","1":"product","2":"type-product","3":"status-publish","4":"has-post-thumbnail","6":"product_cat-kerzendochte","8":"first","9":"instock","10":"taxable","11":"shipping-taxable","12":"purchasable","13":"product-type-variable"},"acf":[],"_links":{"self":[{"href":"https:\/\/cosyowl.com\/de\/wp-json\/wp\/v2\/product\/8228","targetHints":{"allow":["GET"]}}],"collection":[{"href":"https:\/\/cosyowl.com\/de\/wp-json\/wp\/v2\/product"}],"about":[{"href":"https:\/\/cosyowl.com\/de\/wp-json\/wp\/v2\/types\/product"}],"replies":[{"embeddable":true,"href":"https:\/\/cosyowl.com\/de\/wp-json\/wp\/v2\/comments?post=8228"}],"wp:featuredmedia":[{"embeddable":true,"href":"https:\/\/cosyowl.com\/de\/wp-json\/wp\/v2\/media\/8239"}],"wp:attachment":[{"href":"https:\/\/cosyowl.com\/de\/wp-json\/wp\/v2\/media?parent=8228"}],"wp:term":[{"taxonomy":"product_brand","embeddable":true,"href":"https:\/\/cosyowl.com\/de\/wp-json\/wp\/v2\/product_brand?post=8228"},{"taxonomy":"product_cat","embeddable":true,"href":"https:\/\/cosyowl.com\/de\/wp-json\/wp\/v2\/product_cat?post=8228"},{"taxonomy":"product_tag","embeddable":true,"href":"https:\/\/cosyowl.com\/de\/wp-json\/wp\/v2\/product_tag?post=8228"}],"curies":[{"name":"wp","href":"https:\/\/api.w.org\/{rel}","templated":true}]}}